{"id":1642,"date":"2020-01-15T09:58:07","date_gmt":"2020-01-15T09:58:07","guid":{"rendered":"https:\/\/brandlume.dev\/citac.ca\/?page_id=1642"},"modified":"2020-02-27T08:54:43","modified_gmt":"2020-02-27T08:54:43","slug":"terms-of-service","status":"publish","type":"page","link":"https:\/\/citac-accfc.org\/fr\/terms-of-service\/","title":{"rendered":"Conditions d&#039;utilisation"},"content":{"rendered":"<div data-elementor-type=\"wp-page\" data-elementor-id=\"1642\" class=\"elementor elementor-1642\" data-elementor-settings=\"[]\">\n\t\t\t\t\t\t<div class=\"elementor-inner\">\n\t\t\t\t\t\t\t<div class=\"elementor-section-wrap\">\n\t\t\t\t\t\t\t<section class=\"elementor-section elementor-top-section elementor-element elementor-element-77de25b4 elementor-section-boxed elementor-section-gap-beside-yes elementor-section-height-default elementor-section-height-default elementor-section-column-vertical-align-stretch\" data-id=\"77de25b4\" data-element_type=\"section\">\n\t\t\t\t\t\t<div class=\"elementor-container elementor-column-gap-extended\">\n\t\t\t\t\t\t\t<div class=\"elementor-row\">\n\t\t\t\t\t<div class=\"elementor-column elementor-col-100 elementor-top-column elementor-element elementor-element-1b10998\" data-id=\"1b10998\" data-element_type=\"column\">\n\t\t\t<div class=\"elementor-column-wrap elementor-element-populated\">\n\t\t\t\t\t\t\t<div class=\"elementor-widget-wrap\">\n\t\t\t\t\t\t<div class=\"elementor-element elementor-element-bad8be6 elementor-widget elementor-widget-image\" data-id=\"bad8be6\" data-element_type=\"widget\" data-widget_type=\"image.default\">\n\t\t\t\t<div class=\"elementor-widget-container\">\n\t\t\t\t\t\t\t\t<div class=\"elementor-image\">\n\t\t\t\t\t\t\t\t\t\t\t\t<img decoding=\"async\" src=\"https:\/\/citac-accfc.org\/wp-content\/uploads\/elementor\/thumbs\/stock-full-hd-10-p1wy7udddhk7wo2yeafyws4jfkjiw92ttdo6d0djcw.jpg\" title=\"stock-full-hd-10\" alt=\"stock-full-hd-10\" \/>\t\t\t\t\t\t\t\t\t\t\t\t\t\t<\/div>\n\t\t\t\t\t\t<\/div>\n\t\t\t\t<\/div>\n\t\t\t\t<div class=\"elementor-element elementor-element-4b8b397 elementor-widget elementor-widget-text-editor\" data-id=\"4b8b397\" data-element_type=\"widget\" data-widget_type=\"text-editor.default\">\n\t\t\t\t<div class=\"elementor-widget-container\">\n\t\t\t\t\t\t\t\t<div class=\"elementor-text-editor elementor-clearfix\">\n\t\t\t\t\t<h3>Notre site web<\/h3><p>Notre site web est accessible \u00e0 l&#039;adresse suivante : http:\/\/maxcoach.com<\/p><h3>D\u00e9finitions des termes de base, des droits et des restrictions\u00a0:<\/h3><h4>termes de base<\/h4><p>Les pr\u00e9sentes Conditions d&#039;utilisation du centre de formation en ligne MaxCoach constituent un contrat contraignant entre vous (\u00ab\u00a0Membre\u00a0\u00bb, \u00ab\u00a0Client\u00a0\u00bb ou \u00ab\u00a0Vous\u00a0\u00bb) et la soci\u00e9t\u00e9 ThemeMove, une soci\u00e9t\u00e9 enregistr\u00e9e en Californie, aux \u00c9tats-Unis (\u00ab\u00a0Soci\u00e9t\u00e9\u00a0\u00bb), concernant les conditions dans lesquelles la Soci\u00e9t\u00e9 vous fournira l&#039;acc\u00e8s aux cours en ligne (ou \u00e0 des parties de ceux-ci) que vous avez achet\u00e9s.<\/p><h4>Droits et restrictions<\/h4><ol><li>Les membres doivent \u00eatre \u00e2g\u00e9s d&#039;au moins 18 ans.<\/li><li>Les membres b\u00e9n\u00e9ficient d&#039;un droit d&#039;acc\u00e8s limit\u00e9 dans le temps, non exclusif, r\u00e9vocable, non transf\u00e9rable et non sous-licenciable \u00e0 la partie du cours en ligne correspondant \u00e0 leur achat.<\/li><li>La partie du cours en ligne correspondant \u00e0 l&#039;achat sera accessible au Membre tant que le cours sera maintenu par la Soci\u00e9t\u00e9, soit pendant une p\u00e9riode minimale d&#039;un an apr\u00e8s l&#039;achat par le Membre.<\/li><li>Les vid\u00e9os du cours sont fournies en flux vid\u00e9o et ne sont pas t\u00e9l\u00e9chargeables.<\/li><li>En acceptant d&#039;accorder un tel acc\u00e8s, la Soci\u00e9t\u00e9 ne s&#039;engage pas \u00e0 maintenir le cap, ni \u00e0 le maintenir sous sa forme actuelle.\u00a0<\/li><\/ol>\t\t\t\t\t<\/div>\n\t\t\t\t\t\t<\/div>\n\t\t\t\t<\/div>\n\t\t\t\t\t\t<\/div>\n\t\t\t\t\t<\/div>\n\t\t<\/div>\n\t\t\t\t\t\t\t\t<\/div>\n\t\t\t\t\t<\/div>\n\t\t<\/section>\n\t\t\t\t\t\t<\/div>\n\t\t\t\t\t\t<\/div>\n\t\t\t\t\t<\/div>","protected":false},"excerpt":{"rendered":"<p>Our website Our website address is: http:\/\/maxcoach.com Definitions of basic terms, rights and restriction: Basic terms These Terms of Service for MaxCoach Online Course Educational Center constitute a binding contract between you (\u201cMember\u201d or \u201cCustomer\u201d or \u201cYou\u201d) and ThemeMove company, a corporation registered in California, USA (\u201cCompany\u201d), regarding the terms under which the Company will provide You with access to online courses (or parts thereof) purchased by You. Rights &amp; restrictions Members must be at least 18 years of age. Members are granted a time-limited, non-exclusive, revocable, nontransferable, and non-sublicenseable right to access that portion of the online course corresponding to the purchase. The portion of the online course corresponding to the purchase will be available to the Member as long as the course is maintained by the Company, which will be a minimum of one year after Member\u2019s\u00a0purchase. The videos in the course are provided as a video stream and are not downloadable. By agreeing to grant such access, the Company does not obligate itself to maintain the course, or to maintain it in its present form.\u00a0<\/p>","protected":false},"author":468,"featured_media":0,"parent":0,"menu_order":0,"comment_status":"closed","ping_status":"open","template":"","meta":{"footnotes":""},"class_list":["post-1642","page","type-page","status-publish","hentry","post-no-thumbnail"],"_links":{"self":[{"href":"https:\/\/citac-accfc.org\/fr\/wp-json\/wp\/v2\/pages\/1642","targetHints":{"allow":["GET"]}}],"collection":[{"href":"https:\/\/citac-accfc.org\/fr\/wp-json\/wp\/v2\/pages"}],"about":[{"href":"https:\/\/citac-accfc.org\/fr\/wp-json\/wp\/v2\/types\/page"}],"author":[{"embeddable":true,"href":"https:\/\/citac-accfc.org\/fr\/wp-json\/wp\/v2\/users\/468"}],"replies":[{"embeddable":true,"href":"https:\/\/citac-accfc.org\/fr\/wp-json\/wp\/v2\/comments?post=1642"}],"version-history":[{"count":0,"href":"https:\/\/citac-accfc.org\/fr\/wp-json\/wp\/v2\/pages\/1642\/revisions"}],"wp:attachment":[{"href":"https:\/\/citac-accfc.org\/fr\/wp-json\/wp\/v2\/media?parent=1642"}],"curies":[{"name":"wp","href":"https:\/\/api.w.org\/{rel}","templated":true}]}}