{"id":411,"date":"2019-12-02T02:42:13","date_gmt":"2019-12-02T02:42:13","guid":{"rendered":"https:\/\/brandlume.dev\/citac.ca\/?page_id=411"},"modified":"2021-06-02T18:18:18","modified_gmt":"2021-06-02T18:18:18","slug":"about-us","status":"publish","type":"page","link":"https:\/\/citac-accfc.org\/fr\/about-us\/","title":{"rendered":"\u00c0 propos de nous"},"content":{"rendered":"<div data-elementor-type=\"wp-page\" data-elementor-id=\"411\" class=\"elementor elementor-411\" data-elementor-settings=\"[]\">\n\t\t\t\t\t\t<div class=\"elementor-inner\">\n\t\t\t\t\t\t\t<div class=\"elementor-section-wrap\">\n\t\t\t\t\t\t\t<section class=\"elementor-section elementor-top-section elementor-element elementor-element-58da775 elementor-section-boxed elementor-section-gap-beside-yes elementor-section-height-default elementor-section-height-default elementor-section-column-vertical-align-stretch\" data-id=\"58da775\" data-element_type=\"section\">\n\t\t\t\t\t\t<div class=\"elementor-container elementor-column-gap-extended\">\n\t\t\t\t\t\t\t<div class=\"elementor-row\">\n\t\t\t\t\t<div class=\"elementor-column elementor-col-50 elementor-top-column elementor-element elementor-element-b61e46d\" data-id=\"b61e46d\" data-element_type=\"column\">\n\t\t\t<div class=\"elementor-column-wrap elementor-element-populated\">\n\t\t\t\t\t\t\t<div class=\"elementor-widget-wrap\">\n\t\t\t\t\t\t<div class=\"elementor-element elementor-element-4f91af4 elementor-widget elementor-widget-tm-heading\" data-id=\"4f91af4\" data-element_type=\"widget\" data-widget_type=\"tm-heading.default\">\n\t\t\t\t<div class=\"elementor-widget-container\">\n\t\t\t\t\t<div class=\"tm-modern-heading\">\n\t\t\t\n\t\t\t\t\t<div class=\"heading-primary-wrap\">\n\t\t\t<h2 class=\"heading-primary elementor-heading-title\">\u00c0 propos de nous<\/h2>\t\t<\/div>\n\t\t\n\t\t\t\n\t\t\t\t\t<div class=\"heading-description-wrap\">\n\t\t\t<div class=\"heading-description\">\n\t\t\t\t<div id=\"i4c-draggable-container\" style=\"position: fixed;z-index: 1499;width: 0px;height: 0px\"><div class=\"resolved\" data-reactroot=\"\">\u00a0<\/div><\/div><p><span class=\"EOP SCXW200096189 BCX0\" data-ccp-props=\"{\">L&#039;Association des cliniciens-chercheurs stagiaires du Canada (CITAC) est un organisme sans but lucratif enregistr\u00e9 dirig\u00e9 par des stagiaires.<\/span><\/p><div id=\"i4c-dialogs-container\">\u00a0<\/div>\t\t\t<\/div>\n\t\t<\/div>\n\t\t\t<\/div>\n\t\t\t\t<\/div>\n\t\t\t\t<\/div>\n\t\t\t\t\t\t<\/div>\n\t\t\t\t\t<\/div>\n\t\t<\/div>\n\t\t\t\t<div class=\"elementor-column elementor-col-50 elementor-top-column elementor-element elementor-element-efb2a00\" data-id=\"efb2a00\" data-element_type=\"column\">\n\t\t\t<div class=\"elementor-column-wrap\">\n\t\t\t\t\t\t\t<div class=\"elementor-widget-wrap\">\n\t\t\t\t\t\t\t\t<\/div>\n\t\t\t\t\t<\/div>\n\t\t<\/div>\n\t\t\t\t\t\t\t\t<\/div>\n\t\t\t\t\t<\/div>\n\t\t<\/section>\n\t\t\t\t<section class=\"elementor-section elementor-top-section elementor-element elementor-element-61e9465 elementor-section-boxed elementor-section-gap-beside-yes elementor-section-height-default elementor-section-height-default elementor-section-column-vertical-align-stretch\" data-id=\"61e9465\" data-element_type=\"section\">\n\t\t\t\t\t\t<div class=\"elementor-container elementor-column-gap-extended\">\n\t\t\t\t\t\t\t<div class=\"elementor-row\">\n\t\t\t\t\t<div class=\"elementor-column elementor-col-50 elementor-top-column elementor-element elementor-element-5684e6b\" data-id=\"5684e6b\" data-element_type=\"column\">\n\t\t\t<div class=\"elementor-column-wrap elementor-element-populated\">\n\t\t\t\t\t\t\t<div class=\"elementor-widget-wrap\">\n\t\t\t\t\t\t<div class=\"elementor-element elementor-element-bc67a04 elementor-widget elementor-widget-text-editor\" data-id=\"bc67a04\" data-element_type=\"widget\" data-widget_type=\"text-editor.default\">\n\t\t\t\t<div class=\"elementor-widget-container\">\n\t\t\t\t\t\t\t\t<div class=\"elementor-text-editor elementor-clearfix\">\n\t\t\t\t\t<h1 style=\"text-align: left; font-size: 50px;\">Mission<\/h1><p style=\"text-align: left; font-size: 18px; font-weight: 500; line-height: 1.6em;\">Le CITAC est une voix nationale pour les cliniciens-chercheurs stagiaires du Canada. Nous \u00e9tablissons des liens avec nos membres stagiaires, les soutenons et les d\u00e9fendons dans la poursuite de leurs objectifs professionnels en recherche et en m\u00e9decine.<\/p>\t\t\t\t\t<\/div>\n\t\t\t\t\t\t<\/div>\n\t\t\t\t<\/div>\n\t\t\t\t\t\t<\/div>\n\t\t\t\t\t<\/div>\n\t\t<\/div>\n\t\t\t\t<div class=\"elementor-column elementor-col-50 elementor-top-column elementor-element elementor-element-c97ec1f\" data-id=\"c97ec1f\" data-element_type=\"column\">\n\t\t\t<div class=\"elementor-column-wrap\">\n\t\t\t\t\t\t\t<div class=\"elementor-widget-wrap\">\n\t\t\t\t\t\t\t\t<\/div>\n\t\t\t\t\t<\/div>\n\t\t<\/div>\n\t\t\t\t\t\t\t\t<\/div>\n\t\t\t\t\t<\/div>\n\t\t<\/section>\n\t\t\t\t<section class=\"elementor-section elementor-top-section elementor-element elementor-element-62a7dbe elementor-section-boxed elementor-section-gap-beside-yes elementor-section-height-default elementor-section-height-default elementor-section-column-vertical-align-stretch\" data-id=\"62a7dbe\" data-element_type=\"section\">\n\t\t\t\t\t\t<div class=\"elementor-container elementor-column-gap-extended\">\n\t\t\t\t\t\t\t<div class=\"elementor-row\">\n\t\t\t\t\t<div class=\"elementor-column elementor-col-50 elementor-top-column elementor-element elementor-element-6709184\" data-id=\"6709184\" data-element_type=\"column\">\n\t\t\t<div class=\"elementor-column-wrap elementor-element-populated\">\n\t\t\t\t\t\t\t<div class=\"elementor-widget-wrap\">\n\t\t\t\t\t\t<div class=\"elementor-element elementor-element-1ca286c elementor-widget elementor-widget-text-editor\" data-id=\"1ca286c\" data-element_type=\"widget\" data-widget_type=\"text-editor.default\">\n\t\t\t\t<div class=\"elementor-widget-container\">\n\t\t\t\t\t\t\t\t<div class=\"elementor-text-editor elementor-clearfix\">\n\t\t\t\t\t<h1 style=\"text-align: left; font-size: 50px;\">Vision<\/h1><p style=\"text-align: left; font-size: 18px; font-weight: 500; line-height: 1.6em;\">Soutenir les stagiaires cliniciens-chercheurs canadiens, actuels et futurs, et aider tous les membres \u00e0 r\u00e9aliser leur plein potentiel pour int\u00e9grer les deux mondes de la pratique clinique et de la recherche en sant\u00e9.<\/p><h1 style=\"text-align: left; font-size: 50px;\">\u00a0<\/h1>\t\t\t\t\t<\/div>\n\t\t\t\t\t\t<\/div>\n\t\t\t\t<\/div>\n\t\t\t\t\t\t<\/div>\n\t\t\t\t\t<\/div>\n\t\t<\/div>\n\t\t\t\t<div class=\"elementor-column elementor-col-50 elementor-top-column elementor-element elementor-element-7908e2f\" data-id=\"7908e2f\" data-element_type=\"column\">\n\t\t\t<div class=\"elementor-column-wrap\">\n\t\t\t\t\t\t\t<div class=\"elementor-widget-wrap\">\n\t\t\t\t\t\t\t\t<\/div>\n\t\t\t\t\t<\/div>\n\t\t<\/div>\n\t\t\t\t\t\t\t\t<\/div>\n\t\t\t\t\t<\/div>\n\t\t<\/section>\n\t\t\t\t<section class=\"elementor-section elementor-top-section elementor-element elementor-element-5cf2579 elementor-section-boxed elementor-section-gap-beside-yes elementor-section-height-default elementor-section-height-default elementor-section-column-vertical-align-stretch\" data-id=\"5cf2579\" data-element_type=\"section\">\n\t\t\t\t\t\t<div class=\"elementor-container elementor-column-gap-extended\">\n\t\t\t\t\t\t\t<div class=\"elementor-row\">\n\t\t\t\t\t<div class=\"elementor-column elementor-col-50 elementor-top-column elementor-element elementor-element-1cf583a\" data-id=\"1cf583a\" data-element_type=\"column\">\n\t\t\t<div class=\"elementor-column-wrap elementor-element-populated\">\n\t\t\t\t\t\t\t<div class=\"elementor-widget-wrap\">\n\t\t\t\t\t\t<div class=\"elementor-element elementor-element-234e201 elementor-widget elementor-widget-text-editor\" data-id=\"234e201\" data-element_type=\"widget\" data-widget_type=\"text-editor.default\">\n\t\t\t\t<div class=\"elementor-widget-container\">\n\t\t\t\t\t\t\t\t<div class=\"elementor-text-editor elementor-clearfix\">\n\t\t\t\t\t<h1 style=\"text-align: left; font-size: 50px;\">Histoire<\/h1><p style=\"text-align: left; font-size: 18px; font-weight: 500; line-height: 1.6em;\">L&#039;id\u00e9e initiale de lancer le CITAC a \u00e9merg\u00e9 en avril 2006, lors de la r\u00e9union annuelle Charles Scriver des boursiers Walter et Jessie Boyd et Charles Scriver, titulaires d&#039;une bourse de doctorat en m\u00e9decine. Les \u00e9tudiants pr\u00e9sents ont identifi\u00e9 le besoin d&#039;une association capable de r\u00e9pondre aux enjeux communs aux stagiaires cliniciens-chercheurs du Canada.<br \/>\u00c0 l\u2019automne 2006, avec le soutien officiel de l\u2019Institut de g\u00e9n\u00e9tique des IRSC, environ 40 stagiaires de programmes de formation de cliniciens-chercheurs de partout au pays se sont r\u00e9unis pour discuter de la voie \u00e0 suivre.<\/p><p style=\"text-align: left; font-size: 18px; font-weight: 500; line-height: 1.6em;\">En collaboration avec des conseillers principaux, les stagiaires ont \u00e9labor\u00e9 des plans pour une organisation nationale, d\u00e9crivant le mod\u00e8le organisationnel, le mandat, les plans d\u2019\u00e9lections et les strat\u00e9gies de communication.<\/p><p style=\"text-align: left; font-size: 18px; font-weight: 500; line-height: 1.6em;\"><br \/>Un comit\u00e9 de planification int\u00e9rimaire, compos\u00e9 de repr\u00e9sentants de chaque centre de formation au Canada, a \u00e9t\u00e9 cr\u00e9\u00e9 pour d\u00e9velopper davantage l&#039;Association et coordonner les plans d&#039;une r\u00e9union nationale inaugurale en septembre 2007. Depuis lors, le nombre de membres du CITAC n&#039;a cess\u00e9 de cro\u00eetre, tout comme les services, les ressources et le soutien fournis aux stagiaires.<\/p>\t\t\t\t\t<\/div>\n\t\t\t\t\t\t<\/div>\n\t\t\t\t<\/div>\n\t\t\t\t\t\t<\/div>\n\t\t\t\t\t<\/div>\n\t\t<\/div>\n\t\t\t\t<div class=\"elementor-column elementor-col-50 elementor-top-column elementor-element elementor-element-758b6c6\" data-id=\"758b6c6\" data-element_type=\"column\">\n\t\t\t<div class=\"elementor-column-wrap\">\n\t\t\t\t\t\t\t<div class=\"elementor-widget-wrap\">\n\t\t\t\t\t\t\t\t<\/div>\n\t\t\t\t\t<\/div>\n\t\t<\/div>\n\t\t\t\t\t\t\t\t<\/div>\n\t\t\t\t\t<\/div>\n\t\t<\/section>\n\t\t\t\t<section class=\"elementor-section elementor-top-section elementor-element elementor-element-60b05c7 elementor-section-boxed elementor-section-gap-beside-yes elementor-section-height-default elementor-section-height-default elementor-section-column-vertical-align-stretch\" data-id=\"60b05c7\" data-element_type=\"section\">\n\t\t\t\t\t\t<div class=\"elementor-container elementor-column-gap-extended\">\n\t\t\t\t\t\t\t<div class=\"elementor-row\">\n\t\t\t\t\t<div class=\"elementor-column elementor-col-50 elementor-top-column elementor-element elementor-element-2ce8867\" data-id=\"2ce8867\" data-element_type=\"column\">\n\t\t\t<div class=\"elementor-column-wrap elementor-element-populated\">\n\t\t\t\t\t\t\t<div class=\"elementor-widget-wrap\">\n\t\t\t\t\t\t<div class=\"elementor-element elementor-element-4bd7a85 elementor-widget elementor-widget-text-editor\" data-id=\"4bd7a85\" data-element_type=\"widget\" data-widget_type=\"text-editor.default\">\n\t\t\t\t<div class=\"elementor-widget-container\">\n\t\t\t\t\t\t\t\t<div class=\"elementor-text-editor elementor-clearfix\">\n\t\t\t\t\t<h1 style=\"text-align: left; font-size: 50px;\">Structure<\/h1><p style=\"text-align: left; font-size: 18px; font-weight: 500; line-height: 1.6em;\">Le CITAC est compos\u00e9 d&#039;un conseil d&#039;administration, qui constitue \u00e9galement le comit\u00e9 ex\u00e9cutif. Les membres du conseil sont \u00e9lus lors de notre assembl\u00e9e g\u00e9n\u00e9rale annuelle, conform\u00e9ment \u00e0 nos statuts. De plus, des postes de pr\u00e9sident sont ouverts \u00e0 tous les membres sur candidature apr\u00e8s les \u00e9lections du CITAC.<\/p>\t\t\t\t\t<\/div>\n\t\t\t\t\t\t<\/div>\n\t\t\t\t<\/div>\n\t\t\t\t\t\t<\/div>\n\t\t\t\t\t<\/div>\n\t\t<\/div>\n\t\t\t\t<div class=\"elementor-column elementor-col-50 elementor-top-column elementor-element elementor-element-02a3aa9\" data-id=\"02a3aa9\" data-element_type=\"column\">\n\t\t\t<div class=\"elementor-column-wrap elementor-element-populated\">\n\t\t\t\t\t\t\t<div class=\"elementor-widget-wrap\">\n\t\t\t\t\t\t<div class=\"elementor-element elementor-element-3e8441b elementor-widget elementor-widget-image\" data-id=\"3e8441b\" data-element_type=\"widget\" data-widget_type=\"image.default\">\n\t\t\t\t<div class=\"elementor-widget-container\">\n\t\t\t\t\t\t\t\t<div class=\"elementor-image\">\n\t\t\t\t\t\t\t\t\t\t\t\t<img loading=\"lazy\" decoding=\"async\" width=\"300\" height=\"216\" src=\"https:\/\/citac-accfc.org\/wp-content\/uploads\/2021\/04\/CITAC-Board-Structure-300x216.jpg\" class=\"attachment-medium size-medium\" alt=\"\" srcset=\"https:\/\/citac-accfc.org\/wp-content\/uploads\/2021\/04\/CITAC-Board-Structure-300x216.jpg 300w, https:\/\/citac-accfc.org\/wp-content\/uploads\/2021\/04\/CITAC-Board-Structure-1024x736.jpg 1024w, https:\/\/citac-accfc.org\/wp-content\/uploads\/2021\/04\/CITAC-Board-Structure-768x552.jpg 768w, https:\/\/citac-accfc.org\/wp-content\/uploads\/2021\/04\/CITAC-Board-Structure-1536x1105.jpg 1536w, https:\/\/citac-accfc.org\/wp-content\/uploads\/2021\/04\/CITAC-Board-Structure-2048x1473.jpg 2048w, https:\/\/citac-accfc.org\/wp-content\/uploads\/2021\/04\/CITAC-Board-Structure-600x432.jpg 600w\" sizes=\"auto, (max-width: 300px) 100vw, 300px\" \/>\t\t\t\t\t\t\t\t\t\t\t\t\t\t<\/div>\n\t\t\t\t\t\t<\/div>\n\t\t\t\t<\/div>\n\t\t\t\t\t\t<\/div>\n\t\t\t\t\t<\/div>\n\t\t<\/div>\n\t\t\t\t\t\t\t\t<\/div>\n\t\t\t\t\t<\/div>\n\t\t<\/section>\n\t\t\t\t\t\t<\/div>\n\t\t\t\t\t\t<\/div>\n\t\t\t\t\t<\/div>","protected":false},"excerpt":{"rendered":"<p>About us \u00a0 The Clinician Investigator Trainees Association of Canada (CITAC) is a registered Not-for-profit organization taht is led by trainees. \u00a0 Mission CITAC provides a national voice for clinician-investigator trainees in Canada. We connect, support, and advocate for our trainee membership as they pursue their vocational goals in research and medicine. Vision Champion Canadian clinician-scientist trainees, both current and aspiring, and help all members realize their full potential to integrate the two worlds of clinical practice and health research. \u00a0 History The initial idea to launch the CITAC emerged in April 2006, at an Annual Charles Scriver Meeting of Walter and Jessie Boyd &amp; Charles Scriver &#8211; MD\/PhD Studentship awardees. Attending students identified a need for an association that could address issues common to clinician-investigator trainees across Canada.In the fall of 2006, with formal support from the CIHR Institute of Genetics, approximately 40 trainees from clinician-investigator training programs across the country came together to discuss a path forward. In concert with key senior advisors, trainees developed plans for a national organization, outlining the organizational model, mandate, elections plans, and communication strategies. An interim planning committee, consisting of representatives from each training centre in Canada, was struck to further develop the Association and coordinate plans for an inaugural national meeting in September 2007. Since then, CITAC\u2019s membership has consistently grown, along with the services, resources, and supports provided to trainees. Structure CITAC is composed of a core Board of Directors, which also serve as the CITAC Executive. Board members are elected at our annual general meeting in accordance with our Bylaws. In addition, appointed Chair positions are made available by application to all members following CITAC elections.<\/p>","protected":false},"author":468,"featured_media":0,"parent":0,"menu_order":0,"comment_status":"closed","ping_status":"closed","template":"","meta":{"footnotes":""},"class_list":["post-411","page","type-page","status-publish","hentry","post-no-thumbnail"],"_links":{"self":[{"href":"https:\/\/citac-accfc.org\/fr\/wp-json\/wp\/v2\/pages\/411","targetHints":{"allow":["GET"]}}],"collection":[{"href":"https:\/\/citac-accfc.org\/fr\/wp-json\/wp\/v2\/pages"}],"about":[{"href":"https:\/\/citac-accfc.org\/fr\/wp-json\/wp\/v2\/types\/page"}],"author":[{"embeddable":true,"href":"https:\/\/citac-accfc.org\/fr\/wp-json\/wp\/v2\/users\/468"}],"replies":[{"embeddable":true,"href":"https:\/\/citac-accfc.org\/fr\/wp-json\/wp\/v2\/comments?post=411"}],"version-history":[{"count":205,"href":"https:\/\/citac-accfc.org\/fr\/wp-json\/wp\/v2\/pages\/411\/revisions"}],"predecessor-version":[{"id":7187,"href":"https:\/\/citac-accfc.org\/fr\/wp-json\/wp\/v2\/pages\/411\/revisions\/7187"}],"wp:attachment":[{"href":"https:\/\/citac-accfc.org\/fr\/wp-json\/wp\/v2\/media?parent=411"}],"curies":[{"name":"wp","href":"https:\/\/api.w.org\/{rel}","templated":true}]}}