{"id":5516,"date":"2021-04-05T02:43:33","date_gmt":"2021-04-05T02:43:33","guid":{"rendered":"https:\/\/brandlume.dev\/citac.ca\/?page_id=5516"},"modified":"2021-05-13T18:05:43","modified_gmt":"2021-05-13T18:05:43","slug":"representatives-roundtable","status":"publish","type":"page","link":"https:\/\/citac-accfc.org\/fr\/representatives-roundtable\/","title":{"rendered":"Table ronde des repr\u00e9sentants"},"content":{"rendered":"<div data-elementor-type=\"wp-page\" data-elementor-id=\"5516\" class=\"elementor elementor-5516\" data-elementor-settings=\"[]\">\n\t\t\t\t\t\t<div class=\"elementor-inner\">\n\t\t\t\t\t\t\t<div class=\"elementor-section-wrap\">\n\t\t\t\t\t\t\t<section class=\"elementor-section elementor-top-section elementor-element elementor-element-a469f64 elementor-section-boxed elementor-section-gap-beside-yes elementor-section-height-default elementor-section-height-default elementor-section-column-vertical-align-stretch\" data-id=\"a469f64\" data-element_type=\"section\">\n\t\t\t\t\t\t<div class=\"elementor-container elementor-column-gap-extended\">\n\t\t\t\t\t\t\t<div class=\"elementor-row\">\n\t\t\t\t\t<div class=\"elementor-column elementor-col-50 elementor-top-column elementor-element elementor-element-31c9001\" data-id=\"31c9001\" data-element_type=\"column\">\n\t\t\t<div class=\"elementor-column-wrap elementor-element-populated\">\n\t\t\t\t\t\t\t<div class=\"elementor-widget-wrap\">\n\t\t\t\t\t\t<div class=\"elementor-element elementor-element-1bfcd62 elementor-widget elementor-widget-tm-heading\" data-id=\"1bfcd62\" data-element_type=\"widget\" data-widget_type=\"tm-heading.default\">\n\t\t\t\t<div class=\"elementor-widget-container\">\n\t\t\t\t\t<div class=\"tm-modern-heading\">\n\t\t\t\n\t\t\t\t\t<div class=\"heading-primary-wrap\">\n\t\t\t<h2 class=\"heading-primary elementor-heading-title\">Table ronde des repr\u00e9sentants\n<\/h2>\t\t<\/div>\n\t\t\n\t\t\t\n\t\t\t\t\t<div class=\"heading-description-wrap\">\n\t\t\t<div class=\"heading-description\">\n\t\t\t\t<p style=\"text-align: left\"><span class=\"TextRun SCXW248177790 BCX0\" lang=\"EN\" xml:lang=\"EN\" data-contrast=\"auto\"><span class=\"NormalTextRun SCXW248177790 BCX0\">Afin de garantir que les actions du CITAC refl\u00e8tent les int\u00e9r\u00eats de nos membres, nous avons r\u00e9uni une table ronde compos\u00e9e de repr\u00e9sentants de tous les \u00e9tablissements canadiens de formation MD+ et d&#039;organismes partenaires concern\u00e9s. Cette table ronde se r\u00e9unit r\u00e9guli\u00e8rement pour informer nos membres.<\/span><\/span><span class=\"TextRun SCXW248177790 BCX0\" lang=\"EN\" xml:lang=\"EN\" data-contrast=\"auto\"><span class=\"NormalTextRun SCXW248177790 BCX0\">Initiatives CITAC en cours et \u00e0 venir. Si vous souhaitez participer \u00e0 cette conversation et repr\u00e9senter votre programme\/organisation, veuillez contacter\u00a0<\/span><\/span><span style=\"color: #c21717\"><a class=\"Hyperlink SCXW248177790 BCX0\" style=\"color: #c21717\" href=\"mailto:operations@citac.org\" target=\"_blank\" rel=\"noreferrer noopener\"><span class=\"TextRun Underlined SCXW248177790 BCX0\" lang=\"EN\" xml:lang=\"EN\" data-contrast=\"none\"><span class=\"NormalTextRun SCXW248177790 BCX0\">op\u00e9rations@citac.org.<\/span><\/span><\/a><\/span><\/p>\n\n<div id=\"i4c-dialogs-container\" style=\"text-align: left\"><\/div>\t\t\t<\/div>\n\t\t<\/div>\n\t\t\t<\/div>\n\t\t\t\t<\/div>\n\t\t\t\t<\/div>\n\t\t\t\t\t\t<\/div>\n\t\t\t\t\t<\/div>\n\t\t<\/div>\n\t\t\t\t<div class=\"elementor-column elementor-col-50 elementor-top-column elementor-element elementor-element-3066bf4\" data-id=\"3066bf4\" data-element_type=\"column\">\n\t\t\t<div class=\"elementor-column-wrap\">\n\t\t\t\t\t\t\t<div class=\"elementor-widget-wrap\">\n\t\t\t\t\t\t\t\t<\/div>\n\t\t\t\t\t<\/div>\n\t\t<\/div>\n\t\t\t\t\t\t\t\t<\/div>\n\t\t\t\t\t<\/div>\n\t\t<\/section>\n\t\t\t\t\t\t<\/div>\n\t\t\t\t\t\t<\/div>\n\t\t\t\t\t<\/div>","protected":false},"excerpt":{"rendered":"<p>Representatives Roundtable To ensure that CITAC\u2019s actions reflect the interests of our members, we have assembled a roundtable of representatives from all Canadian MD+ training institutions and relevant partner organizations. The Representative Roundtable meets regularly to inform ongoing and future CITAC initiatives. If you would like to participate in this conversation and be the voice of your program\/organization, please contact\u00a0operations@citac.org.<\/p>","protected":false},"author":471,"featured_media":0,"parent":0,"menu_order":0,"comment_status":"closed","ping_status":"closed","template":"","meta":{"footnotes":""},"class_list":["post-5516","page","type-page","status-publish","hentry","post-no-thumbnail"],"_links":{"self":[{"href":"https:\/\/citac-accfc.org\/fr\/wp-json\/wp\/v2\/pages\/5516","targetHints":{"allow":["GET"]}}],"collection":[{"href":"https:\/\/citac-accfc.org\/fr\/wp-json\/wp\/v2\/pages"}],"about":[{"href":"https:\/\/citac-accfc.org\/fr\/wp-json\/wp\/v2\/types\/page"}],"author":[{"embeddable":true,"href":"https:\/\/citac-accfc.org\/fr\/wp-json\/wp\/v2\/users\/471"}],"replies":[{"embeddable":true,"href":"https:\/\/citac-accfc.org\/fr\/wp-json\/wp\/v2\/comments?post=5516"}],"version-history":[{"count":40,"href":"https:\/\/citac-accfc.org\/fr\/wp-json\/wp\/v2\/pages\/5516\/revisions"}],"predecessor-version":[{"id":6668,"href":"https:\/\/citac-accfc.org\/fr\/wp-json\/wp\/v2\/pages\/5516\/revisions\/6668"}],"wp:attachment":[{"href":"https:\/\/citac-accfc.org\/fr\/wp-json\/wp\/v2\/media?parent=5516"}],"curies":[{"name":"wp","href":"https:\/\/api.w.org\/{rel}","templated":true}]}}