{"id":5524,"date":"2021-04-05T02:51:40","date_gmt":"2021-04-05T02:51:40","guid":{"rendered":"https:\/\/brandlume.dev\/citac.ca\/?page_id=5524"},"modified":"2021-05-13T18:49:21","modified_gmt":"2021-05-13T18:49:21","slug":"what-we-do","status":"publish","type":"page","link":"https:\/\/citac-accfc.org\/fr\/what-we-do\/","title":{"rendered":"Ce que nous faisons"},"content":{"rendered":"<div data-elementor-type=\"wp-page\" data-elementor-id=\"5524\" class=\"elementor elementor-5524\" data-elementor-settings=\"[]\">\n\t\t\t\t\t\t<div class=\"elementor-inner\">\n\t\t\t\t\t\t\t<div class=\"elementor-section-wrap\">\n\t\t\t\t\t\t\t<section class=\"elementor-section elementor-top-section elementor-element elementor-element-b92c838 elementor-section-boxed elementor-section-gap-beside-yes elementor-section-height-default elementor-section-height-default elementor-section-column-vertical-align-stretch\" data-id=\"b92c838\" data-element_type=\"section\">\n\t\t\t\t\t\t<div class=\"elementor-container elementor-column-gap-extended\">\n\t\t\t\t\t\t\t<div class=\"elementor-row\">\n\t\t\t\t\t<div class=\"elementor-column elementor-col-50 elementor-top-column elementor-element elementor-element-7479540\" data-id=\"7479540\" data-element_type=\"column\">\n\t\t\t<div class=\"elementor-column-wrap elementor-element-populated\">\n\t\t\t\t\t\t\t<div class=\"elementor-widget-wrap\">\n\t\t\t\t\t\t<div class=\"elementor-element elementor-element-0e1de00 elementor-widget elementor-widget-tm-heading\" data-id=\"0e1de00\" data-element_type=\"widget\" data-widget_type=\"tm-heading.default\">\n\t\t\t\t<div class=\"elementor-widget-container\">\n\t\t\t\t\t<div class=\"tm-modern-heading\">\n\t\t\t\n\t\t\t\t\t<div class=\"heading-primary-wrap\">\n\t\t\t<h2 class=\"heading-primary elementor-heading-title\">Ce que nous faisons<\/h2>\t\t<\/div>\n\t\t\n\t\t\t\n\t\t\t\t\t<div class=\"heading-description-wrap\">\n\t\t\t<div class=\"heading-description\">\n\t\t\t\t<div id=\"i4c-draggable-container\" style=\"position: fixed;z-index: 1499;width: 0px;height: 0px\"><div class=\"resolved\" data-reactroot=\"\">\u00a0<\/div><\/div><p><span class=\"TextRun SCXW200096189 BCX0\" lang=\"EN\" xml:lang=\"EN\" data-contrast=\"auto\"><span class=\"NormalTextRun SCXW200096189 BCX0\">CITAC connecte, soutient et d\u00e9fend nos adh\u00e9sions stagiaires alors qu&#039;ils poursuivent leurs objectifs de vacances en recherche et en m\u00e9decine.<\/span><\/span><\/p><p><span style=\"letter-spacing: 0px\">Vous avez une suggestion\u00a0? Envoyez-nous votre commentaire \u00e0 <\/span><span style=\"color: #ed2326\"><a style=\"color: #ed2326\" href=\"mailto:operations@citac.org\">operations@citac.org<\/a><\/span><\/p><div id=\"i4c-dialogs-container\">\u00a0<\/div><div id=\"i4c-dialogs-container\">\u00a0<\/div><div id=\"i4c-dialogs-container\">\u00a0<\/div><div id=\"i4c-dialogs-container\">\u00a0<\/div>\t\t\t<\/div>\n\t\t<\/div>\n\t\t\t<\/div>\n\t\t\t\t<\/div>\n\t\t\t\t<\/div>\n\t\t\t\t\t\t<\/div>\n\t\t\t\t\t<\/div>\n\t\t<\/div>\n\t\t\t\t<div class=\"elementor-column elementor-col-50 elementor-top-column elementor-element elementor-element-2d2d8bc\" data-id=\"2d2d8bc\" data-element_type=\"column\">\n\t\t\t<div class=\"elementor-column-wrap\">\n\t\t\t\t\t\t\t<div class=\"elementor-widget-wrap\">\n\t\t\t\t\t\t\t\t<\/div>\n\t\t\t\t\t<\/div>\n\t\t<\/div>\n\t\t\t\t\t\t\t\t<\/div>\n\t\t\t\t\t<\/div>\n\t\t<\/section>\n\t\t\t\t\t\t<\/div>\n\t\t\t\t\t\t<\/div>\n\t\t\t\t\t<\/div>","protected":false},"excerpt":{"rendered":"<p>What we do \u00a0 CITAC connects, supports, and advocates for our trainee memberships as they pursue their vacational goals in research and medicine. Have a suggestion? Please submit your feedback to operations@citac.org \u00a0\u00a0\u00a0\u00a0<\/p>","protected":false},"author":471,"featured_media":0,"parent":0,"menu_order":0,"comment_status":"closed","ping_status":"closed","template":"","meta":{"footnotes":""},"class_list":["post-5524","page","type-page","status-publish","hentry","post-no-thumbnail"],"_links":{"self":[{"href":"https:\/\/citac-accfc.org\/fr\/wp-json\/wp\/v2\/pages\/5524","targetHints":{"allow":["GET"]}}],"collection":[{"href":"https:\/\/citac-accfc.org\/fr\/wp-json\/wp\/v2\/pages"}],"about":[{"href":"https:\/\/citac-accfc.org\/fr\/wp-json\/wp\/v2\/types\/page"}],"author":[{"embeddable":true,"href":"https:\/\/citac-accfc.org\/fr\/wp-json\/wp\/v2\/users\/471"}],"replies":[{"embeddable":true,"href":"https:\/\/citac-accfc.org\/fr\/wp-json\/wp\/v2\/comments?post=5524"}],"version-history":[{"count":60,"href":"https:\/\/citac-accfc.org\/fr\/wp-json\/wp\/v2\/pages\/5524\/revisions"}],"predecessor-version":[{"id":6700,"href":"https:\/\/citac-accfc.org\/fr\/wp-json\/wp\/v2\/pages\/5524\/revisions\/6700"}],"wp:attachment":[{"href":"https:\/\/citac-accfc.org\/fr\/wp-json\/wp\/v2\/media?parent=5524"}],"curies":[{"name":"wp","href":"https:\/\/api.w.org\/{rel}","templated":true}]}}