{"id":5623,"date":"2021-04-05T04:08:35","date_gmt":"2021-04-05T04:08:35","guid":{"rendered":"https:\/\/brandlume.dev\/citac.ca\/?page_id=5623"},"modified":"2021-05-21T17:06:33","modified_gmt":"2021-05-21T17:06:33","slug":"advocacy","status":"publish","type":"page","link":"https:\/\/citac-accfc.org\/fr\/advocacy\/","title":{"rendered":"Plaidoyer"},"content":{"rendered":"<div data-elementor-type=\"wp-page\" data-elementor-id=\"5623\" class=\"elementor elementor-5623\" data-elementor-settings=\"[]\">\n\t\t\t\t\t\t<div class=\"elementor-inner\">\n\t\t\t\t\t\t\t<div class=\"elementor-section-wrap\">\n\t\t\t\t\t\t\t<section class=\"elementor-section elementor-top-section elementor-element elementor-element-ccb024b elementor-section-stretched elementor-section-column-vertical-align-middle elementor-section-boxed elementor-section-gap-beside-yes elementor-section-height-default elementor-section-height-default\" data-id=\"ccb024b\" data-element_type=\"section\" data-settings=\"{&quot;stretch_section&quot;:&quot;section-stretched&quot;}\">\n\t\t\t\t\t\t<div class=\"elementor-container elementor-column-gap-extended\">\n\t\t\t\t\t\t\t<div class=\"elementor-row\">\n\t\t\t\t\t<div class=\"elementor-column elementor-col-50 elementor-top-column elementor-element elementor-element-f2240c7\" data-id=\"f2240c7\" data-element_type=\"column\">\n\t\t\t<div class=\"elementor-column-wrap elementor-element-populated\">\n\t\t\t\t\t\t\t<div class=\"elementor-widget-wrap\">\n\t\t\t\t\t\t<div class=\"elementor-element elementor-element-1618122 elementor-widget elementor-widget-tm-heading\" data-id=\"1618122\" data-element_type=\"widget\" data-widget_type=\"tm-heading.default\">\n\t\t\t\t<div class=\"elementor-widget-container\">\n\t\t\t\t\t<div class=\"tm-modern-heading\">\n\t\t\t\n\t\t\t\t\t<div class=\"heading-primary-wrap\">\n\t\t\t<h2 class=\"heading-primary elementor-heading-title\">Plaidoyer  <\/h2>\t\t<\/div>\n\t\t\n\t\t\t\n\t\t\t\t\t<div class=\"heading-description-wrap\">\n\t\t\t<div class=\"heading-description\">\n\t\t\t\t<p><span class=\"TextRun SCXW7849341 BCX0\" lang=\"EN\" xml:lang=\"EN\" data-contrast=\"auto\"><span class=\"NormalTextRun SCXW7849341 BCX0\">CITAC fournit<\/span><\/span><span class=\"TextRun SCXW7849341 BCX0\" lang=\"EN\" xml:lang=\"EN\" data-contrast=\"auto\"><span class=\"NormalTextRun SCXW7849341 BCX0\">\u00a0Un porte-parole national pour les stagiaires cliniciens-chercheurs au Canada. Nous mobilisons de nombreux intervenants partout au pays pour faire avancer le d\u00e9bat sur les priorit\u00e9s des stagiaires.\u00a0<\/span><\/span><span class=\"EOP SCXW7849341 BCX0\" data-ccp-props=\"{&quot;201341983&quot;:0,&quot;335559740&quot;:276}\">\u00a0<\/span><\/p>\t\t\t<\/div>\n\t\t<\/div>\n\t\t\t<\/div>\n\t\t\t\t<\/div>\n\t\t\t\t<\/div>\n\t\t\t\t\t\t<\/div>\n\t\t\t\t\t<\/div>\n\t\t<\/div>\n\t\t\t\t<div class=\"elementor-column elementor-col-50 elementor-top-column elementor-element elementor-element-c4b7e5e\" data-id=\"c4b7e5e\" data-element_type=\"column\">\n\t\t\t<div class=\"elementor-column-wrap elementor-element-populated\">\n\t\t\t\t\t\t\t<div class=\"elementor-widget-wrap\">\n\t\t\t\t\t\t\t\t<\/div>\n\t\t\t\t\t<\/div>\n\t\t<\/div>\n\t\t\t\t\t\t\t\t<\/div>\n\t\t\t\t\t<\/div>\n\t\t<\/section>\n\t\t\t\t<section class=\"elementor-section elementor-top-section elementor-element elementor-element-f5d3a43 elementor-section-boxed elementor-section-gap-beside-yes elementor-section-height-default elementor-section-height-default elementor-section-column-vertical-align-stretch\" data-id=\"f5d3a43\" data-element_type=\"section\">\n\t\t\t\t\t\t<div class=\"elementor-container elementor-column-gap-extended\">\n\t\t\t\t\t\t\t<div class=\"elementor-row\">\n\t\t\t\t\t<div class=\"elementor-column elementor-col-100 elementor-top-column elementor-element elementor-element-3265a1f\" data-id=\"3265a1f\" data-element_type=\"column\">\n\t\t\t<div class=\"elementor-column-wrap elementor-element-populated\">\n\t\t\t\t\t\t\t<div class=\"elementor-widget-wrap\">\n\t\t\t\t\t\t<div class=\"elementor-element elementor-element-0ee19b9 elementor-widget elementor-widget-text-editor\" data-id=\"0ee19b9\" data-element_type=\"widget\" data-widget_type=\"text-editor.default\">\n\t\t\t\t<div class=\"elementor-widget-container\">\n\t\t\t\t\t\t\t\t<div class=\"elementor-text-editor elementor-clearfix\">\n\t\t\t\t\t<h3>Quelles sont nos priorit\u00e9s actuelles en mati\u00e8re de plaidoyer ?<\/h3><div id=\"i4c-draggable-container\" style=\"position: fixed; z-index: 1499; width: 0px; height: 0px;\"><div class=\"resolved\" style=\"all: initial;\" data-reactroot=\"\">\u00a0<\/div><\/div><p>Les d\u00e9fis auxquels sont confront\u00e9s les cliniciens-chercheurs stagiaires sont nombreux et vari\u00e9s, touchant notamment le financement, le mentorat et l&#039;int\u00e9gration. Conscients de ces multiples facettes, notre principale priorit\u00e9 en mati\u00e8re de plaidoyer est la cr\u00e9ation d&#039;un conseil national ind\u00e9pendant dont le mandat est d&#039;assurer la supervision pancanadienne de la formation des cliniciens-chercheurs. Ce conseil serait id\u00e9alement compos\u00e9 de divers intervenants, incluant des stagiaires, des enseignants, des organismes de financement et des membres du public. Cette priorit\u00e9 de plaidoyer d\u00e9coule de la recommandation principale d&#039;un<span style=\"color: #ed2326;\"><a style=\"color: #ed2326;\" href=\"https:\/\/journals.lww.com\/academicmedicine\/FullText\/2018\/02000\/The_Rising_Challenge_of_Training.17.aspx\"> conf\u00e9rence nationale de consensus tenue en 2016.<\/a><\/span><\/p><h3>Comment d\u00e9terminons-nous nos priorit\u00e9s en mati\u00e8re de plaidoyer ?<\/h3><div id=\"i4c-draggable-container\" style=\"position: fixed; z-index: 1499; width: 0px; height: 0px;\"><div class=\"resolved\" style=\"all: initial;\" data-reactroot=\"\">\u00a0<\/div><\/div><p><span class=\"TextRun SCXW260615239 BCX0\" lang=\"EN\" xml:lang=\"EN\" data-contrast=\"auto\"><span class=\"NormalTextRun SCXW260615239 BCX0\">Les activit\u00e9s de plaidoyer du CITAC sont guid\u00e9es par notre <a href=\"\/fr\/abous-us\/\">la vision de l&#039;organisation<\/a><\/span><\/span><span class=\"TextRun SCXW260615239 BCX0\" lang=\"EN\" xml:lang=\"EN\" data-contrast=\"auto\"><span class=\"NormalTextRun SCXW260615239 BCX0\">, qui vise \u00e0 soutenir tous les stagiaires cliniciens-chercheurs dans la r\u00e9alisation de leur plein potentiel pour int\u00e9grer les deux mondes de la pratique clinique et de la recherche en sant\u00e9.<\/span><\/span><span class=\"EOP SCXW260615239 BCX0\" data-ccp-props=\"{\">\u00a0<\/span><\/p><div id=\"i4c-draggable-container\" style=\"position: fixed; z-index: 1499; width: 0px; height: 0px;\"><div class=\"resolved\" style=\"all: initial;\" data-reactroot=\"\">\u00a0<\/div><\/div><div style=\"position: fixed; z-index: 1499; width: 0px; height: 0px;\"><div style=\"all: initial;\" data-reactroot=\"\">\u00a0<\/div><\/div><p><span lang=\"EN\" xml:lang=\"EN\" data-contrast=\"auto\">Nous nous effor\u00e7ons constamment de d\u00e9fendre une position fond\u00e9e sur des donn\u00e9es probantes.\u00a0<\/span><span lang=\"EN\" xml:lang=\"EN\" data-contrast=\"auto\">perspective, et<\/span><span lang=\"EN\" xml:lang=\"EN\" data-contrast=\"auto\">\u00a0le faire en partie par ga<\/span><span lang=\"EN\" xml:lang=\"EN\" data-contrast=\"auto\">en montrant que les preuves \u00e0 travers notre <span style=\"color: #ed2326;\"><a style=\"color: #ed2326;\" href=\"\/fr\/research\/\">activit\u00e9s de recherche.<\/a><\/span><\/span><\/p><p>Nos priorit\u00e9s de plaidoyer sont \u00e9galement \u00e9clair\u00e9es par les commentaires fournis par nos\u00a0<span style=\"color: #ed2326;\"><a style=\"color: #ed2326;\" href=\"https:\/\/brandlume.dev\/citac.ca\/representatives-roundtable\/\">Table ronde des repr\u00e9sentants.<\/a><\/span><\/p><div id=\"i4c-dialogs-container\">\u00a0<\/div>\t\t\t\t\t<\/div>\n\t\t\t\t\t\t<\/div>\n\t\t\t\t<\/div>\n\t\t\t\t\t\t<\/div>\n\t\t\t\t\t<\/div>\n\t\t<\/div>\n\t\t\t\t\t\t\t\t<\/div>\n\t\t\t\t\t<\/div>\n\t\t<\/section>\n\t\t\t\t\t\t<\/div>\n\t\t\t\t\t\t<\/div>\n\t\t\t\t\t<\/div>","protected":false},"excerpt":{"rendered":"<p>Advocacy CITAC provides\u00a0a national voice for clinician-investigator trainees in Canada. We engage numerous stakeholders across the country to advance the conversation on trainee priorities.\u00a0\u00a0 What are our current advocacy priorities? \u00a0 The challenges facing clinician-investigator trainees is numerous and wide-ranging, spanning funding, mentorship, integration, and more. Recognizing this multifaceted problem, our primary advocacy priority is to establish an independent, national council whose mandate is to provide pan-Canadian oversight of clinician-investigator training. This council would ideally be composed of diverse stakeholders, spanning trainees, educators, funding agencies, and public members. This advocacy priority derives from the principle recommendation of a national consensus conference held in 2016. How do we determine our advocacy priorities? \u00a0 CITAC advocacy activities are guided by our organization\u2019s vision, which is to support all clinician-scientist trainees in realizing their full potential to integrate the two worlds of clinical practice and health research.\u00a0 \u00a0\u00a0 We constantly strive to advocate from an evidence-informed\u00a0perspective, and\u00a0do so in part by gathering that evidence through our research activities. Our advocacy priorities are also informed by feedback provided by our\u00a0Representatives Roundtable. \u00a0<\/p>","protected":false},"author":471,"featured_media":0,"parent":0,"menu_order":0,"comment_status":"closed","ping_status":"closed","template":"","meta":{"footnotes":""},"class_list":["post-5623","page","type-page","status-publish","hentry","post-no-thumbnail"],"_links":{"self":[{"href":"https:\/\/citac-accfc.org\/fr\/wp-json\/wp\/v2\/pages\/5623","targetHints":{"allow":["GET"]}}],"collection":[{"href":"https:\/\/citac-accfc.org\/fr\/wp-json\/wp\/v2\/pages"}],"about":[{"href":"https:\/\/citac-accfc.org\/fr\/wp-json\/wp\/v2\/types\/page"}],"author":[{"embeddable":true,"href":"https:\/\/citac-accfc.org\/fr\/wp-json\/wp\/v2\/users\/471"}],"replies":[{"embeddable":true,"href":"https:\/\/citac-accfc.org\/fr\/wp-json\/wp\/v2\/comments?post=5623"}],"version-history":[{"count":47,"href":"https:\/\/citac-accfc.org\/fr\/wp-json\/wp\/v2\/pages\/5623\/revisions"}],"predecessor-version":[{"id":7069,"href":"https:\/\/citac-accfc.org\/fr\/wp-json\/wp\/v2\/pages\/5623\/revisions\/7069"}],"wp:attachment":[{"href":"https:\/\/citac-accfc.org\/fr\/wp-json\/wp\/v2\/media?parent=5623"}],"curies":[{"name":"wp","href":"https:\/\/api.w.org\/{rel}","templated":true}]}}