{"id":5659,"date":"2021-04-05T04:37:55","date_gmt":"2021-04-05T04:37:55","guid":{"rendered":"https:\/\/brandlume.dev\/citac.ca\/?page_id=5659"},"modified":"2023-12-06T16:50:14","modified_gmt":"2023-12-06T16:50:14","slug":"listserv","status":"publish","type":"page","link":"https:\/\/citac-accfc.org\/fr\/listserv\/","title":{"rendered":"Liste de diffusion"},"content":{"rendered":"<div data-elementor-type=\"wp-page\" data-elementor-id=\"5659\" class=\"elementor elementor-5659\" data-elementor-settings=\"[]\">\n\t\t\t\t\t\t<div class=\"elementor-inner\">\n\t\t\t\t\t\t\t<div class=\"elementor-section-wrap\">\n\t\t\t\t\t\t\t<section class=\"elementor-section elementor-top-section elementor-element elementor-element-e39aa67 elementor-section-boxed elementor-section-gap-beside-yes elementor-section-height-default elementor-section-height-default elementor-section-column-vertical-align-stretch\" data-id=\"e39aa67\" data-element_type=\"section\">\n\t\t\t\t\t\t<div class=\"elementor-container elementor-column-gap-extended\">\n\t\t\t\t\t\t\t<div class=\"elementor-row\">\n\t\t\t\t\t<div class=\"elementor-column elementor-col-50 elementor-top-column elementor-element elementor-element-038487c\" data-id=\"038487c\" data-element_type=\"column\">\n\t\t\t<div class=\"elementor-column-wrap elementor-element-populated\">\n\t\t\t\t\t\t\t<div class=\"elementor-widget-wrap\">\n\t\t\t\t\t\t<div class=\"elementor-element elementor-element-8087ff2 elementor-widget elementor-widget-tm-heading\" data-id=\"8087ff2\" data-element_type=\"widget\" data-widget_type=\"tm-heading.default\">\n\t\t\t\t<div class=\"elementor-widget-container\">\n\t\t\t\t\t<div class=\"tm-modern-heading\">\n\t\t\t\n\t\t\t\t\t<div class=\"heading-primary-wrap\">\n\t\t\t<h2 class=\"heading-primary elementor-heading-title\">Liste de diffusion<\/h2>\t\t<\/div>\n\t\t\n\t\t\t\n\t\t\t\t\t<div class=\"heading-description-wrap\">\n\t\t\t<div class=\"heading-description\">\n\t\t\t\t<p><span class=\"TextRun SCXW140203572 BCX0\" lang=\"EN\" xml:lang=\"EN\" data-contrast=\"auto\"><span class=\"NormalTextRun SCXW140203572 BCX0\">CITAC envoie r\u00e9guli\u00e8rement des informations sur les \u00e9v\u00e9nements \u00e0 venir, les ressources et les services li\u00e9s \u00e0<\/span><\/span><span class=\"TextRun SCXW140203572 BCX0\" lang=\"EN\" xml:lang=\"EN\" data-contrast=\"auto\"><span class=\"NormalTextRun SCXW140203572 BCX0\"> Formation des cliniciens-chercheurs. Tous les membres peuvent s&#039;abonner ou se d\u00e9sabonner des communications \u00e0 tout moment.<\/span><\/span><\/p><p><span class=\"TextRun SCXW140203572 BCX0\" lang=\"EN\" style=\"letter-spacing: 0px\" xml:lang=\"EN\" data-contrast=\"auto\"><span class=\"NormalTextRun SCXW140203572 BCX0\">S&#039;il vous pla\u00eet visitez <span style=\"color: #ed2326\"><a style=\"color: #ed2326\" href=\"https:\/\/stats.sender.net\/forms\/egVy6d\/view\">Mon compte<\/a><\/span><\/span><\/span><span class=\"TextRun SCXW140203572 BCX0\" lang=\"EN\" style=\"letter-spacing: 0px\" xml:lang=\"EN\" data-contrast=\"auto\"><span class=\"NormalTextRun SCXW140203572 BCX0\">\u00a0et mettez \u00e0 jour vos pr\u00e9f\u00e9rences d&#039;abonnement.\u00a0<\/span><\/span><span class=\"EOP SCXW140203572 BCX0\" style=\"letter-spacing: 0px\" data-ccp-props=\"{\">\u00a0<\/span><\/p>\t\t\t<\/div>\n\t\t<\/div>\n\t\t\t<\/div>\n\t\t\t\t<\/div>\n\t\t\t\t<\/div>\n\t\t\t\t\t\t<\/div>\n\t\t\t\t\t<\/div>\n\t\t<\/div>\n\t\t\t\t<div class=\"elementor-column elementor-col-50 elementor-top-column elementor-element elementor-element-98fa06f\" data-id=\"98fa06f\" data-element_type=\"column\">\n\t\t\t<div class=\"elementor-column-wrap\">\n\t\t\t\t\t\t\t<div class=\"elementor-widget-wrap\">\n\t\t\t\t\t\t\t\t<\/div>\n\t\t\t\t\t<\/div>\n\t\t<\/div>\n\t\t\t\t\t\t\t\t<\/div>\n\t\t\t\t\t<\/div>\n\t\t<\/section>\n\t\t\t\t\t\t<\/div>\n\t\t\t\t\t\t<\/div>\n\t\t\t\t\t<\/div>","protected":false},"excerpt":{"rendered":"<p>Listserv CITAC regularly sends out information on upcoming events, resources, and services related to clinician-investigator training. All members can opt-in or opt-out of communications at any point in time. Please visit My Account\u00a0and update your subscription preferences.\u00a0\u00a0<\/p>","protected":false},"author":471,"featured_media":0,"parent":0,"menu_order":0,"comment_status":"closed","ping_status":"closed","template":"","meta":{"footnotes":""},"class_list":["post-5659","page","type-page","status-publish","hentry","post-no-thumbnail"],"_links":{"self":[{"href":"https:\/\/citac-accfc.org\/fr\/wp-json\/wp\/v2\/pages\/5659","targetHints":{"allow":["GET"]}}],"collection":[{"href":"https:\/\/citac-accfc.org\/fr\/wp-json\/wp\/v2\/pages"}],"about":[{"href":"https:\/\/citac-accfc.org\/fr\/wp-json\/wp\/v2\/types\/page"}],"author":[{"embeddable":true,"href":"https:\/\/citac-accfc.org\/fr\/wp-json\/wp\/v2\/users\/471"}],"replies":[{"embeddable":true,"href":"https:\/\/citac-accfc.org\/fr\/wp-json\/wp\/v2\/comments?post=5659"}],"version-history":[{"count":23,"href":"https:\/\/citac-accfc.org\/fr\/wp-json\/wp\/v2\/pages\/5659\/revisions"}],"predecessor-version":[{"id":7473,"href":"https:\/\/citac-accfc.org\/fr\/wp-json\/wp\/v2\/pages\/5659\/revisions\/7473"}],"wp:attachment":[{"href":"https:\/\/citac-accfc.org\/fr\/wp-json\/wp\/v2\/media?parent=5659"}],"curies":[{"name":"wp","href":"https:\/\/api.w.org\/{rel}","templated":true}]}}