{"id":5665,"date":"2021-04-05T04:40:54","date_gmt":"2021-04-05T04:40:54","guid":{"rendered":"https:\/\/brandlume.dev\/citac.ca\/?page_id=5665"},"modified":"2021-05-17T18:57:00","modified_gmt":"2021-05-17T18:57:00","slug":"research","status":"publish","type":"page","link":"https:\/\/citac-accfc.org\/fr\/research\/","title":{"rendered":"Recherche"},"content":{"rendered":"<div data-elementor-type=\"wp-page\" data-elementor-id=\"5665\" class=\"elementor elementor-5665\" data-elementor-settings=\"[]\">\n\t\t\t\t\t\t<div class=\"elementor-inner\">\n\t\t\t\t\t\t\t<div class=\"elementor-section-wrap\">\n\t\t\t\t\t\t\t<section class=\"elementor-section elementor-top-section elementor-element elementor-element-a6c01d3 elementor-section-stretched elementor-section-column-vertical-align-middle elementor-section-boxed elementor-section-gap-beside-yes elementor-section-height-default elementor-section-height-default\" data-id=\"a6c01d3\" data-element_type=\"section\" data-settings=\"{&quot;stretch_section&quot;:&quot;section-stretched&quot;,&quot;background_background&quot;:&quot;classic&quot;}\">\n\t\t\t\t\t\t<div class=\"elementor-container elementor-column-gap-extended\">\n\t\t\t\t\t\t\t<div class=\"elementor-row\">\n\t\t\t\t\t<div class=\"elementor-column elementor-col-50 elementor-top-column elementor-element elementor-element-800a7a2\" data-id=\"800a7a2\" data-element_type=\"column\">\n\t\t\t<div class=\"elementor-column-wrap elementor-element-populated\">\n\t\t\t\t\t\t\t<div class=\"elementor-widget-wrap\">\n\t\t\t\t\t\t<div class=\"elementor-element elementor-element-275af80 elementor-widget elementor-widget-tm-heading\" data-id=\"275af80\" data-element_type=\"widget\" data-widget_type=\"tm-heading.default\">\n\t\t\t\t<div class=\"elementor-widget-container\">\n\t\t\t\t\t<div class=\"tm-modern-heading\">\n\t\t\t\n\t\t\t\t\t<div class=\"heading-primary-wrap\">\n\t\t\t<h2 class=\"heading-primary elementor-heading-title\">Recherche<\/h2>\t\t<\/div>\n\t\t\n\t\t\t\n\t\t\t\t\t<div class=\"heading-description-wrap\">\n\t\t\t<div class=\"heading-description\">\n\t\t\t\t<p><span class=\"TextRun SCXW56806894 BCX0\" lang=\"EN\" xml:lang=\"EN\" data-contrast=\"auto\"><span class=\"NormalTextRun SCXW56806894 BCX0\">Le CITAC est activement engag\u00e9 dans la recherche entourant le parcours clinicien-chercheur\u00a0<\/span><\/span><span class=\"TextRun SCXW56806894 BCX0\" lang=\"EN\" xml:lang=\"EN\" data-contrast=\"auto\"><span class=\"NormalTextRun SCXW56806894 BCX0\">pour<\/span><\/span><span class=\"TextRun SCXW56806894 BCX0\" lang=\"EN\" xml:lang=\"EN\" data-contrast=\"auto\"><span class=\"NormalTextRun SCXW56806894 BCX0\">\u00a0mieux comprendre le parcours de formation et accompagner nos membres. Notre portefeuille de recherche s&#039;articule autour de trois axes principaux, chacun dot\u00e9 d&#039;un volet d\u00e9di\u00e9.\u00a0<\/span><\/span><span class=\"TextRun SCXW56806894 BCX0\" lang=\"EN\" xml:lang=\"EN\" data-contrast=\"auto\"><span class=\"NormalTextRun SCXW56806894 BCX0\">initiatives<\/span><\/span><span class=\"TextRun SCXW56806894 BCX0\" lang=\"EN\" xml:lang=\"EN\" data-contrast=\"auto\"><span class=\"NormalTextRun SCXW56806894 BCX0\">\u00a0<\/span><\/span><span class=\"EOP SCXW56806894 BCX0\" data-ccp-props=\"{&quot;201341983&quot;:0,&quot;335559740&quot;:276}\">\u00a0<\/span><\/p>\t\t\t<\/div>\n\t\t<\/div>\n\t\t\t<\/div>\n\t\t\t\t<\/div>\n\t\t\t\t<\/div>\n\t\t\t\t<div class=\"elementor-element elementor-element-4f36625 elementor-widget elementor-widget-tm-button\" data-id=\"4f36625\" data-element_type=\"widget\" data-widget_type=\"tm-button.default\">\n\t\t\t\t<div class=\"elementor-widget-container\">\n\t\t\t\t\t<div class=\"tm-button-wrapper\">\n\t\t\t<a href=\"#\" class=\"tm-button-link tm-button style-flat tm-button-nm\" role=\"button\">\n\t\t\t\t\t\t<div class=\"button-content-wrapper\">\n\t\t\t\n\t\t\t\t\t\t\t<span class=\"button-text\">Apprendre encore plus<\/span>\n\t\t\t\n\t\t\t\t\t<\/div>\n\t\t\n\t\t\t\t\t\t\t<\/a>\n\t\t<\/div>\n\t\t\t\t<\/div>\n\t\t\t\t<\/div>\n\t\t\t\t\t\t<\/div>\n\t\t\t\t\t<\/div>\n\t\t<\/div>\n\t\t\t\t<div class=\"elementor-column elementor-col-50 elementor-top-column elementor-element elementor-element-8cfe7f4\" data-id=\"8cfe7f4\" data-element_type=\"column\">\n\t\t\t<div class=\"elementor-column-wrap elementor-element-populated\">\n\t\t\t\t\t\t\t<div class=\"elementor-widget-wrap\">\n\t\t\t\t\t\t\t\t<\/div>\n\t\t\t\t\t<\/div>\n\t\t<\/div>\n\t\t\t\t\t\t\t\t<\/div>\n\t\t\t\t\t<\/div>\n\t\t<\/section>\n\t\t\t\t<section class=\"elementor-section elementor-top-section elementor-element elementor-element-71085f5 elementor-section-column-vertical-align-middle elementor-section-stretched elementor-section-boxed elementor-section-gap-beside-yes elementor-section-height-default elementor-section-height-default\" data-id=\"71085f5\" data-element_type=\"section\" data-settings=\"{&quot;stretch_section&quot;:&quot;section-stretched&quot;,&quot;background_background&quot;:&quot;classic&quot;}\">\n\t\t\t\t\t\t<div class=\"elementor-container elementor-column-gap-extended\">\n\t\t\t\t\t\t\t<div class=\"elementor-row\">\n\t\t\t\t\t<div class=\"elementor-column elementor-col-100 elementor-top-column elementor-element elementor-element-977ec23\" data-id=\"977ec23\" data-element_type=\"column\">\n\t\t\t<div class=\"elementor-column-wrap elementor-element-populated\">\n\t\t\t\t\t\t\t<div class=\"elementor-widget-wrap\">\n\t\t\t\t\t\t<section class=\"elementor-section elementor-inner-section elementor-element elementor-element-cd1b4de elementor-section-gap-beside-no elementor-section-boxed elementor-section-height-default elementor-section-height-default elementor-section-column-vertical-align-stretch\" data-id=\"cd1b4de\" data-element_type=\"section\">\n\t\t\t\t\t\t<div class=\"elementor-container elementor-column-gap-extended\">\n\t\t\t\t\t\t\t<div class=\"elementor-row\">\n\t\t\t\t\t<div class=\"elementor-column elementor-col-33 elementor-inner-column elementor-element elementor-element-13aa06e\" data-id=\"13aa06e\" data-element_type=\"column\">\n\t\t\t<div class=\"elementor-column-wrap elementor-element-populated\">\n\t\t\t\t\t\t\t<div class=\"elementor-widget-wrap\">\n\t\t\t\t\t\t<div class=\"elementor-element elementor-element-dc37980 elementor-invisible elementor-widget elementor-widget-tm-heading\" data-id=\"dc37980\" data-element_type=\"widget\" data-settings=\"{&quot;_animation&quot;:&quot;maxcoachFadeInUp&quot;}\" data-widget_type=\"tm-heading.default\">\n\t\t\t\t<div class=\"elementor-widget-container\">\n\t\t\t\t\t<div class=\"tm-modern-heading\">\n\t\t\t\n\t\t\t\t\t<div class=\"heading-primary-wrap\">\n\t\t\t<h2 class=\"heading-primary elementor-heading-title\">1.<\/h2>\t\t<\/div>\n\t\t\n\t\t\t\n\t\t\t\t\t<div class=\"heading-description-wrap\">\n\t\t\t<div class=\"heading-description\">\n\t\t\t\t<div id=\"i4c-draggable-container\" style=\"position: fixed;z-index: 1499;width: 0px;height: 0px\"><div class=\"resolved\" data-reactroot=\"\">\u00a0<\/div><\/div><p><strong><span class=\"TextRun BCX0 SCXW152311578\" lang=\"EN\" xml:lang=\"EN\" data-contrast=\"auto\"><span class=\"NormalTextRun BCX0 SCXW152311578\">Recueillir des preuves<\/span><\/span><span class=\"TextRun BCX0 SCXW152311578\" lang=\"EN\" xml:lang=\"EN\" data-contrast=\"auto\"><span class=\"NormalTextRun BCX0 SCXW152311578\">ce\u00a0<\/span><\/span><span class=\"TextRun BCX0 SCXW152311578\" lang=\"EN\" xml:lang=\"EN\" data-contrast=\"auto\"><span class=\"NormalTextRun BCX0 SCXW152311578\">pour<\/span><\/span><\/strong><span class=\"TextRun BCX0 SCXW152311578\" lang=\"EN\" xml:lang=\"EN\" data-contrast=\"auto\"><span class=\"NormalTextRun BCX0 SCXW152311578\"><strong>\u00a0d\u00e9fenseur d&#039;une meilleure formation des cliniciens-chercheurs<\/strong>. <\/span><\/span><\/p><p><span class=\"TextRun BCX0 SCXW152311578\" lang=\"EN\" xml:lang=\"EN\" data-contrast=\"auto\"><span class=\"NormalTextRun BCX0 SCXW152311578\">Nous menons actuellement une enqu\u00eate sur les r\u00e9sultats des anciens \u00e9l\u00e8ves afin de comprendre la trajectoire de formation des scientifiques MD\/PhD et d&#039;identifier les obstacles au sein du parcours de formation afin de concentrer nos efforts de plaidoyer.<\/span><\/span><span class=\"TextRun BCX0 SCXW152311578\" lang=\"EN\" xml:lang=\"EN\" data-contrast=\"auto\"><span class=\"NormalTextRun BCX0 SCXW152311578\">efforts d&#039;action vers.<\/span><\/span><\/p><div id=\"i4c-dialogs-container\">\u00a0<\/div><div id=\"i4c-dialogs-container\">\u00a0<\/div><div id=\"i4c-dialogs-container\">\u00a0<\/div>\t\t\t<\/div>\n\t\t<\/div>\n\t\t\t<\/div>\n\t\t\t\t<\/div>\n\t\t\t\t<\/div>\n\t\t\t\t\t\t<\/div>\n\t\t\t\t\t<\/div>\n\t\t<\/div>\n\t\t\t\t<div class=\"elementor-column elementor-col-33 elementor-inner-column elementor-element elementor-element-4cf5953\" data-id=\"4cf5953\" data-element_type=\"column\">\n\t\t\t<div class=\"elementor-column-wrap elementor-element-populated\">\n\t\t\t\t\t\t\t<div class=\"elementor-widget-wrap\">\n\t\t\t\t\t\t<div class=\"elementor-element elementor-element-3d7e5c3 elementor-invisible elementor-widget elementor-widget-tm-heading\" data-id=\"3d7e5c3\" data-element_type=\"widget\" data-settings=\"{&quot;_animation&quot;:&quot;maxcoachFadeInUp&quot;}\" data-widget_type=\"tm-heading.default\">\n\t\t\t\t<div class=\"elementor-widget-container\">\n\t\t\t\t\t<div class=\"tm-modern-heading\">\n\t\t\t\n\t\t\t\t\t<div class=\"heading-primary-wrap\">\n\t\t\t<h2 class=\"heading-primary elementor-heading-title\">2.<\/h2>\t\t<\/div>\n\t\t\n\t\t\t\n\t\t\t\t\t<div class=\"heading-description-wrap\">\n\t\t\t<div class=\"heading-description\">\n\t\t\t\t<div id=\"i4c-draggable-container\" style=\"position: fixed;z-index: 1499;width: 0px;height: 0px\"><div class=\"resolved\" data-reactroot=\"\">\u00a0<\/div><\/div><p><span class=\"TextRun SCXW157728169 BCX0\" lang=\"EN\" xml:lang=\"EN\" data-contrast=\"auto\"><span class=\"NormalTextRun SCXW157728169 BCX0\"><strong>Comprendre la diversit\u00e9 et la port\u00e9e de la recherche des stagiaires cliniciens-chercheurs actuels.<\/strong> <\/span><\/span><\/p><p><span class=\"TextRun SCXW157728169 BCX0\" lang=\"EN\" xml:lang=\"EN\" data-contrast=\"auto\"><span class=\"NormalTextRun SCXW157728169 BCX0\">Nous menons une enqu\u00eate parall\u00e8le sur l\u2019exp\u00e9rience des stagiaires MD\/PhD au Canada pour comprendre comment la formation des cliniciens-chercheurs a \u00e9volu\u00e9, \u00e0 la fois<\/span><\/span><span class=\"TextRun SCXW157728169 BCX0\" lang=\"EN\" xml:lang=\"EN\" data-contrast=\"auto\"><span class=\"NormalTextRun SCXW157728169 BCX0\">\u00a0Nous avons \u00e9galement lanc\u00e9 une enqu\u00eate pour comprendre l&#039;impact de la COVID sur le parcours de formation des cliniciens-chercheurs.<\/span><\/span><span class=\"EOP SCXW157728169 BCX0\" data-ccp-props=\"{\">\u00a0<\/span><\/p><div id=\"i4c-dialogs-container\">\u00a0<\/div>\t\t\t<\/div>\n\t\t<\/div>\n\t\t\t<\/div>\n\t\t\t\t<\/div>\n\t\t\t\t<\/div>\n\t\t\t\t\t\t<\/div>\n\t\t\t\t\t<\/div>\n\t\t<\/div>\n\t\t\t\t<div class=\"elementor-column elementor-col-33 elementor-inner-column elementor-element elementor-element-c39c68d\" data-id=\"c39c68d\" data-element_type=\"column\">\n\t\t\t<div class=\"elementor-column-wrap elementor-element-populated\">\n\t\t\t\t\t\t\t<div class=\"elementor-widget-wrap\">\n\t\t\t\t\t\t<div class=\"elementor-element elementor-element-8758177 elementor-invisible elementor-widget elementor-widget-tm-heading\" data-id=\"8758177\" data-element_type=\"widget\" data-settings=\"{&quot;_animation&quot;:&quot;maxcoachFadeInUp&quot;}\" data-widget_type=\"tm-heading.default\">\n\t\t\t\t<div class=\"elementor-widget-container\">\n\t\t\t\t\t<div class=\"tm-modern-heading\">\n\t\t\t\n\t\t\t\t\t<div class=\"heading-primary-wrap\">\n\t\t\t<h2 class=\"heading-primary elementor-heading-title\">3.<\/h2>\t\t<\/div>\n\t\t\n\t\t\t\n\t\t\t\t\t<div class=\"heading-description-wrap\">\n\t\t\t<div class=\"heading-description\">\n\t\t\t\t<div id=\"i4c-draggable-container\" style=\"position: fixed;z-index: 1499;width: 0px;height: 0px\"><div class=\"resolved\" data-reactroot=\"\">\u00a0<\/div><\/div><p><strong><span class=\"TextRun SCXW258232811 BCX0\" lang=\"EN\" xml:lang=\"EN\" data-contrast=\"auto\"><span class=\"NormalTextRun SCXW258232811 BCX0\">Rendre les connaissances accessibles et digestes pour les cliniciens actuels et futurs<\/span><\/span><\/strong><span class=\"TextRun SCXW258232811 BCX0\" lang=\"EN\" xml:lang=\"EN\" data-contrast=\"auto\"><span class=\"NormalTextRun SCXW258232811 BCX0\"><strong>stagiaires dentistes.<\/strong> <\/span><\/span><\/p><p><span class=\"TextRun SCXW258232811 BCX0\" lang=\"EN\" xml:lang=\"EN\" data-contrast=\"auto\"><span class=\"NormalTextRun SCXW258232811 BCX0\">Nous travaillons \u00e0 distiller les informations issues des r\u00e9sultats de recherche dans des infographies \u00e0 haut rendement et digestes pour garantir que les \u00e9tudiants actuels et potentiels aient une bonne compr\u00e9hension du chemin \u00e0 parcourir.<\/span><\/span><span class=\"EOP SCXW258232811 BCX0\" data-ccp-props=\"{\">\u00a0<\/span><\/p><div id=\"i4c-dialogs-container\">\u00a0<\/div>\t\t\t<\/div>\n\t\t<\/div>\n\t\t\t<\/div>\n\t\t\t\t<\/div>\n\t\t\t\t<\/div>\n\t\t\t\t\t\t<\/div>\n\t\t\t\t\t<\/div>\n\t\t<\/div>\n\t\t\t\t\t\t\t\t<\/div>\n\t\t\t\t\t<\/div>\n\t\t<\/section>\n\t\t\t\t\t\t<\/div>\n\t\t\t\t\t<\/div>\n\t\t<\/div>\n\t\t\t\t\t\t\t\t<\/div>\n\t\t\t\t\t<\/div>\n\t\t<\/section>\n\t\t\t\t<section class=\"elementor-section elementor-top-section elementor-element elementor-element-4b98366 elementor-section-column-vertical-align-middle elementor-section-stretched elementor-section-boxed elementor-section-gap-beside-yes elementor-section-height-default elementor-section-height-default\" data-id=\"4b98366\" data-element_type=\"section\" data-settings=\"{&quot;stretch_section&quot;:&quot;section-stretched&quot;,&quot;background_background&quot;:&quot;classic&quot;}\">\n\t\t\t\t\t\t<div class=\"elementor-container elementor-column-gap-extended\">\n\t\t\t\t\t\t\t<div class=\"elementor-row\">\n\t\t\t\t\t<div class=\"elementor-column elementor-col-100 elementor-top-column elementor-element elementor-element-18e05f9\" data-id=\"18e05f9\" data-element_type=\"column\">\n\t\t\t<div class=\"elementor-column-wrap elementor-element-populated\">\n\t\t\t\t\t\t\t<div class=\"elementor-widget-wrap\">\n\t\t\t\t\t\t<div class=\"elementor-element elementor-element-c38f1ef elementor-widget elementor-widget-text-editor\" data-id=\"c38f1ef\" data-element_type=\"widget\" data-widget_type=\"text-editor.default\">\n\t\t\t\t<div class=\"elementor-widget-container\">\n\t\t\t\t\t\t\t\t<div class=\"elementor-text-editor elementor-clearfix\">\n\t\t\t\t\t<p><span class=\"TextRun SCXW29902267 BCX0\" lang=\"EN\" xml:lang=\"EN\" data-contrast=\"auto\"><span class=\"NormalTextRun SCXW29902267 BCX0\">Vous avez une suggestion\u00a0? Veuillez nous la soumettre.<\/span><\/span><span class=\"TextRun SCXW29902267 BCX0\" lang=\"EN\" xml:lang=\"EN\" data-contrast=\"auto\"><span class=\"NormalTextRun SCXW29902267 BCX0\">retour \u00e0\u00a0<\/span><\/span><span style=\"color: #ed2326;\"><a class=\"Hyperlink SCXW29902267 BCX0\" style=\"color: #ed2326;\" href=\"mailto:resarch@citac.org\" target=\"_blank\" rel=\"noreferrer noopener\"><span class=\"TextRun Underlined SCXW29902267 BCX0\" lang=\"EN\" xml:lang=\"EN\" data-contrast=\"none\"><span class=\"NormalTextRun SCXW29902267 BCX0\">research@citac.org<\/span><\/span><\/a><\/span><span class=\"TextRun SCXW29902267 BCX0\" lang=\"EN\" xml:lang=\"EN\" data-contrast=\"auto\"><span class=\"NormalTextRun SCXW29902267 BCX0\">\u00a0<\/span><\/span><span class=\"EOP SCXW29902267 BCX0\" data-ccp-props=\"{&quot;201341983&quot;:0,&quot;335559740&quot;:276}\">\u00a0<\/span><\/p>\t\t\t\t\t<\/div>\n\t\t\t\t\t\t<\/div>\n\t\t\t\t<\/div>\n\t\t\t\t\t\t<\/div>\n\t\t\t\t\t<\/div>\n\t\t<\/div>\n\t\t\t\t\t\t\t\t<\/div>\n\t\t\t\t\t<\/div>\n\t\t<\/section>\n\t\t\t\t\t\t<\/div>\n\t\t\t\t\t\t<\/div>\n\t\t\t\t\t<\/div>","protected":false},"excerpt":{"rendered":"<p>Research CITAC is actively engaged in research surrounding the clinician-investigator pathway\u00a0in order to\u00a0better understand the training journey and support our members. Our research portfolio has three main aims, each with dedicated\u00a0initiatives\u00a0\u00a0 Learn more 1. \u00a0 Collecting evidence\u00a0in order to\u00a0advocate for improved clinician scientist training supports. We are currently conducting an Alumni outcomes survey to understand the training trajectory of MD\/PhD scientists, and identify roadblocks within the training pathway to focus advocacy efforts towards. \u00a0\u00a0\u00a0 2. \u00a0 Understanding the diversity and scope of research of current clinician scientist trainees. We are conducting a parallel survey on the MD\/PhD trainee experience in Canada to understand how clinician scientist training has evolved, both\u00a0in diversity of trainees and breadth of research activities. We are also launching a survey to understand the impacts of COVID on the clinician scientist training pathway.\u00a0 \u00a0 3. \u00a0 Make knowledge accessible and digestible for current and prospective clinician scientist trainees. We are working to distill information from research findings into high-yield, digestible infographics to ensure that current and prospective students have a good understanding of the pathway ahead.\u00a0 \u00a0 Have a suggestion? Please submit your feedback to\u00a0research@citac.org\u00a0\u00a0<\/p>","protected":false},"author":471,"featured_media":0,"parent":0,"menu_order":0,"comment_status":"closed","ping_status":"closed","template":"","meta":{"footnotes":""},"class_list":["post-5665","page","type-page","status-publish","hentry","post-no-thumbnail"],"_links":{"self":[{"href":"https:\/\/citac-accfc.org\/fr\/wp-json\/wp\/v2\/pages\/5665","targetHints":{"allow":["GET"]}}],"collection":[{"href":"https:\/\/citac-accfc.org\/fr\/wp-json\/wp\/v2\/pages"}],"about":[{"href":"https:\/\/citac-accfc.org\/fr\/wp-json\/wp\/v2\/types\/page"}],"author":[{"embeddable":true,"href":"https:\/\/citac-accfc.org\/fr\/wp-json\/wp\/v2\/users\/471"}],"replies":[{"embeddable":true,"href":"https:\/\/citac-accfc.org\/fr\/wp-json\/wp\/v2\/comments?post=5665"}],"version-history":[{"count":55,"href":"https:\/\/citac-accfc.org\/fr\/wp-json\/wp\/v2\/pages\/5665\/revisions"}],"predecessor-version":[{"id":7006,"href":"https:\/\/citac-accfc.org\/fr\/wp-json\/wp\/v2\/pages\/5665\/revisions\/7006"}],"wp:attachment":[{"href":"https:\/\/citac-accfc.org\/fr\/wp-json\/wp\/v2\/media?parent=5665"}],"curies":[{"name":"wp","href":"https:\/\/api.w.org\/{rel}","templated":true}]}}