{"id":5698,"date":"2021-04-05T05:03:24","date_gmt":"2021-04-05T05:03:24","guid":{"rendered":"https:\/\/brandlume.dev\/citac.ca\/?page_id=5698"},"modified":"2021-05-17T18:57:25","modified_gmt":"2021-05-17T18:57:25","slug":"citac-original-research","status":"publish","type":"page","link":"https:\/\/citac-accfc.org\/fr\/citac-original-research\/","title":{"rendered":"Recherche originale du CITAC"},"content":{"rendered":"<div data-elementor-type=\"wp-page\" data-elementor-id=\"5698\" class=\"elementor elementor-5698\" data-elementor-settings=\"[]\">\n\t\t\t\t\t\t<div class=\"elementor-inner\">\n\t\t\t\t\t\t\t<div class=\"elementor-section-wrap\">\n\t\t\t\t\t\t\t<section class=\"elementor-section elementor-top-section elementor-element elementor-element-15e095e elementor-section-stretched elementor-section-column-vertical-align-middle elementor-section-boxed elementor-section-gap-beside-yes elementor-section-height-default elementor-section-height-default\" data-id=\"15e095e\" data-element_type=\"section\" data-settings=\"{&quot;stretch_section&quot;:&quot;section-stretched&quot;,&quot;background_background&quot;:&quot;classic&quot;}\">\n\t\t\t\t\t\t<div class=\"elementor-container elementor-column-gap-extended\">\n\t\t\t\t\t\t\t<div class=\"elementor-row\">\n\t\t\t\t\t<div class=\"elementor-column elementor-col-50 elementor-top-column elementor-element elementor-element-0e25e01\" data-id=\"0e25e01\" data-element_type=\"column\">\n\t\t\t<div class=\"elementor-column-wrap elementor-element-populated\">\n\t\t\t\t\t\t\t<div class=\"elementor-widget-wrap\">\n\t\t\t\t\t\t<div class=\"elementor-element elementor-element-82cefd3 elementor-widget elementor-widget-tm-heading\" data-id=\"82cefd3\" data-element_type=\"widget\" data-widget_type=\"tm-heading.default\">\n\t\t\t\t<div class=\"elementor-widget-container\">\n\t\t\t\t\t<div class=\"tm-modern-heading\">\n\t\t\t\n\t\t\t\t\t<div class=\"heading-primary-wrap\">\n\t\t\t<h2 class=\"heading-primary elementor-heading-title\">Recherche originale du CITAC<\/h2>\t\t<\/div>\n\t\t\n\t\t\t\n\t\t\t\t\t<div class=\"heading-description-wrap\">\n\t\t\t<div class=\"heading-description\">\n\t\t\t\t<div id=\"i4c-draggable-container\" style=\"position: fixed;z-index: 1499;width: 0px;height: 0px\"><div class=\"resolved\" data-reactroot=\"\">\u00a0<\/div><\/div><p><span class=\"TextRun SCXW4823993 BCX0\" lang=\"EN\" xml:lang=\"EN\" data-contrast=\"auto\"><span class=\"NormalTextRun SCXW4823993 BCX0\">L\u2019\u00e9quipe du CITAC m\u00e8ne et publie activement des recherches sur les stagiaires cliniciens-chercheurs canadiens et leurs parcours de formation. <\/span><\/span><\/p><p><span class=\"TextRun SCXW4823993 BCX0\" lang=\"EN\" xml:lang=\"EN\" data-contrast=\"auto\"><span class=\"NormalTextRun SCXW4823993 BCX0\">Veuillez consulter ci-dessous la liste des publications r\u00e9centes du CITAC\u00a0:<\/span><\/span><\/p><div id=\"i4c-dialogs-container\">\u00a0<\/div>\t\t\t<\/div>\n\t\t<\/div>\n\t\t\t<\/div>\n\t\t\t\t<\/div>\n\t\t\t\t<\/div>\n\t\t\t\t\t\t<\/div>\n\t\t\t\t\t<\/div>\n\t\t<\/div>\n\t\t\t\t<div class=\"elementor-column elementor-col-50 elementor-top-column elementor-element elementor-element-4927978\" data-id=\"4927978\" data-element_type=\"column\">\n\t\t\t<div class=\"elementor-column-wrap\">\n\t\t\t\t\t\t\t<div class=\"elementor-widget-wrap\">\n\t\t\t\t\t\t\t\t<\/div>\n\t\t\t\t\t<\/div>\n\t\t<\/div>\n\t\t\t\t\t\t\t\t<\/div>\n\t\t\t\t\t<\/div>\n\t\t<\/section>\n\t\t\t\t<section class=\"elementor-section elementor-top-section elementor-element elementor-element-cd70c94 elementor-section-boxed elementor-section-gap-beside-yes elementor-section-height-default elementor-section-height-default elementor-section-column-vertical-align-stretch\" data-id=\"cd70c94\" data-element_type=\"section\">\n\t\t\t\t\t\t<div class=\"elementor-container elementor-column-gap-extended\">\n\t\t\t\t\t\t\t<div class=\"elementor-row\">\n\t\t\t\t\t<div class=\"elementor-column elementor-col-100 elementor-top-column elementor-element elementor-element-3f678ae\" data-id=\"3f678ae\" data-element_type=\"column\">\n\t\t\t<div class=\"elementor-column-wrap elementor-element-populated\">\n\t\t\t\t\t\t\t<div class=\"elementor-widget-wrap\">\n\t\t\t\t\t\t<div class=\"elementor-element elementor-element-90b6bab elementor-widget elementor-widget-tm-heading\" data-id=\"90b6bab\" data-element_type=\"widget\" data-widget_type=\"tm-heading.default\">\n\t\t\t\t<div class=\"elementor-widget-container\">\n\t\t\t\t\t<div class=\"tm-modern-heading\">\n\t\t\t\n\t\t\t\n\t\t\t\n\t\t\t\t\t<div class=\"heading-description-wrap\">\n\t\t\t<div class=\"heading-description\">\n\t\t\t\t<div id=\"i4c-draggable-container\" style=\"position: fixed;z-index: 1499;width: 0px;height: 0px\"><div class=\"resolved\" data-reactroot=\"\">\u00a0<\/div><\/div><p><span data-contrast=\"auto\">Mirali<\/span><span data-contrast=\"auto\">, S., Fan, K., Cook, EK &amp;\u00a0<\/span><span data-contrast=\"auto\">Marvasti<\/span><span data-contrast=\"auto\">, TB Pilotage d&#039;un\u00a0<\/span><span data-contrast=\"auto\">longue distance<\/span><span data-contrast=\"auto\">et<\/span><span data-contrast=\"auto\">\u00a0Jumelage de mentorat entre cliniciens-chercheurs stagiaires au Canada. Clinical and Investigative Medicine 43, E5\u2013E8 (2020).<\/span><span data-ccp-props=\"{\">\u00a0<\/span><\/p><p><span data-contrast=\"auto\">Pietrobon, A., Cook, EK, Yin, C., Chan, DCH et\u00a0<\/span><span data-contrast=\"auto\">Marvasti<\/span><span data-contrast=\"auto\">Consid\u00e9rations de TB International sur la formation des cliniciens-chercheurs canadiens<\/span><span data-contrast=\"auto\">inees - Une enqu\u00eate nationale. M\u00e9decine clinique et d&#039;investigation 43, E2-7 (2020).<\/span><span data-ccp-props=\"{\">\u00a0<\/span><\/p><p><span data-contrast=\"auto\">Ng, E. et al. L&#039;int\u00e9gration de la formation clinique et de la recherche : comment et pourquoi les programmes MD\u2013PhD fonctionnent. Academic Medicine 94, 664\u2013670 (2019).<\/span><span data-ccp-props=\"{\">\u00a0<\/span><span data-ccp-props=\"{\">\u00a0<\/span><\/p><p><span data-contrast=\"auto\">Skinnider<\/span><span data-contrast=\"auto\">, MA, Squair, JW,\u00a0<\/span><span data-contrast=\"auto\">Deux<\/span><span data-contrast=\"auto\">, D<\/span><span data-contrast=\"auto\">.DW, Ji, JX,\u00a0<\/span><span data-contrast=\"auto\">Kuzyk<\/span><span data-contrast=\"auto\">, A., Wang, X., Steadman, PE,\u00a0<\/span><span data-contrast=\"auto\">Zaslavski<\/span><span data-contrast=\"auto\">, K., Dey, AK, Eisenberg, MJ,\u00a0<\/span><span data-contrast=\"auto\">Gagn\u00e9<\/span><span data-contrast=\"auto\">, ER,\u00a0<\/span><span data-contrast=\"auto\">HayGlass<\/span><span data-contrast=\"auto\">, KT, Lewis, JF, Margetts, PJ, Underhill, DA, Rosenblum, ND, Raymond, LA \u00ab Caract\u00e9ristiques et r\u00e9sultats des programmes canadiens de m\u00e9decine et de doctorat \u00bb<\/span><span data-contrast=\"auto\">\u00ab Dipl\u00f4m\u00e9s en b\u00e9lier : une enqu\u00eate transversale. \u00bb CMAJ Open, 5, E308\u2013E314 (2017).<\/span><span data-ccp-props=\"{\">\u00a0<\/span><\/p><p><span data-contrast=\"auto\">Yin, C. et al. Former la prochaine g\u00e9n\u00e9ration de cliniciens-chercheurs canadiens\u00a0: tracer la voie vers le succ\u00e8s. M\u00e9decine clinique et exp\u00e9rimentale E95\u2013E101 (2017).<\/span><span data-ccp-props=\"{\">\u00a0<\/span><\/p><p><span data-contrast=\"auto\">Jones, AA et al. M<\/span><span data-contrast=\"auto\">Formation D\/PhD au Canada : r\u00e9sultats d\u2019une revue nationale des stagiaires et des directeurs de programme. 1 E132\u2013E139 (2016).<\/span><span data-ccp-props=\"{\">\u00a0<\/span><\/p><p><span data-contrast=\"auto\">Yoon, J.-Y. et al. Tout commence par le bon superviseur : importance du mentorat et niveaux de satisfaction des stagiaires cliniciens-chercheurs au Canada. 1<\/span><span data-contrast=\"auto\">\u00a0E269\u2013E276 (2013).<\/span><span data-ccp-props=\"{\">\u00a0<\/span><\/p><div id=\"i4c-dialogs-container\">\u00a0<\/div>\t\t\t<\/div>\n\t\t<\/div>\n\t\t\t<\/div>\n\t\t\t\t<\/div>\n\t\t\t\t<\/div>\n\t\t\t\t\t\t<\/div>\n\t\t\t\t\t<\/div>\n\t\t<\/div>\n\t\t\t\t\t\t\t\t<\/div>\n\t\t\t\t\t<\/div>\n\t\t<\/section>\n\t\t\t\t\t\t<\/div>\n\t\t\t\t\t\t<\/div>\n\t\t\t\t\t<\/div>","protected":false},"excerpt":{"rendered":"<p>CITAC original research \u00a0 The CITAC team actively conducts and publishes research on Canadian clinician-investigator trainees and training pathways. Please see below for a list of recent CITAC publications: \u00a0 \u00a0 Mirali, S., Fan, K., Cook, E. K. &amp;\u00a0Marvasti, T. B. Piloting a\u00a0long distance\u00a0clinician scientist trainee mentorship match in Canada. Clinical and Investigative Medicine 43, E5\u2013E8 (2020).\u00a0 Pietrobon, A., Cook, E. K., Yin, C., Chan, D. C. H. &amp;\u00a0Marvasti, T. B. International training considerations of Canadian Clinician-Scientist Trainees &#8211; A national survey. Clinical and Investigative Medicine 43, E2-7 (2020).\u00a0 Ng, E. et al. The Integration of Clinical and Research Training: How and Why MD\u2013PhD Programs Work. Academic Medicine 94, 664\u2013670 (2019).\u00a0\u00a0 Skinnider, M.A., Squair, J.W.,\u00a0Twa, D.D.W., Ji, J.X.,\u00a0Kuzyk, A., Wang, X., Steadman, P.E.,\u00a0Zaslavsky, K., Dey, A.K., Eisenberg, M.J.,\u00a0Gagn\u00e9, E.R.,\u00a0HayGlass, K.T., Lewis, J.F., Margetts, P.J., Underhill, D.A., Rosenblum, N.D., Raymond, L.A. \u201cCharacteristics and outcomes of Canadian MD\/PhD program graduates: a cross-sectional survey.\u201d CMAJ Open, 5, E308\u2013E314 (2017).\u00a0 Yin, C. et al. Training the next generation of Canadian Clinician-Scientists: charting a path to success. Clinical and Investigative Medicine E95\u2013E101 (2017).\u00a0 Jones, A. A. et al. MD\/PhD Training in Canada: Results from a national trainee and program director review. 1 E132\u2013E139 (2016).\u00a0 Yoon, J.-Y. et al. It begins with the right supervisor: Importance of mentorship and clinician-investigator trainee satisfaction levels in Canada. 1\u00a0E269\u2013E276 (2013).\u00a0 \u00a0<\/p>","protected":false},"author":471,"featured_media":0,"parent":0,"menu_order":0,"comment_status":"closed","ping_status":"closed","template":"","meta":{"footnotes":""},"class_list":["post-5698","page","type-page","status-publish","hentry","post-no-thumbnail"],"_links":{"self":[{"href":"https:\/\/citac-accfc.org\/fr\/wp-json\/wp\/v2\/pages\/5698","targetHints":{"allow":["GET"]}}],"collection":[{"href":"https:\/\/citac-accfc.org\/fr\/wp-json\/wp\/v2\/pages"}],"about":[{"href":"https:\/\/citac-accfc.org\/fr\/wp-json\/wp\/v2\/types\/page"}],"author":[{"embeddable":true,"href":"https:\/\/citac-accfc.org\/fr\/wp-json\/wp\/v2\/users\/471"}],"replies":[{"embeddable":true,"href":"https:\/\/citac-accfc.org\/fr\/wp-json\/wp\/v2\/comments?post=5698"}],"version-history":[{"count":27,"href":"https:\/\/citac-accfc.org\/fr\/wp-json\/wp\/v2\/pages\/5698\/revisions"}],"predecessor-version":[{"id":7009,"href":"https:\/\/citac-accfc.org\/fr\/wp-json\/wp\/v2\/pages\/5698\/revisions\/7009"}],"wp:attachment":[{"href":"https:\/\/citac-accfc.org\/fr\/wp-json\/wp\/v2\/media?parent=5698"}],"curies":[{"name":"wp","href":"https:\/\/api.w.org\/{rel}","templated":true}]}}