{"id":5714,"date":"2021-04-05T05:12:08","date_gmt":"2021-04-05T05:12:08","guid":{"rendered":"https:\/\/brandlume.dev\/citac.ca\/?page_id=5714"},"modified":"2021-05-13T19:23:36","modified_gmt":"2021-05-13T19:23:36","slug":"cim-journal","status":"publish","type":"page","link":"https:\/\/citac-accfc.org\/fr\/cim-journal\/","title":{"rendered":"Journal du CIM"},"content":{"rendered":"<div data-elementor-type=\"wp-page\" data-elementor-id=\"5714\" class=\"elementor elementor-5714\" data-elementor-settings=\"[]\">\n\t\t\t\t\t\t<div class=\"elementor-inner\">\n\t\t\t\t\t\t\t<div class=\"elementor-section-wrap\">\n\t\t\t\t\t\t\t<section class=\"elementor-section elementor-top-section elementor-element elementor-element-205b7e0 elementor-section-boxed elementor-section-gap-beside-yes elementor-section-height-default elementor-section-height-default elementor-section-column-vertical-align-stretch\" data-id=\"205b7e0\" data-element_type=\"section\">\n\t\t\t\t\t\t<div class=\"elementor-container elementor-column-gap-extended\">\n\t\t\t\t\t\t\t<div class=\"elementor-row\">\n\t\t\t\t\t<div class=\"elementor-column elementor-col-50 elementor-top-column elementor-element elementor-element-7ad8613\" data-id=\"7ad8613\" data-element_type=\"column\">\n\t\t\t<div class=\"elementor-column-wrap elementor-element-populated\">\n\t\t\t\t\t\t\t<div class=\"elementor-widget-wrap\">\n\t\t\t\t\t\t<div class=\"elementor-element elementor-element-a9e2da0 elementor-widget elementor-widget-tm-heading\" data-id=\"a9e2da0\" data-element_type=\"widget\" data-widget_type=\"tm-heading.default\">\n\t\t\t\t<div class=\"elementor-widget-container\">\n\t\t\t\t\t<div class=\"tm-modern-heading\">\n\t\t\t\n\t\t\t\t\t<div class=\"heading-primary-wrap\">\n\t\t\t<h2 class=\"heading-primary elementor-heading-title\">Journal du CIM<\/h2>\t\t<\/div>\n\t\t\n\t\t\t\n\t\t\t\t\t<div class=\"heading-description-wrap\">\n\t\t\t<div class=\"heading-description\">\n\t\t\t\t<div id=\"i4c-draggable-container\" style=\"position: fixed;z-index: 1499;width: 0px;height: 0px\">\n<div class=\"resolved\" style=\"color: initial;font: initial;writing-mode: initial;aspect-ratio: initial;background: initial;background-blend-mode: initial;border: initial;border-radius: initial;border-collapse: initial;box-shadow: initial;caption-side: initial;clear: initial;columns: initial;column-fill: initial;gap: initial;column-rule: initial;column-span: initial;cursor: initial;filter: initial;flex: initial;flex-flow: initial;float: initial;height: initial;letter-spacing: initial;margin: initial;max-height: initial;max-width: initial;min-height: initial;min-width: initial;object-fit: initial;object-position: initial;opacity: initial;overflow: initial;padding: initial;position: initial;text-align: left;text-decoration: initial;text-indent: initial;text-transform: initial;vertical-align: initial;border-spacing: initial;white-space: initial;width: initial;z-index: initial\" data-reactroot=\"\"><\/div>\n<\/div>\n<p style=\"text-align: left\"><span data-contrast=\"auto\">M\u00e9decine clinique et d&#039;investigation (CIM),<\/span><span data-contrast=\"auto\">\u00a0est le journal officiel de la\u00a0<\/span><span data-contrast=\"auto\">Canadien<\/span><span data-contrast=\"auto\">\u00a0Soci\u00e9t\u00e9 d&#039;investigation clinique, organisation partenaire du CITAC.\u00a0<\/span><span data-ccp-props=\"{\">\u00a0<\/span><\/p>\n<p style=\"text-align: left\"><span data-contrast=\"auto\">Le CIM publie des travaux originaux dans le domaine de la recherche clinique. Ces travaux incluent des travaux cliniques ou de laboratoire.<\/span><span data-contrast=\"auto\">Investigations oratoires et rapports cliniques. Les revues comprennent des informations pour la formation m\u00e9dicale continue (FMC), des articles de synth\u00e8se, des revues syst\u00e9matiques et des m\u00e9ta-analyses.<\/span><span data-ccp-props=\"{\">\u00a0<\/span><\/p>\n<p style=\"text-align: left\"><span data-contrast=\"auto\">Les stagiaires du CITAC sont \u00e9ligibles pour publier leurs travaux dans le CIM \u00e0 un tarif r\u00e9duit.<\/span><span data-contrast=\"auto\">e. Pour plus de d\u00e9tails, visitez <span style=\"color: #ba2b2e\">ici<\/span>.<\/span><\/p>\n\n<div id=\"i4c-dialogs-container\" style=\"text-align: left\"><\/div>\n<div id=\"i4c-dialogs-container\" style=\"text-align: left\"><\/div>\t\t\t<\/div>\n\t\t<\/div>\n\t\t\t<\/div>\n\t\t\t\t<\/div>\n\t\t\t\t<\/div>\n\t\t\t\t\t\t<\/div>\n\t\t\t\t\t<\/div>\n\t\t<\/div>\n\t\t\t\t<div class=\"elementor-column elementor-col-50 elementor-top-column elementor-element elementor-element-3161b4d\" data-id=\"3161b4d\" data-element_type=\"column\">\n\t\t\t<div class=\"elementor-column-wrap\">\n\t\t\t\t\t\t\t<div class=\"elementor-widget-wrap\">\n\t\t\t\t\t\t\t\t<\/div>\n\t\t\t\t\t<\/div>\n\t\t<\/div>\n\t\t\t\t\t\t\t\t<\/div>\n\t\t\t\t\t<\/div>\n\t\t<\/section>\n\t\t\t\t\t\t<\/div>\n\t\t\t\t\t\t<\/div>\n\t\t\t\t\t<\/div>","protected":false},"excerpt":{"rendered":"<p>CIM Journal Clinical and Investigative Medicine (CIM),\u00a0is the official journal of the\u00a0Candian\u00a0Society for Clinical Investigation, CITAC\u2019s partner organization.\u00a0\u00a0 CIM publishes original work in the field of Clinical Investigation. Original work includes clinical or laboratory investigations and clinical reports. Reviews include information for Continuing Medical Education (CME), narrative review articles, systematic reviews, and meta-analyses.\u00a0 CITAC trainees are eligible to publish their work in CIM at a discounted rate. For more details, visit here.<\/p>","protected":false},"author":471,"featured_media":0,"parent":0,"menu_order":0,"comment_status":"closed","ping_status":"closed","template":"","meta":{"footnotes":""},"class_list":["post-5714","page","type-page","status-publish","hentry","post-no-thumbnail"],"_links":{"self":[{"href":"https:\/\/citac-accfc.org\/fr\/wp-json\/wp\/v2\/pages\/5714","targetHints":{"allow":["GET"]}}],"collection":[{"href":"https:\/\/citac-accfc.org\/fr\/wp-json\/wp\/v2\/pages"}],"about":[{"href":"https:\/\/citac-accfc.org\/fr\/wp-json\/wp\/v2\/types\/page"}],"author":[{"embeddable":true,"href":"https:\/\/citac-accfc.org\/fr\/wp-json\/wp\/v2\/users\/471"}],"replies":[{"embeddable":true,"href":"https:\/\/citac-accfc.org\/fr\/wp-json\/wp\/v2\/comments?post=5714"}],"version-history":[{"count":69,"href":"https:\/\/citac-accfc.org\/fr\/wp-json\/wp\/v2\/pages\/5714\/revisions"}],"predecessor-version":[{"id":6766,"href":"https:\/\/citac-accfc.org\/fr\/wp-json\/wp\/v2\/pages\/5714\/revisions\/6766"}],"wp:attachment":[{"href":"https:\/\/citac-accfc.org\/fr\/wp-json\/wp\/v2\/media?parent=5714"}],"curies":[{"name":"wp","href":"https:\/\/api.w.org\/{rel}","templated":true}]}}