{"id":5738,"date":"2021-04-05T11:47:47","date_gmt":"2021-04-05T11:47:47","guid":{"rendered":"https:\/\/brandlume.dev\/citac.ca\/?page_id=5738"},"modified":"2021-05-17T18:57:48","modified_gmt":"2021-05-17T18:57:48","slug":"student-affairs","status":"publish","type":"page","link":"https:\/\/citac-accfc.org\/fr\/student-affairs\/","title":{"rendered":"Affaires \u00e9tudiantes"},"content":{"rendered":"<div data-elementor-type=\"wp-page\" data-elementor-id=\"5738\" class=\"elementor elementor-5738\" data-elementor-settings=\"[]\">\n\t\t\t\t\t\t<div class=\"elementor-inner\">\n\t\t\t\t\t\t\t<div class=\"elementor-section-wrap\">\n\t\t\t\t\t\t\t<section class=\"elementor-section elementor-top-section elementor-element elementor-element-a6c01d3 elementor-section-stretched elementor-section-column-vertical-align-middle elementor-section-boxed elementor-section-gap-beside-yes elementor-section-height-default elementor-section-height-default\" data-id=\"a6c01d3\" data-element_type=\"section\" data-settings=\"{&quot;stretch_section&quot;:&quot;section-stretched&quot;,&quot;background_background&quot;:&quot;classic&quot;}\">\n\t\t\t\t\t\t<div class=\"elementor-container elementor-column-gap-extended\">\n\t\t\t\t\t\t\t<div class=\"elementor-row\">\n\t\t\t\t\t<div class=\"elementor-column elementor-col-50 elementor-top-column elementor-element elementor-element-800a7a2\" data-id=\"800a7a2\" data-element_type=\"column\">\n\t\t\t<div class=\"elementor-column-wrap elementor-element-populated\">\n\t\t\t\t\t\t\t<div class=\"elementor-widget-wrap\">\n\t\t\t\t\t\t<div class=\"elementor-element elementor-element-275af80 elementor-widget elementor-widget-tm-heading\" data-id=\"275af80\" data-element_type=\"widget\" data-widget_type=\"tm-heading.default\">\n\t\t\t\t<div class=\"elementor-widget-container\">\n\t\t\t\t\t<div class=\"tm-modern-heading\">\n\t\t\t\n\t\t\t\t\t<div class=\"heading-primary-wrap\">\n\t\t\t<h2 class=\"heading-primary elementor-heading-title\">Affaires \u00e9tudiantes <\/h2>\t\t<\/div>\n\t\t\n\t\t\t\n\t\t\t\t\t<div class=\"heading-description-wrap\">\n\t\t\t<div class=\"heading-description\">\n\t\t\t\t<div id=\"i4c-draggable-container\" style=\"position: fixed;z-index: 1499;width: 0px;height: 0px\"><div class=\"resolved\" data-reactroot=\"\">\u00a0<\/div><\/div><p><span data-contrast=\"auto\">Le portefeuille des affaires \u00e9tudiantes est responsable du d\u00e9veloppement et de l\u2019expansion des services et des ressources destin\u00e9s aux stagiaires cliniciens-chercheurs.\u00a0<\/span><span data-ccp-props=\"{&quot;201341983&quot;:0,&quot;335559740&quot;:276}\">\u00a0<\/span><\/p><p><span data-contrast=\"auto\">Parmi les \u00e9v\u00e9nements que nous organisons, citons une s\u00e9rie de s\u00e9minaires sur les carri\u00e8res, le programme CIP the T, et une conf\u00e9rence annuelle en collaboration avec le CSCI. Nous proposons \u00e9galement un programme annuel de jumelage mentorat-mentor\u00e9. Pour plus d&#039;informations, veuillez consulter les pages suivantes.<\/span><span data-ccp-props=\"{&quot;201341983&quot;:0,&quot;335559740&quot;:276}\">\u00a0<\/span><\/p><div id=\"i4c-dialogs-container\">\u00a0<\/div><p><\/p>\t\t\t<\/div>\n\t\t<\/div>\n\t\t\t<\/div>\n\t\t\t\t<\/div>\n\t\t\t\t<\/div>\n\t\t\t\t<div class=\"elementor-element elementor-element-282fc15 elementor-widget elementor-widget-tm-button\" data-id=\"282fc15\" data-element_type=\"widget\" data-widget_type=\"tm-button.default\">\n\t\t\t\t<div class=\"elementor-widget-container\">\n\t\t\t\t\t<div class=\"tm-button-wrapper\">\n\t\t\t<a href=\"#\" class=\"tm-button-link tm-button style-flat tm-button-nm\" role=\"button\">\n\t\t\t\t\t\t<div class=\"button-content-wrapper\">\n\t\t\t\n\t\t\t\t\t\t\t<span class=\"button-text\">Apprendre encore plus<\/span>\n\t\t\t\n\t\t\t\t\t<\/div>\n\t\t\n\t\t\t\t\t\t\t<\/a>\n\t\t<\/div>\n\t\t\t\t<\/div>\n\t\t\t\t<\/div>\n\t\t\t\t\t\t<\/div>\n\t\t\t\t\t<\/div>\n\t\t<\/div>\n\t\t\t\t<div class=\"elementor-column elementor-col-50 elementor-top-column elementor-element elementor-element-8cfe7f4\" data-id=\"8cfe7f4\" data-element_type=\"column\">\n\t\t\t<div class=\"elementor-column-wrap elementor-element-populated\">\n\t\t\t\t\t\t\t<div class=\"elementor-widget-wrap\">\n\t\t\t\t\t\t\t\t<\/div>\n\t\t\t\t\t<\/div>\n\t\t<\/div>\n\t\t\t\t\t\t\t\t<\/div>\n\t\t\t\t\t<\/div>\n\t\t<\/section>\n\t\t\t\t<section class=\"elementor-section elementor-top-section elementor-element elementor-element-4b98366 elementor-section-column-vertical-align-middle elementor-section-stretched elementor-section-boxed elementor-section-gap-beside-yes elementor-section-height-default elementor-section-height-default\" data-id=\"4b98366\" data-element_type=\"section\" data-settings=\"{&quot;stretch_section&quot;:&quot;section-stretched&quot;,&quot;background_background&quot;:&quot;classic&quot;}\">\n\t\t\t\t\t\t<div class=\"elementor-container elementor-column-gap-extended\">\n\t\t\t\t\t\t\t<div class=\"elementor-row\">\n\t\t\t\t\t<div class=\"elementor-column elementor-col-100 elementor-top-column elementor-element elementor-element-18e05f9\" data-id=\"18e05f9\" data-element_type=\"column\">\n\t\t\t<div class=\"elementor-column-wrap elementor-element-populated\">\n\t\t\t\t\t\t\t<div class=\"elementor-widget-wrap\">\n\t\t\t\t\t\t<div class=\"elementor-element elementor-element-c38f1ef elementor-widget elementor-widget-text-editor\" data-id=\"c38f1ef\" data-element_type=\"widget\" data-widget_type=\"text-editor.default\">\n\t\t\t\t<div class=\"elementor-widget-container\">\n\t\t\t\t\t\t\t\t<div class=\"elementor-text-editor elementor-clearfix\">\n\t\t\t\t\t<div id=\"i4c-draggable-container\" style=\"position: fixed; z-index: 1499; width: 0px; height: 0px;\"><div class=\"resolved\" style=\"all: initial;\" data-reactroot=\"\">\u00a0<\/div><\/div><p><span class=\"TextRun SCXW29902267 BCX0\" lang=\"EN\" xml:lang=\"EN\" data-contrast=\"auto\"><span class=\"NormalTextRun SCXW29902267 BCX0\">Vous avez une suggestion\u00a0? Veuillez nous la soumettre.<\/span><\/span><span class=\"TextRun SCXW29902267 BCX0\" lang=\"EN\" xml:lang=\"EN\" data-contrast=\"auto\"><span class=\"NormalTextRun SCXW29902267 BCX0\">retour \u00e0 <\/span><\/span><span style=\"color: #ed2326;\"><a class=\"Hyperlink SCXW29902267 BCX0\" style=\"color: #ed2326;\" href=\"mailto:studentaffairs@citac.org\" target=\"_blank\" rel=\"noreferrer noopener\"><span class=\"TextRun Underlined SCXW29902267 BCX0\" lang=\"EN\" xml:lang=\"EN\" data-contrast=\"none\"><span class=\"NormalTextRun SCXW29902267 BCX0\">studentaffairs@citac.org<\/span><\/span><\/a><\/span><span class=\"TextRun SCXW29902267 BCX0\" lang=\"EN\" xml:lang=\"EN\" data-contrast=\"auto\"><span class=\"NormalTextRun SCXW29902267 BCX0\">\u00a0<\/span><\/span><span class=\"EOP SCXW29902267 BCX0\" data-ccp-props=\"{\">\u00a0<\/span><\/p><div id=\"i4c-dialogs-container\">\u00a0<\/div>\t\t\t\t\t<\/div>\n\t\t\t\t\t\t<\/div>\n\t\t\t\t<\/div>\n\t\t\t\t\t\t<\/div>\n\t\t\t\t\t<\/div>\n\t\t<\/div>\n\t\t\t\t\t\t\t\t<\/div>\n\t\t\t\t\t<\/div>\n\t\t<\/section>\n\t\t\t\t\t\t<\/div>\n\t\t\t\t\t\t<\/div>\n\t\t\t\t\t<\/div>","protected":false},"excerpt":{"rendered":"<p>Student Affairs \u00a0 The student affairs portfolio is responsible for the development and expansion of services and resources for clinician-investigator trainees.\u00a0\u00a0 Some of the events we host include an ongoing career seminar series, CIP the T, and an annual conference in collaboration with CSCI. We also run a mentorship-mentee match program yearly. For more information, please see subsequent pages.\u00a0 \u00a0 Learn more \u00a0 Have a suggestion? Please submit your feedback to studentaffairs@citac.org\u00a0\u00a0 \u00a0<\/p>","protected":false},"author":471,"featured_media":0,"parent":0,"menu_order":0,"comment_status":"closed","ping_status":"closed","template":"","meta":{"footnotes":""},"class_list":["post-5738","page","type-page","status-publish","hentry","post-no-thumbnail"],"_links":{"self":[{"href":"https:\/\/citac-accfc.org\/fr\/wp-json\/wp\/v2\/pages\/5738","targetHints":{"allow":["GET"]}}],"collection":[{"href":"https:\/\/citac-accfc.org\/fr\/wp-json\/wp\/v2\/pages"}],"about":[{"href":"https:\/\/citac-accfc.org\/fr\/wp-json\/wp\/v2\/types\/page"}],"author":[{"embeddable":true,"href":"https:\/\/citac-accfc.org\/fr\/wp-json\/wp\/v2\/users\/471"}],"replies":[{"embeddable":true,"href":"https:\/\/citac-accfc.org\/fr\/wp-json\/wp\/v2\/comments?post=5738"}],"version-history":[{"count":25,"href":"https:\/\/citac-accfc.org\/fr\/wp-json\/wp\/v2\/pages\/5738\/revisions"}],"predecessor-version":[{"id":7012,"href":"https:\/\/citac-accfc.org\/fr\/wp-json\/wp\/v2\/pages\/5738\/revisions\/7012"}],"wp:attachment":[{"href":"https:\/\/citac-accfc.org\/fr\/wp-json\/wp\/v2\/media?parent=5738"}],"curies":[{"name":"wp","href":"https:\/\/api.w.org\/{rel}","templated":true}]}}