{"id":5756,"date":"2021-04-05T12:01:42","date_gmt":"2021-04-05T12:01:42","guid":{"rendered":"https:\/\/brandlume.dev\/citac.ca\/?page_id=5756"},"modified":"2021-05-13T19:29:51","modified_gmt":"2021-05-13T19:29:51","slug":"mentorship-match","status":"publish","type":"page","link":"https:\/\/citac-accfc.org\/fr\/mentorship-match\/","title":{"rendered":"Match de mentorat"},"content":{"rendered":"<div data-elementor-type=\"wp-page\" data-elementor-id=\"5756\" class=\"elementor elementor-5756\" data-elementor-settings=\"[]\">\n\t\t\t\t\t\t<div class=\"elementor-inner\">\n\t\t\t\t\t\t\t<div class=\"elementor-section-wrap\">\n\t\t\t\t\t\t\t<section class=\"elementor-section elementor-top-section elementor-element elementor-element-ba7749c elementor-section-boxed elementor-section-gap-beside-yes elementor-section-height-default elementor-section-height-default elementor-section-column-vertical-align-stretch\" data-id=\"ba7749c\" data-element_type=\"section\">\n\t\t\t\t\t\t<div class=\"elementor-container elementor-column-gap-extended\">\n\t\t\t\t\t\t\t<div class=\"elementor-row\">\n\t\t\t\t\t<div class=\"elementor-column elementor-col-50 elementor-top-column elementor-element elementor-element-be35544\" data-id=\"be35544\" data-element_type=\"column\">\n\t\t\t<div class=\"elementor-column-wrap elementor-element-populated\">\n\t\t\t\t\t\t\t<div class=\"elementor-widget-wrap\">\n\t\t\t\t\t\t<div class=\"elementor-element elementor-element-87ac502 elementor-widget elementor-widget-tm-heading\" data-id=\"87ac502\" data-element_type=\"widget\" data-widget_type=\"tm-heading.default\">\n\t\t\t\t<div class=\"elementor-widget-container\">\n\t\t\t\t\t<div class=\"tm-modern-heading\">\n\t\t\t\n\t\t\t\t\t<div class=\"heading-primary-wrap\">\n\t\t\t<h2 class=\"heading-primary elementor-heading-title\">Jumelage de mentorat<\/h2>\t\t<\/div>\n\t\t\n\t\t\t\n\t\t\t\t\t<div class=\"heading-description-wrap\">\n\t\t\t<div class=\"heading-description\">\n\t\t\t\t<div id=\"i4c-draggable-container\" style=\"position: fixed;z-index: 1499;width: 0px;height: 0px\">\n<div class=\"resolved\" style=\"color: initial;font: initial;writing-mode: initial;aspect-ratio: initial;background: initial;background-blend-mode: initial;border: initial;border-radius: initial;border-collapse: initial;box-shadow: initial;caption-side: initial;clear: initial;columns: initial;column-fill: initial;gap: initial;column-rule: initial;column-span: initial;cursor: initial;filter: initial;flex: initial;flex-flow: initial;float: initial;height: initial;letter-spacing: initial;margin: initial;max-height: initial;max-width: initial;min-height: initial;min-width: initial;object-fit: initial;object-position: initial;opacity: initial;overflow: initial;padding: initial;position: initial;text-align: left;text-decoration: initial;text-indent: initial;text-transform: initial;vertical-align: initial;border-spacing: initial;white-space: initial;width: initial;z-index: initial\" data-reactroot=\"\"><\/div>\n<\/div>\n<p style=\"text-align: left\"><span class=\"TextRun SCXW73990197 BCX0\" lang=\"EN\" xml:lang=\"EN\" data-contrast=\"auto\"><span class=\"NormalTextRun SCXW73990197 BCX0\">Notre programme national de mentorat MD+ vise \u00e0 mettre en relation les stagiaires actuels avec des mentors de tout le pays.\u00a0<\/span><\/span><span class=\"TextRun SCXW73990197 BCX0\" lang=\"EN\" xml:lang=\"EN\" data-contrast=\"auto\"><span class=\"NormalTextRun SCXW73990197 BCX0\">sont connect\u00e9s \u00e0<\/span><\/span><span class=\"TextRun SCXW73990197 BCX0\" lang=\"EN\" xml:lang=\"EN\" data-contrast=\"auto\"><span class=\"NormalTextRun SCXW73990197 BCX0\">\u00a0anciens cliniciens-chercheurs bas\u00e9s n&#039;importe o\u00f9 dans le pays, offrant aux \u00e9tudiants la possibilit\u00e9 d&#039;acqu\u00e9rir une profession<\/span><\/span><span class=\"TextRun SCXW73990197 BCX0\" lang=\"EN\" xml:lang=\"EN\" data-contrast=\"auto\"><span class=\"NormalTextRun SCXW73990197 BCX0\">Contactez-nous et explorez une gamme de sujets, notamment l&#039;\u00e9quilibre entre vie professionnelle et vie priv\u00e9e, la navigation dans le paysage professionnel, la fusion des int\u00e9r\u00eats cliniques et de recherche, et plus encore\u00a0!<\/span><\/span><span class=\"EOP SCXW73990197 BCX0\" data-ccp-props=\"{\">\u00a0<\/span><\/p>\n<p style=\"text-align: left\"><span class=\"EOP SCXW73990197 BCX0\" data-ccp-props=\"{\">\u00a0<\/span><\/p>\t\t\t<\/div>\n\t\t<\/div>\n\t\t\t<\/div>\n\t\t\t\t<\/div>\n\t\t\t\t<\/div>\n\t\t\t\t\t\t<\/div>\n\t\t\t\t\t<\/div>\n\t\t<\/div>\n\t\t\t\t<div class=\"elementor-column elementor-col-50 elementor-top-column elementor-element elementor-element-29e3305\" data-id=\"29e3305\" data-element_type=\"column\">\n\t\t\t<div class=\"elementor-column-wrap\">\n\t\t\t\t\t\t\t<div class=\"elementor-widget-wrap\">\n\t\t\t\t\t\t\t\t<\/div>\n\t\t\t\t\t<\/div>\n\t\t<\/div>\n\t\t\t\t\t\t\t\t<\/div>\n\t\t\t\t\t<\/div>\n\t\t<\/section>\n\t\t\t\t\t\t<\/div>\n\t\t\t\t\t\t<\/div>\n\t\t\t\t\t<\/div>","protected":false},"excerpt":{"rendered":"<p>Mentorship match Our nationwide MD+ Mentorship Program aims to connect current trainees with mentors from across the country. Trainees\u00a0are connected with\u00a0clinician-investigator alumni based anywhere in the country, providing an opportunity for students to garner professional contacts and explore a range of topics including work-life balance, navigating the job landscape, merging clinical with research interests, and more!\u00a0 \u00a0<\/p>","protected":false},"author":471,"featured_media":0,"parent":0,"menu_order":0,"comment_status":"closed","ping_status":"closed","template":"","meta":{"footnotes":""},"class_list":["post-5756","page","type-page","status-publish","hentry","post-no-thumbnail"],"_links":{"self":[{"href":"https:\/\/citac-accfc.org\/fr\/wp-json\/wp\/v2\/pages\/5756","targetHints":{"allow":["GET"]}}],"collection":[{"href":"https:\/\/citac-accfc.org\/fr\/wp-json\/wp\/v2\/pages"}],"about":[{"href":"https:\/\/citac-accfc.org\/fr\/wp-json\/wp\/v2\/types\/page"}],"author":[{"embeddable":true,"href":"https:\/\/citac-accfc.org\/fr\/wp-json\/wp\/v2\/users\/471"}],"replies":[{"embeddable":true,"href":"https:\/\/citac-accfc.org\/fr\/wp-json\/wp\/v2\/comments?post=5756"}],"version-history":[{"count":23,"href":"https:\/\/citac-accfc.org\/fr\/wp-json\/wp\/v2\/pages\/5756\/revisions"}],"predecessor-version":[{"id":6775,"href":"https:\/\/citac-accfc.org\/fr\/wp-json\/wp\/v2\/pages\/5756\/revisions\/6775"}],"wp:attachment":[{"href":"https:\/\/citac-accfc.org\/fr\/wp-json\/wp\/v2\/media?parent=5756"}],"curies":[{"name":"wp","href":"https:\/\/api.w.org\/{rel}","templated":true}]}}