{"id":5769,"date":"2021-04-05T12:11:33","date_gmt":"2021-04-05T12:11:33","guid":{"rendered":"https:\/\/brandlume.dev\/citac.ca\/?page_id=5769"},"modified":"2021-06-02T17:17:13","modified_gmt":"2021-06-02T17:17:13","slug":"partnerships","status":"publish","type":"page","link":"https:\/\/citac-accfc.org\/fr\/partnerships\/","title":{"rendered":"Partenariats"},"content":{"rendered":"<div data-elementor-type=\"wp-page\" data-elementor-id=\"5769\" class=\"elementor elementor-5769\" data-elementor-settings=\"[]\">\n\t\t\t\t\t\t<div class=\"elementor-inner\">\n\t\t\t\t\t\t\t<div class=\"elementor-section-wrap\">\n\t\t\t\t\t\t\t<section class=\"elementor-section elementor-top-section elementor-element elementor-element-a6c01d3 elementor-section-stretched elementor-section-column-vertical-align-middle elementor-section-boxed elementor-section-gap-beside-yes elementor-section-height-default elementor-section-height-default\" data-id=\"a6c01d3\" data-element_type=\"section\" data-settings=\"{&quot;stretch_section&quot;:&quot;section-stretched&quot;,&quot;background_background&quot;:&quot;classic&quot;}\">\n\t\t\t\t\t\t<div class=\"elementor-container elementor-column-gap-extended\">\n\t\t\t\t\t\t\t<div class=\"elementor-row\">\n\t\t\t\t\t<div class=\"elementor-column elementor-col-50 elementor-top-column elementor-element elementor-element-800a7a2\" data-id=\"800a7a2\" data-element_type=\"column\">\n\t\t\t<div class=\"elementor-column-wrap elementor-element-populated\">\n\t\t\t\t\t\t\t<div class=\"elementor-widget-wrap\">\n\t\t\t\t\t\t<div class=\"elementor-element elementor-element-275af80 elementor-widget elementor-widget-tm-heading\" data-id=\"275af80\" data-element_type=\"widget\" data-widget_type=\"tm-heading.default\">\n\t\t\t\t<div class=\"elementor-widget-container\">\n\t\t\t\t\t<div class=\"tm-modern-heading\">\n\t\t\t\n\t\t\t\t\t<div class=\"heading-primary-wrap\">\n\t\t\t<h2 class=\"heading-primary elementor-heading-title\">Partenariats <\/h2>\t\t<\/div>\n\t\t\n\t\t\t\n\t\t\t\t\t<div class=\"heading-description-wrap\">\n\t\t\t<div class=\"heading-description\">\n\t\t\t\t<div id=\"i4c-draggable-container\" style=\"position: fixed;z-index: 1499;width: 0px;height: 0px\"><div class=\"resolved\" data-reactroot=\"\">\u00a0<\/div><\/div><p><span class=\"TextRun SCXW259528080 BCX0\" lang=\"EN\" xml:lang=\"EN\" data-contrast=\"auto\"><span class=\"NormalTextRun SCXW259528080 BCX0\">Le CITAC a la chance de collaborer avec diverses organisations qui visent \u00e0 faire progresser les parcours professionnels des cliniciens-chercheurs et \u00e0 cr\u00e9er des opportunit\u00e9s pour les stagiaires. Ensemble, nous organisons des s\u00e9minaires et des ateliers, organisons des conf\u00e9rences et accompagnons les stagiaires dans leur parcours professionnel.<\/span><\/span><span class=\"TextRun SCXW259528080 BCX0\" lang=\"EN\" xml:lang=\"EN\" data-contrast=\"auto\"><span class=\"NormalTextRun SCXW259528080 BCX0\">s, et bien plus encore. <\/span><\/span><\/p><p><span class=\"TextRun SCXW259528080 BCX0\" lang=\"EN\" xml:lang=\"EN\" data-contrast=\"auto\"><span class=\"NormalTextRun SCXW259528080 BCX0\">Ce faisant, nous collaborons avec des stagiaires, des m\u00e9decins et des scientifiques du Canada et de l&#039;\u00e9tranger afin de d\u00e9velopper du contenu stimulant et pertinent pour le parcours de formation contemporain des cliniciens-chercheurs. Lisez ci-dessous pour en savoir plus sur nos partenaires.<\/span><\/span><span class=\"TextRun SCXW259528080 BCX0\" lang=\"EN\" xml:lang=\"EN\" data-contrast=\"auto\"><span class=\"NormalTextRun SCXW259528080 BCX0\">d les opportunit\u00e9s \u00e9ducatives et de formation que nous offrons ensemble.<\/span><\/span><span class=\"EOP SCXW259528080 BCX0\" data-ccp-props=\"{\">\u00a0<\/span><\/p><p><span class=\"TextRun SCXW29902267 BCX0\" lang=\"EN\" xml:lang=\"EN\" data-contrast=\"auto\"><span class=\"NormalTextRun SCXW29902267 BCX0\">Vous avez une suggestion\u00a0? Veuillez nous la soumettre.<\/span><\/span><span class=\"TextRun SCXW29902267 BCX0\" lang=\"EN\" xml:lang=\"EN\" data-contrast=\"auto\"><span class=\"NormalTextRun SCXW29902267 BCX0\">retour \u00e0 <\/span><\/span><span style=\"color: #ed2326\"><a class=\"Hyperlink SCXW29902267 BCX0\" style=\"color: #ed2326\" href=\"mailto:partnerships@citac.org\" target=\"_blank\" rel=\"noreferrer noopener\"><span class=\"TextRun Underlined SCXW29902267 BCX0\" lang=\"EN\" xml:lang=\"EN\" data-contrast=\"none\"><span class=\"NormalTextRun SCXW29902267 BCX0\">partenariats@citac.org<\/span><\/span><\/a><\/span><span class=\"TextRun SCXW29902267 BCX0\" lang=\"EN\" xml:lang=\"EN\" data-contrast=\"auto\"><span class=\"NormalTextRun SCXW29902267 BCX0\">\u00a0<\/span><\/span><\/p><div id=\"i4c-dialogs-container\">\u00a0<\/div>\t\t\t<\/div>\n\t\t<\/div>\n\t\t\t<\/div>\n\t\t\t\t<\/div>\n\t\t\t\t<\/div>\n\t\t\t\t\t\t<\/div>\n\t\t\t\t\t<\/div>\n\t\t<\/div>\n\t\t\t\t<div class=\"elementor-column elementor-col-50 elementor-top-column elementor-element elementor-element-8cfe7f4\" data-id=\"8cfe7f4\" data-element_type=\"column\">\n\t\t\t<div class=\"elementor-column-wrap elementor-element-populated\">\n\t\t\t\t\t\t\t<div class=\"elementor-widget-wrap\">\n\t\t\t\t\t\t\t\t<\/div>\n\t\t\t\t\t<\/div>\n\t\t<\/div>\n\t\t\t\t\t\t\t\t<\/div>\n\t\t\t\t\t<\/div>\n\t\t<\/section>\n\t\t\t\t<section class=\"elementor-section elementor-top-section elementor-element elementor-element-4b98366 elementor-section-column-vertical-align-middle elementor-section-stretched elementor-section-boxed elementor-section-gap-beside-yes elementor-section-height-default elementor-section-height-default\" data-id=\"4b98366\" data-element_type=\"section\" data-settings=\"{&quot;stretch_section&quot;:&quot;section-stretched&quot;,&quot;background_background&quot;:&quot;classic&quot;}\">\n\t\t\t\t\t\t<div class=\"elementor-container elementor-column-gap-extended\">\n\t\t\t\t\t\t\t<div class=\"elementor-row\">\n\t\t\t\t\t<div class=\"elementor-column elementor-col-100 elementor-top-column elementor-element elementor-element-18e05f9\" data-id=\"18e05f9\" data-element_type=\"column\">\n\t\t\t<div class=\"elementor-column-wrap elementor-element-populated\">\n\t\t\t\t\t\t\t<div class=\"elementor-widget-wrap\">\n\t\t\t\t\t\t<div class=\"elementor-element elementor-element-c38f1ef elementor-widget elementor-widget-text-editor\" data-id=\"c38f1ef\" data-element_type=\"widget\" data-widget_type=\"text-editor.default\">\n\t\t\t\t<div class=\"elementor-widget-container\">\n\t\t\t\t\t\t\t\t<div class=\"elementor-text-editor elementor-clearfix\">\n\t\t\t\t\t<div id=\"i4c-draggable-container\" style=\"position: fixed; z-index: 1499; width: 0px; height: 0px;\"><div class=\"resolved\" style=\"all: initial;\" data-reactroot=\"\">\u00a0<\/div><\/div><p><span class=\"TextRun SCXW29902267 BCX0\" lang=\"EN\" xml:lang=\"EN\" data-contrast=\"auto\"><span class=\"NormalTextRun SCXW29902267 BCX0\"><span class=\"TextRun SCXW218478354 BCX0\" lang=\"EN\" xml:lang=\"EN\" data-contrast=\"auto\"><span class=\"NormalTextRun SCXW218478354 BCX0\">Le CITAC est toujours \u00e0 la recherche de nouveaux partenariats. Si votre groupe souhaite collaborer \u00e0 des opportunit\u00e9s pour les stagiaires cliniciens-chercheurs canadiens, nous vous encourageons \u00e0 communiquer avec<\/span><\/span><span class=\"TextRun SCXW218478354 BCX0\" lang=\"EN\" xml:lang=\"EN\" data-contrast=\"auto\"><span class=\"NormalTextRun SCXW218478354 BCX0\">Contactez-nous \u00e0\u00a0<\/span><\/span> <\/span><\/span><span style=\"color: #ed2326;\"><a class=\"Hyperlink SCXW29902267 BCX0\" style=\"color: #ed2326;\" href=\"mailto:partnerships@citac.org\" target=\"_blank\" rel=\"noreferrer noopener\"><span class=\"TextRun Underlined SCXW29902267 BCX0\" lang=\"EN\" xml:lang=\"EN\" data-contrast=\"none\"><span class=\"NormalTextRun SCXW29902267 BCX0\">partenariats@citac.org.<\/span><\/span><\/a><\/span><\/p><div id=\"i4c-dialogs-container\">\u00a0<\/div>\t\t\t\t\t<\/div>\n\t\t\t\t\t\t<\/div>\n\t\t\t\t<\/div>\n\t\t\t\t\t\t<\/div>\n\t\t\t\t\t<\/div>\n\t\t<\/div>\n\t\t\t\t\t\t\t\t<\/div>\n\t\t\t\t\t<\/div>\n\t\t<\/section>\n\t\t\t\t<section class=\"elementor-section elementor-top-section elementor-element elementor-element-f068fd6 elementor-section-boxed elementor-section-gap-beside-yes elementor-section-height-default elementor-section-height-default elementor-section-column-vertical-align-stretch\" data-id=\"f068fd6\" data-element_type=\"section\">\n\t\t\t\t\t\t<div class=\"elementor-container elementor-column-gap-extended\">\n\t\t\t\t\t\t\t<div class=\"elementor-row\">\n\t\t\t\t\t<div class=\"elementor-column elementor-col-50 elementor-top-column elementor-element elementor-element-63e95c7\" data-id=\"63e95c7\" data-element_type=\"column\">\n\t\t\t<div class=\"elementor-column-wrap elementor-element-populated\">\n\t\t\t\t\t\t\t<div class=\"elementor-widget-wrap\">\n\t\t\t\t\t\t<div class=\"elementor-element elementor-element-757c97d elementor-widget elementor-widget-text-editor\" data-id=\"757c97d\" data-element_type=\"widget\" data-widget_type=\"text-editor.default\">\n\t\t\t\t<div class=\"elementor-widget-container\">\n\t\t\t\t\t\t\t\t<div class=\"elementor-text-editor elementor-clearfix\">\n\t\t\t\t\t<h2>Gestion financi\u00e8re MD et Banque Scotia<\/h2><p><span class=\"TextRun BCX0 SCXW263808607\" lang=\"EN\" xml:lang=\"EN\" data-contrast=\"auto\"><span class=\"NormalTextRun BCX0 SCXW263808607\">est<\/span><\/span><span class=\"TextRun BCX0 SCXW263808607\" lang=\"EN\" xml:lang=\"EN\" data-contrast=\"auto\"><span class=\"NormalTextRun BCX0 SCXW263808607\"> nos partenaires exclusifs en mati\u00e8re de services financiers. Le partenariat strat\u00e9gique collaboratif de CITAC avec MD Financial Management<\/span><\/span><span class=\"TextRun BCX0 SCXW263808607\" lang=\"EN\" xml:lang=\"EN\" data-contrast=\"auto\"><span class=\"NormalTextRun BCX0 SCXW263808607\">La collaboration entre le programme et la Banque Scotia, cr\u00e9\u00e9e en 2018, nous permet de mieux r\u00e9pondre aux besoins des stagiaires cliniciens-chercheurs. Pour en savoir plus sur les nombreux services et ressources financi\u00e8res offerts aux stagiaires, consultez <a href=\"\/fr\/financial-resources\/\"><span style=\"color: #ed2326; display: inline;\">leur page<\/span><\/a> ici.<\/span><\/span><\/p><h2>Soci\u00e9t\u00e9 canadienne de recherche clinique (SCRC) \u200b<\/h2><p><span class=\"TextRun BCX0 SCXW61528434\" lang=\"EN\" xml:lang=\"EN\" data-contrast=\"auto\"><span class=\"NormalTextRun BCX0 SCXW61528434\">Repr\u00e9sente et met en relation les personnes menant des recherches cliniques partout au Canada. Nous travaillons <\/span><\/span><span class=\"TextRun BCX0 SCXW61528434\" lang=\"EN\" xml:lang=\"EN\" data-contrast=\"auto\"><span class=\"NormalTextRun BCX0 SCXW61528434\">main dans la main<\/span><\/span><span class=\"TextRun BCX0 SCXW61528434\" lang=\"EN\" xml:lang=\"EN\" data-contrast=\"auto\"><span class=\"NormalTextRun BCX0 SCXW61528434\">\u00a0pour promouvoir les carri\u00e8res en m\u00e9decine universitaire, connecter le clinicien-chercheur c<\/span><\/span><span class=\"TextRun BCX0 SCXW61528434\" lang=\"EN\" xml:lang=\"EN\" data-contrast=\"auto\"><span class=\"NormalTextRun BCX0 SCXW61528434\">Communaut\u00e9, et pour \u00e9laborer et mettre en \u0153uvre des programmes, comme notre assembl\u00e9e g\u00e9n\u00e9rale annuelle conjointe. Pour plus d&#039;informations sur le CSCI, veuillez consulter son site web. <span style=\"color: #ed2326;\">ici<\/span>.<\/span><\/span><\/p>\t\t\t\t\t<\/div>\n\t\t\t\t\t\t<\/div>\n\t\t\t\t<\/div>\n\t\t\t\t\t\t<\/div>\n\t\t\t\t\t<\/div>\n\t\t<\/div>\n\t\t\t\t<div class=\"elementor-column elementor-col-50 elementor-top-column elementor-element elementor-element-fbf896d\" data-id=\"fbf896d\" data-element_type=\"column\">\n\t\t\t<div class=\"elementor-column-wrap elementor-element-populated\">\n\t\t\t\t\t\t\t<div class=\"elementor-widget-wrap\">\n\t\t\t\t\t\t<div class=\"elementor-element elementor-element-d9d26ea elementor-widget elementor-widget-image\" data-id=\"d9d26ea\" data-element_type=\"widget\" data-widget_type=\"image.default\">\n\t\t\t\t<div class=\"elementor-widget-container\">\n\t\t\t\t\t\t\t\t<div class=\"elementor-image\">\n\t\t\t\t\t\t\t\t\t\t\t\t<img loading=\"lazy\" decoding=\"async\" width=\"268\" height=\"300\" src=\"https:\/\/citac-accfc.org\/wp-content\/uploads\/2021\/05\/MDFM_Scotiabank-Healthcare_EN_Verti_RGB_300DPI-268x300.jpg\" class=\"attachment-medium size-medium\" alt=\"\" srcset=\"https:\/\/citac-accfc.org\/wp-content\/uploads\/2021\/05\/MDFM_Scotiabank-Healthcare_EN_Verti_RGB_300DPI-268x300.jpg 268w, https:\/\/citac-accfc.org\/wp-content\/uploads\/2021\/05\/MDFM_Scotiabank-Healthcare_EN_Verti_RGB_300DPI.jpg 507w\" sizes=\"auto, (max-width: 268px) 100vw, 268px\" \/>\t\t\t\t\t\t\t\t\t\t\t\t\t\t<\/div>\n\t\t\t\t\t\t<\/div>\n\t\t\t\t<\/div>\n\t\t\t\t\t\t<\/div>\n\t\t\t\t\t<\/div>\n\t\t<\/div>\n\t\t\t\t\t\t\t\t<\/div>\n\t\t\t\t\t<\/div>\n\t\t<\/section>\n\t\t\t\t<section class=\"elementor-section elementor-top-section elementor-element elementor-element-6c91d12 elementor-section-boxed elementor-section-gap-beside-yes elementor-section-height-default elementor-section-height-default elementor-section-column-vertical-align-stretch\" data-id=\"6c91d12\" data-element_type=\"section\">\n\t\t\t\t\t\t<div class=\"elementor-container elementor-column-gap-extended\">\n\t\t\t\t\t\t\t<div class=\"elementor-row\">\n\t\t\t\t\t<div class=\"elementor-column elementor-col-50 elementor-top-column elementor-element elementor-element-9d3ee1f\" data-id=\"9d3ee1f\" data-element_type=\"column\">\n\t\t\t<div class=\"elementor-column-wrap elementor-element-populated\">\n\t\t\t\t\t\t\t<div class=\"elementor-widget-wrap\">\n\t\t\t\t\t\t<div class=\"elementor-element elementor-element-3076f36 elementor-widget elementor-widget-text-editor\" data-id=\"3076f36\" data-element_type=\"widget\" data-widget_type=\"text-editor.default\">\n\t\t\t\t<div class=\"elementor-widget-container\">\n\t\t\t\t\t\t\t\t<div class=\"elementor-text-editor elementor-clearfix\">\n\t\t\t\t\t<h2>Consortium international des organisations de stagiaires cliniciens-chercheurs (ICCSTO)<\/h2><p><span class=\"TextRun BCX0 SCXW23587290\" lang=\"EN\" xml:lang=\"EN\" data-contrast=\"auto\"><span class=\"NormalTextRun BCX0 SCXW23587290\">est une collaboration entre des organisations r\u00e9gionales qui se font le porte-parole des cliniciens-chercheurs stagiaires. Le consortium a pour objectif de renforcer les liens entre les cliniciens-chercheurs du monde entier.<\/span><\/span><span class=\"TextRun BCX0 SCXW23587290\" lang=\"EN\" xml:lang=\"EN\" data-contrast=\"auto\"><span class=\"NormalTextRun BCX0 SCXW23587290\">Communaut\u00e9, afin d&#039;\u00e9tudier les fili\u00e8res et les r\u00e9sultats de formation dans les diff\u00e9rents parcours internationaux, et de faciliter les perspectives de carri\u00e8re des stagiaires. Pour plus d&#039;informations sur l&#039;ICCSTO, veuillez consulter notre site web. <span style=\"color: #ed2326;\"><a style=\"color: #ed2326;\" href=\"\/fr\/_wp_link_placeholder\/\" data-wplink-edit=\"true\">ici<\/a><\/span>.<\/span><\/span><\/p>\t\t\t\t\t<\/div>\n\t\t\t\t\t\t<\/div>\n\t\t\t\t<\/div>\n\t\t\t\t\t\t<\/div>\n\t\t\t\t\t<\/div>\n\t\t<\/div>\n\t\t\t\t<div class=\"elementor-column elementor-col-50 elementor-top-column elementor-element elementor-element-1acd0fd\" data-id=\"1acd0fd\" data-element_type=\"column\">\n\t\t\t<div class=\"elementor-column-wrap elementor-element-populated\">\n\t\t\t\t\t\t\t<div class=\"elementor-widget-wrap\">\n\t\t\t\t\t\t<div class=\"elementor-element elementor-element-580a14e elementor-widget elementor-widget-image\" data-id=\"580a14e\" data-element_type=\"widget\" data-widget_type=\"image.default\">\n\t\t\t\t<div class=\"elementor-widget-container\">\n\t\t\t\t\t\t\t\t<div class=\"elementor-image\">\n\t\t\t\t\t\t\t\t\t\t\t\t<img loading=\"lazy\" decoding=\"async\" width=\"1200\" height=\"400\" src=\"https:\/\/citac-accfc.org\/wp-content\/uploads\/2021\/05\/ICCSTO_horizontal_color_for-white-BG-1-1200x400-1.png\" class=\"attachment-full size-full\" alt=\"\" srcset=\"https:\/\/citac-accfc.org\/wp-content\/uploads\/2021\/05\/ICCSTO_horizontal_color_for-white-BG-1-1200x400-1.png 1200w, https:\/\/citac-accfc.org\/wp-content\/uploads\/2021\/05\/ICCSTO_horizontal_color_for-white-BG-1-1200x400-1-300x100.png 300w, https:\/\/citac-accfc.org\/wp-content\/uploads\/2021\/05\/ICCSTO_horizontal_color_for-white-BG-1-1200x400-1-1024x341.png 1024w, https:\/\/citac-accfc.org\/wp-content\/uploads\/2021\/05\/ICCSTO_horizontal_color_for-white-BG-1-1200x400-1-768x256.png 768w\" sizes=\"auto, (max-width: 1200px) 100vw, 1200px\" \/>\t\t\t\t\t\t\t\t\t\t\t\t\t\t<\/div>\n\t\t\t\t\t\t<\/div>\n\t\t\t\t<\/div>\n\t\t\t\t\t\t<\/div>\n\t\t\t\t\t<\/div>\n\t\t<\/div>\n\t\t\t\t\t\t\t\t<\/div>\n\t\t\t\t\t<\/div>\n\t\t<\/section>\n\t\t\t\t\t\t<\/div>\n\t\t\t\t\t\t<\/div>\n\t\t\t\t\t<\/div>","protected":false},"excerpt":{"rendered":"<p>Partnerships \u00a0 CITAC is fortunate to partner with various organizations that aim to advance clinician-scientist career paths and create opportunities for trainees. Together, we deliver seminars and workshops, hold conferences, support trainees on their career trajectories, and much more. In doing so, we engage with trainees, physicians, and scientists in Canada and abroad to develop exciting content that is relevant to the contemporary clinician-scientist training pathway. Read below to find out more about our partners and the educational and training opportunities that we deliver together.\u00a0 Have a suggestion? Please submit your feedback to partnerships@citac.org\u00a0 \u00a0 \u00a0 CITAC is always looking to develop new partnerships. If your group is interested in collaborating on opportunities for Canadian clinician-scientist trainees, we encourage you to contact us at\u00a0 partnerships@citac.org. \u00a0 MD Financial Management and Scotiabank\u200b is our exclusive financial services partners. CITAC\u2019s collaborative strategic partnership with MD Financial Management and Scotiabank, which was established in 2018, enables us to better meet the needs of clinician-investigator trainees together. For information on the vast financial services and resources available to trainees, check out their page here. Canadian Society for Clinical Investigation (CSCI) \u200b Represents and connects individuals conducting clinical research across Canada. We work hand-in-hand\u00a0to promote careers in academic medicine, connect the clinician-scientist community, and to develop and execute programming, such as our joint Annual General Meeting. For more information on CSCI, please visit their website here. International Consortium of Clinician Scientist Trainee Organizations (ICCSTO)\u200b is a collaboration between regional organizations that serve as the voice of clinician-scientist trainees. The consortium&#8217;s goals are to strengthen the connections between the global clinician-scientist community, to research training pipelines and outcomes across the various global training pathways, and to facilitate career opportunities for trainees. For more information about ICCSTO, please visit our website here.<\/p>","protected":false},"author":471,"featured_media":0,"parent":0,"menu_order":0,"comment_status":"closed","ping_status":"closed","template":"","meta":{"footnotes":""},"class_list":["post-5769","page","type-page","status-publish","hentry","post-no-thumbnail"],"_links":{"self":[{"href":"https:\/\/citac-accfc.org\/fr\/wp-json\/wp\/v2\/pages\/5769","targetHints":{"allow":["GET"]}}],"collection":[{"href":"https:\/\/citac-accfc.org\/fr\/wp-json\/wp\/v2\/pages"}],"about":[{"href":"https:\/\/citac-accfc.org\/fr\/wp-json\/wp\/v2\/types\/page"}],"author":[{"embeddable":true,"href":"https:\/\/citac-accfc.org\/fr\/wp-json\/wp\/v2\/users\/471"}],"replies":[{"embeddable":true,"href":"https:\/\/citac-accfc.org\/fr\/wp-json\/wp\/v2\/comments?post=5769"}],"version-history":[{"count":82,"href":"https:\/\/citac-accfc.org\/fr\/wp-json\/wp\/v2\/pages\/5769\/revisions"}],"predecessor-version":[{"id":7167,"href":"https:\/\/citac-accfc.org\/fr\/wp-json\/wp\/v2\/pages\/5769\/revisions\/7167"}],"wp:attachment":[{"href":"https:\/\/citac-accfc.org\/fr\/wp-json\/wp\/v2\/media?parent=5769"}],"curies":[{"name":"wp","href":"https:\/\/api.w.org\/{rel}","templated":true}]}}