{"id":5828,"date":"2021-04-07T03:59:59","date_gmt":"2021-04-07T03:59:59","guid":{"rendered":"https:\/\/brandlume.dev\/citac.ca\/?page_id=5828"},"modified":"2021-05-17T19:01:46","modified_gmt":"2021-05-17T19:01:46","slug":"meetings","status":"publish","type":"page","link":"https:\/\/citac-accfc.org\/fr\/meetings\/","title":{"rendered":"R\u00e9unions"},"content":{"rendered":"<div data-elementor-type=\"wp-page\" data-elementor-id=\"5828\" class=\"elementor elementor-5828\" data-elementor-settings=\"[]\">\n\t\t\t\t\t\t<div class=\"elementor-inner\">\n\t\t\t\t\t\t\t<div class=\"elementor-section-wrap\">\n\t\t\t\t\t\t\t<section class=\"elementor-section elementor-top-section elementor-element elementor-element-a6c01d3 elementor-section-stretched elementor-section-column-vertical-align-middle elementor-section-boxed elementor-section-gap-beside-yes elementor-section-height-default elementor-section-height-default\" data-id=\"a6c01d3\" data-element_type=\"section\" data-settings=\"{&quot;stretch_section&quot;:&quot;section-stretched&quot;,&quot;background_background&quot;:&quot;classic&quot;}\">\n\t\t\t\t\t\t<div class=\"elementor-container elementor-column-gap-extended\">\n\t\t\t\t\t\t\t<div class=\"elementor-row\">\n\t\t\t\t\t<div class=\"elementor-column elementor-col-50 elementor-top-column elementor-element elementor-element-800a7a2\" data-id=\"800a7a2\" data-element_type=\"column\">\n\t\t\t<div class=\"elementor-column-wrap elementor-element-populated\">\n\t\t\t\t\t\t\t<div class=\"elementor-widget-wrap\">\n\t\t\t\t\t\t<div class=\"elementor-element elementor-element-275af80 elementor-widget elementor-widget-tm-heading\" data-id=\"275af80\" data-element_type=\"widget\" data-widget_type=\"tm-heading.default\">\n\t\t\t\t<div class=\"elementor-widget-container\">\n\t\t\t\t\t<div class=\"tm-modern-heading\">\n\t\t\t\n\t\t\t\t\t<div class=\"heading-primary-wrap\">\n\t\t\t<h2 class=\"heading-primary elementor-heading-title\">R\u00e9unions <\/h2>\t\t<\/div>\n\t\t\n\t\t\t\n\t\t\t\t\t<div class=\"heading-description-wrap\">\n\t\t\t<div class=\"heading-description\">\n\t\t\t\t<p><span class=\"TextRun SCXW120350459 BCX0\" lang=\"EN\" xml:lang=\"EN\" data-contrast=\"auto\"><span class=\"NormalTextRun SCXW120350459 BCX0\">L&#039;assembl\u00e9e g\u00e9n\u00e9rale annuelle du CSCI-CITAC est la conf\u00e9rence la plus importante et la plus attendue du secteur.<\/span><\/span><span class=\"TextRun SCXW120350459 BCX0\" lang=\"EN\" xml:lang=\"EN\" data-contrast=\"auto\"><span class=\"NormalTextRun SCXW120350459 BCX0\">des stagiaires chercheurs-initiateurs provenant d\u2019\u00e9tablissements universitaires de partout au Canada.<\/span><\/span><span class=\"EOP SCXW120350459 BCX0\" data-ccp-props=\"{\">\u00a0<\/span><\/p><p><span class=\"TextRun SCXW111283420 BCX0\" lang=\"EN\" xml:lang=\"EN\" data-contrast=\"auto\"><span class=\"NormalTextRun SCXW111283420 BCX0\">L&#039;assembl\u00e9e g\u00e9n\u00e9rale annuelle (AGA) conjointe de la Soci\u00e9t\u00e9 canadienne de recherche clinique (SCRC) et de l&#039;Association canadienne des cliniciens-chercheurs stagiaires (ACCS)<\/span><\/span><span class=\"TextRun SCXW111283420 BCX0\" lang=\"EN\" xml:lang=\"EN\" data-contrast=\"auto\"><span class=\"NormalTextRun SCXW111283420 BCX0\">\u00a0est une conf\u00e9rence de plusieurs jours destin\u00e9e \u00e0 tous les stagiaires en m\u00e9decine et en m\u00e9decine de niveau sup\u00e9rieur (MD+) des programmes de cliniciens-chercheurs (CIP), de m\u00e9decine-Ph.D. et de m\u00e9decine-M.Sc. du Canada. L&#039;AGA est un \u00e9v\u00e9nement rassembleur qui r\u00e9unit des stagiaires de tout le Canada dans un m\u00eame espace d&#039;\u00e9change, d&#039;acquisition de comp\u00e9tences et d&#039;inspiration.<\/span><\/span><span class=\"TextRun SCXW111283420 BCX0\" lang=\"EN\" xml:lang=\"EN\" data-contrast=\"auto\"><span class=\"NormalTextRun SCXW111283420 BCX0\">ion et diffusion de la recherche.\u00a0<\/span><\/span><\/p><p style=\"text-align: left\"><span class=\"TextRun SCXW60650072 BCX0\" lang=\"EN\" xml:lang=\"EN\" data-contrast=\"auto\"><span class=\"NormalTextRun SCXW60650072 BCX0\">L&#039;AGA est \u00e9galement un lieu privil\u00e9gi\u00e9 pour les stagiaires canadiens qui souhaitent pr\u00e9senter leurs projets de recherche de pointe, du laboratoire au chevet du patient, au moyen de multiples s\u00e9ances de pr\u00e9sentations orales et par affiches. De plus, l&#039;AGA\u00a0<\/span><\/span><span class=\"TextRun SCXW60650072 BCX0\" lang=\"EN\" xml:lang=\"EN\" data-contrast=\"auto\"><span class=\"NormalTextRun SCXW60650072 BCX0\">Offre aux participants, quel que soit leur niveau de formation, des opportunit\u00e9s uniques de r\u00e9seautage interuniversitaire. Enfin, le mentorat entre stagiaires et enseignants impr\u00e8gne tous les aspects de l&#039;assembl\u00e9e g\u00e9n\u00e9rale annuelle, insufflant aux participants la perspicacit\u00e9 et la confiance n\u00e9cessaires \u00e0 leur r\u00e9ussite.<\/span><\/span><span class=\"TextRun SCXW60650072 BCX0\" lang=\"EN\" xml:lang=\"EN\" data-contrast=\"auto\"><span class=\"NormalTextRun SCXW60650072 BCX0\">a poursuivi une double carri\u00e8re en tant que clinicien-chercheur.<\/span><\/span><span class=\"EOP SCXW60650072 BCX0\" data-ccp-props=\"{\">\u00a0<\/span><\/p>\t\t\t<\/div>\n\t\t<\/div>\n\t\t\t<\/div>\n\t\t\t\t<\/div>\n\t\t\t\t<\/div>\n\t\t\t\t\t\t<\/div>\n\t\t\t\t\t<\/div>\n\t\t<\/div>\n\t\t\t\t<div class=\"elementor-column elementor-col-50 elementor-top-column elementor-element elementor-element-8cfe7f4\" data-id=\"8cfe7f4\" data-element_type=\"column\">\n\t\t\t<div class=\"elementor-column-wrap elementor-element-populated\">\n\t\t\t\t\t\t\t<div class=\"elementor-widget-wrap\">\n\t\t\t\t\t\t<div class=\"elementor-element elementor-element-0df3a91 maxcoach-shape-border-circle elementor-widget__width-auto elementor-absolute elementor-widget elementor-widget-tm-shapes\" data-id=\"0df3a91\" data-element_type=\"widget\" data-settings=\"{&quot;_position&quot;:&quot;absolute&quot;}\" data-widget_type=\"tm-shapes.default\">\n\t\t\t\t<div class=\"elementor-widget-container\">\n\t\t\t\t\t<div class=\"maxcoach-shape maxcoach-shape-1-1\">\n\t\t\t\t\t\t\t<div class=\"shape\"><\/div>\n\t\t\t\t\t<\/div>\n\t\t\t\t<\/div>\n\t\t\t\t<\/div>\n\t\t\t\t<div class=\"elementor-element elementor-element-154cd32 maxcoach-shape-distortion elementor-widget__width-auto elementor-absolute elementor-invisible elementor-widget elementor-widget-tm-shapes\" data-id=\"154cd32\" data-element_type=\"widget\" data-settings=\"{&quot;_animation&quot;:&quot;maxcoachFadeInUp&quot;,&quot;_position&quot;:&quot;absolute&quot;}\" data-widget_type=\"tm-shapes.default\">\n\t\t\t\t<div class=\"elementor-widget-container\">\n\t\t\t\t\t<div class=\"maxcoach-shape\">\n\t\t\t\t\t\t\t<div class=\"shape\">\n\t\t\t\t\t<svg xmlns=\"http:\/\/www.w3.org\/2000\/svg\" version=\"1.1\" width=\"200px\" height=\"202px\" viewbox=\"0 0 200 202\">\n    <path class=\"elementor-shape-fill\" d=\"M139.374493,198.087515 C155.702187,206.99353 190.724846,197.001323 197.677982,159.049528 C204.827153,120.027728 184.496324,118.997566 188.045232,104.801934 C202.287755,83.6528313 204.827153,56.662651 190.073179,40.4146034 C153.570125,2.39058926 144.444362,48.0194062 114.025151,20.1351292 C101.727304,7.83728238 83.0989526,-6.73517414 56.2286492,3.40456297 C18.2385839,17.7404371 27.3303985,47.659333 27.3303985,69.3128542 C27.3303985,76.9370868 3.11408002,91.2696589 0.460095291,110.885776 C-2.88628833,135.619549 12.6277797,168.175291 27.3303985,179.329002 C50.6517938,205.692318 86.6478605,199.608476 102.87144,190.482713 C116.802125,182.646702 128.220783,192.003673 139.374493,198.087515 Z\"><\/path>\n<\/svg>\n\t\t\t\t<\/div>\n\t\t\t\t\t<\/div>\n\t\t\t\t<\/div>\n\t\t\t\t<\/div>\n\t\t\t\t<div class=\"elementor-element elementor-element-6a970a7 elementor-widget__width-auto elementor-absolute elementor-widget-tablet__width-initial elementor-widget elementor-widget-image\" data-id=\"6a970a7\" data-element_type=\"widget\" data-settings=\"{&quot;_position&quot;:&quot;absolute&quot;}\" data-widget_type=\"image.default\">\n\t\t\t\t<div class=\"elementor-widget-container\">\n\t\t\t\t\t\t\t\t<div class=\"elementor-image\">\n\t\t\t\t\t\t\t\t\t\t\t\t<img loading=\"lazy\" decoding=\"async\" width=\"178\" height=\"178\" src=\"https:\/\/citac-accfc.org\/wp-content\/uploads\/2019\/12\/maxcoach-shape-05.png\" class=\"attachment-full size-full\" alt=\"\" srcset=\"https:\/\/citac-accfc.org\/wp-content\/uploads\/2019\/12\/maxcoach-shape-05.png 178w, https:\/\/citac-accfc.org\/wp-content\/uploads\/2019\/12\/maxcoach-shape-05-100x100.png 100w, https:\/\/citac-accfc.org\/wp-content\/uploads\/2019\/12\/maxcoach-shape-05-150x150.png 150w\" sizes=\"auto, (max-width: 178px) 100vw, 178px\" \/>\t\t\t\t\t\t\t\t\t\t\t\t\t\t<\/div>\n\t\t\t\t\t\t<\/div>\n\t\t\t\t<\/div>\n\t\t\t\t<div class=\"elementor-element elementor-element-8b8e030 elementor-widget elementor-widget-image\" data-id=\"8b8e030\" data-element_type=\"widget\" data-widget_type=\"image.default\">\n\t\t\t\t<div class=\"elementor-widget-container\">\n\t\t\t\t\t\t\t\t<div class=\"elementor-image\">\n\t\t\t\t\t\t\t\t\t\t\t\t<img loading=\"lazy\" decoding=\"async\" width=\"7730\" height=\"7730\" src=\"https:\/\/citac-accfc.org\/wp-content\/uploads\/2021\/04\/20943566.png\" class=\"attachment-full size-full\" alt=\"meetings image\" srcset=\"https:\/\/citac-accfc.org\/wp-content\/uploads\/2021\/04\/20943566.png 7730w, https:\/\/citac-accfc.org\/wp-content\/uploads\/2021\/04\/20943566-300x300.png 300w, https:\/\/citac-accfc.org\/wp-content\/uploads\/2021\/04\/20943566-1024x1024.png 1024w, https:\/\/citac-accfc.org\/wp-content\/uploads\/2021\/04\/20943566-150x150.png 150w, https:\/\/citac-accfc.org\/wp-content\/uploads\/2021\/04\/20943566-768x768.png 768w, https:\/\/citac-accfc.org\/wp-content\/uploads\/2021\/04\/20943566-1536x1536.png 1536w, https:\/\/citac-accfc.org\/wp-content\/uploads\/2021\/04\/20943566-2048x2048.png 2048w, https:\/\/citac-accfc.org\/wp-content\/uploads\/2021\/04\/20943566-600x600.png 600w, https:\/\/citac-accfc.org\/wp-content\/uploads\/2021\/04\/20943566-100x100.png 100w, https:\/\/citac-accfc.org\/wp-content\/uploads\/2021\/04\/20943566-96x96.png 96w\" sizes=\"auto, (max-width: 7730px) 100vw, 7730px\" \/>\t\t\t\t\t\t\t\t\t\t\t\t\t\t<\/div>\n\t\t\t\t\t\t<\/div>\n\t\t\t\t<\/div>\n\t\t\t\t\t\t<\/div>\n\t\t\t\t\t<\/div>\n\t\t<\/div>\n\t\t\t\t\t\t\t\t<\/div>\n\t\t\t\t\t<\/div>\n\t\t<\/section>\n\t\t\t\t<section class=\"elementor-section elementor-top-section elementor-element elementor-element-4b98366 elementor-section-column-vertical-align-middle elementor-section-stretched elementor-section-boxed elementor-section-gap-beside-yes elementor-section-height-default elementor-section-height-default\" data-id=\"4b98366\" data-element_type=\"section\" data-settings=\"{&quot;stretch_section&quot;:&quot;section-stretched&quot;,&quot;background_background&quot;:&quot;classic&quot;}\">\n\t\t\t\t\t\t<div class=\"elementor-container elementor-column-gap-extended\">\n\t\t\t\t\t\t\t<div class=\"elementor-row\">\n\t\t\t\t\t<div class=\"elementor-column elementor-col-100 elementor-top-column elementor-element elementor-element-18e05f9\" data-id=\"18e05f9\" data-element_type=\"column\">\n\t\t\t<div class=\"elementor-column-wrap elementor-element-populated\">\n\t\t\t\t\t\t\t<div class=\"elementor-widget-wrap\">\n\t\t\t\t\t\t<div class=\"elementor-element elementor-element-c38f1ef elementor-widget elementor-widget-text-editor\" data-id=\"c38f1ef\" data-element_type=\"widget\" data-widget_type=\"text-editor.default\">\n\t\t\t\t<div class=\"elementor-widget-container\">\n\t\t\t\t\t\t\t\t<div class=\"elementor-text-editor elementor-clearfix\">\n\t\t\t\t\t<div id=\"i4c-draggable-container\" style=\"position: fixed; z-index: 1499; width: 0px; height: 0px;\"><div class=\"resolved\" style=\"all: initial;\" data-reactroot=\"\">\u00a0<\/div><\/div><p><span class=\"TextRun SCXW29902267 BCX0\" lang=\"EN\" xml:lang=\"EN\" data-contrast=\"auto\"><span class=\"NormalTextRun SCXW29902267 BCX0\"><span class=\"TextRun SCXW218478354 BCX0\" lang=\"EN\" xml:lang=\"EN\" data-contrast=\"auto\"><span class=\"NormalTextRun SCXW218478354 BCX0\"><span class=\"TextRun SCXW185782800 BCX0\" lang=\"EN\" xml:lang=\"EN\" data-contrast=\"auto\"><span class=\"NormalTextRun SCXW185782800 BCX0\">Des questions ou des suggestions\u00a0? Veuillez nous contacter.<\/span><\/span> <\/span><\/span><\/span><\/span><span style=\"color: #ed2326;\"><span class=\"TextRun Underlined SCXW29902267 BCX0\" lang=\"EN\" style=\"color: #ed2326;\" xml:lang=\"EN\" data-contrast=\"none\"><span class=\"NormalTextRun SCXW29902267 BCX0\"><a class=\"Hyperlink SCXW29902267 BCX0\" style=\"color: #ed2326;\" href=\"mailto:agm@citac.org\" target=\"_blank\" rel=\"noreferrer noopener\">agm@citac.org.<\/a><\/span><\/span><\/span><\/p>\t\t\t\t\t<\/div>\n\t\t\t\t\t\t<\/div>\n\t\t\t\t<\/div>\n\t\t\t\t\t\t<\/div>\n\t\t\t\t\t<\/div>\n\t\t<\/div>\n\t\t\t\t\t\t\t\t<\/div>\n\t\t\t\t\t<\/div>\n\t\t<\/section>\n\t\t\t\t\t\t<\/div>\n\t\t\t\t\t\t<\/div>\n\t\t\t\t\t<\/div>","protected":false},"excerpt":{"rendered":"<p>Meetings The CSCI-CITAC Annual General Meeting is the largest, most anticipated conference of clinician-investigator trainees from academic institutions across the whole of Canada.\u00a0 The joint Annual General Meeting (AGM) between the Canadian Society for Clinical Investigation (CSCI) and the Clinician Investigator Trainee Association of Canada (CITAC)\u00a0is a multi-day conference for all MD+ trainees in Clinician Investigator Programs (CIP), MD-PhD and MD-MSc programs across Canada. The AGM is a unifying event, bringing trainees from all of Canada into one space for discourse, skills acquisition, inspiration, and research dissemination.\u00a0 The AGM is also an important venue for Canada\u2019s trainees to present their cutting-edge research projects\u2014ranging in focus from bench to bedside\u2014through multiple poster and oral presentation sessions. Furthermore, the AGM\u00a0offers attendees across all training stages unique intercollegiate networking opportunities. Finally, mentoring between trainees and faculty members pervades all aspects of the AGM, instilling our meeting attendees with insight and confidence for their continued pursuit of a dual career as a clinician scientist.\u00a0 \u00a0 Questions or suggestions? Please contact agm@citac.org.<\/p>","protected":false},"author":471,"featured_media":0,"parent":0,"menu_order":0,"comment_status":"closed","ping_status":"closed","template":"","meta":{"footnotes":""},"class_list":["post-5828","page","type-page","status-publish","hentry","post-no-thumbnail"],"_links":{"self":[{"href":"https:\/\/citac-accfc.org\/fr\/wp-json\/wp\/v2\/pages\/5828","targetHints":{"allow":["GET"]}}],"collection":[{"href":"https:\/\/citac-accfc.org\/fr\/wp-json\/wp\/v2\/pages"}],"about":[{"href":"https:\/\/citac-accfc.org\/fr\/wp-json\/wp\/v2\/types\/page"}],"author":[{"embeddable":true,"href":"https:\/\/citac-accfc.org\/fr\/wp-json\/wp\/v2\/users\/471"}],"replies":[{"embeddable":true,"href":"https:\/\/citac-accfc.org\/fr\/wp-json\/wp\/v2\/comments?post=5828"}],"version-history":[{"count":22,"href":"https:\/\/citac-accfc.org\/fr\/wp-json\/wp\/v2\/pages\/5828\/revisions"}],"predecessor-version":[{"id":7027,"href":"https:\/\/citac-accfc.org\/fr\/wp-json\/wp\/v2\/pages\/5828\/revisions\/7027"}],"wp:attachment":[{"href":"https:\/\/citac-accfc.org\/fr\/wp-json\/wp\/v2\/media?parent=5828"}],"curies":[{"name":"wp","href":"https:\/\/api.w.org\/{rel}","templated":true}]}}