{"id":5840,"date":"2021-04-07T04:50:05","date_gmt":"2021-04-07T04:50:05","guid":{"rendered":"https:\/\/brandlume.dev\/citac.ca\/?page_id=5840"},"modified":"2021-05-13T19:52:47","modified_gmt":"2021-05-13T19:52:47","slug":"agm-2021-tbd","status":"publish","type":"page","link":"https:\/\/citac-accfc.org\/fr\/agm-2021-tbd\/","title":{"rendered":"AGA 2021 \u2013 \u00c0 d\u00e9terminer"},"content":{"rendered":"<div data-elementor-type=\"wp-page\" data-elementor-id=\"5840\" class=\"elementor elementor-5840\" data-elementor-settings=\"[]\">\n\t\t\t\t\t\t<div class=\"elementor-inner\">\n\t\t\t\t\t\t\t<div class=\"elementor-section-wrap\">\n\t\t\t\t\t\t\t<section class=\"elementor-section elementor-top-section elementor-element elementor-element-e47c987 elementor-section-boxed elementor-section-gap-beside-yes elementor-section-height-default elementor-section-height-default elementor-section-column-vertical-align-stretch\" data-id=\"e47c987\" data-element_type=\"section\">\n\t\t\t\t\t\t<div class=\"elementor-container elementor-column-gap-extended\">\n\t\t\t\t\t\t\t<div class=\"elementor-row\">\n\t\t\t\t\t<div class=\"elementor-column elementor-col-50 elementor-top-column elementor-element elementor-element-fcfc965\" data-id=\"fcfc965\" data-element_type=\"column\">\n\t\t\t<div class=\"elementor-column-wrap elementor-element-populated\">\n\t\t\t\t\t\t\t<div class=\"elementor-widget-wrap\">\n\t\t\t\t\t\t<div class=\"elementor-element elementor-element-a22dd0d elementor-widget elementor-widget-tm-heading\" data-id=\"a22dd0d\" data-element_type=\"widget\" data-widget_type=\"tm-heading.default\">\n\t\t\t\t<div class=\"elementor-widget-container\">\n\t\t\t\t\t<div class=\"tm-modern-heading\">\n\t\t\t\n\t\t\t\t\t<div class=\"heading-primary-wrap\">\n\t\t\t<h2 class=\"heading-primary elementor-heading-title\"> <mark> Assembl\u00e9e g\u00e9n\u00e9rale annuelle 2021<\/mark> - \u00c0 d\u00e9terminer\n<\/h2>\t\t<\/div>\n\t\t\n\t\t\t\n\t\t\t\t\t<div class=\"heading-description-wrap\">\n\t\t\t<div class=\"heading-description\">\n\t\t\t\t<p><span class=\"TextRun SCXW62294111 BCX0\" lang=\"EN\" xml:lang=\"EN\" data-contrast=\"auto\"><span class=\"NormalTextRun SCXW62294111 BCX0\">La planification de l&#039;AGA 2021 est en cours\u00a0! Nous esp\u00e9rons publier les d\u00e9tails d&#039;ici le milieu de l&#039;\u00e9t\u00e9 pour une date de conf\u00e9rence pr\u00e9vue \u00e0 la fin de l&#039;automne ou au d\u00e9but de l&#039;hiver. Restez connect\u00e9s pour plus d&#039;informations\u00a0!\u00a0<\/span><\/span><span class=\"EOP SCXW62294111 BCX0\" data-ccp-props=\"{&quot;201341983&quot;:0,&quot;335559740&quot;:276}\">\u00a0<\/span><\/p>\t\t\t<\/div>\n\t\t<\/div>\n\t\t\t<\/div>\n\t\t\t\t<\/div>\n\t\t\t\t<\/div>\n\t\t\t\t\t\t<\/div>\n\t\t\t\t\t<\/div>\n\t\t<\/div>\n\t\t\t\t<div class=\"elementor-column elementor-col-50 elementor-top-column elementor-element elementor-element-a262577\" data-id=\"a262577\" data-element_type=\"column\">\n\t\t\t<div class=\"elementor-column-wrap elementor-element-populated\">\n\t\t\t\t\t\t\t<div class=\"elementor-widget-wrap\">\n\t\t\t\t\t\t<div class=\"elementor-element elementor-element-b4c9770 elementor-widget elementor-widget-image\" data-id=\"b4c9770\" data-element_type=\"widget\" data-widget_type=\"image.default\">\n\t\t\t\t<div class=\"elementor-widget-container\">\n\t\t\t\t\t\t\t\t<div class=\"elementor-image\">\n\t\t\t\t\t\t\t\t\t\t\t\t<img loading=\"lazy\" decoding=\"async\" width=\"7730\" height=\"7730\" src=\"https:\/\/citac-accfc.org\/wp-content\/uploads\/2021\/04\/20943566.png\" class=\"attachment-full size-full\" alt=\"meetings image\" srcset=\"https:\/\/citac-accfc.org\/wp-content\/uploads\/2021\/04\/20943566.png 7730w, https:\/\/citac-accfc.org\/wp-content\/uploads\/2021\/04\/20943566-300x300.png 300w, https:\/\/citac-accfc.org\/wp-content\/uploads\/2021\/04\/20943566-1024x1024.png 1024w, https:\/\/citac-accfc.org\/wp-content\/uploads\/2021\/04\/20943566-150x150.png 150w, https:\/\/citac-accfc.org\/wp-content\/uploads\/2021\/04\/20943566-768x768.png 768w, https:\/\/citac-accfc.org\/wp-content\/uploads\/2021\/04\/20943566-1536x1536.png 1536w, https:\/\/citac-accfc.org\/wp-content\/uploads\/2021\/04\/20943566-2048x2048.png 2048w, https:\/\/citac-accfc.org\/wp-content\/uploads\/2021\/04\/20943566-600x600.png 600w, https:\/\/citac-accfc.org\/wp-content\/uploads\/2021\/04\/20943566-100x100.png 100w, https:\/\/citac-accfc.org\/wp-content\/uploads\/2021\/04\/20943566-96x96.png 96w\" sizes=\"auto, (max-width: 7730px) 100vw, 7730px\" \/>\t\t\t\t\t\t\t\t\t\t\t\t\t\t<\/div>\n\t\t\t\t\t\t<\/div>\n\t\t\t\t<\/div>\n\t\t\t\t\t\t<\/div>\n\t\t\t\t\t<\/div>\n\t\t<\/div>\n\t\t\t\t\t\t\t\t<\/div>\n\t\t\t\t\t<\/div>\n\t\t<\/section>\n\t\t\t\t\t\t<\/div>\n\t\t\t\t\t\t<\/div>\n\t\t\t\t\t<\/div>","protected":false},"excerpt":{"rendered":"<p>AGM 2021 &#8211; TBD Planning for the 2021 AGM is underway! We hope to release details by mid-Summer for an anticipated conference date in the late Fall \/ early Winter. Please stay tuned for more information!\u00a0\u00a0<\/p>","protected":false},"author":471,"featured_media":0,"parent":0,"menu_order":0,"comment_status":"closed","ping_status":"closed","template":"","meta":{"footnotes":""},"class_list":["post-5840","page","type-page","status-publish","hentry","post-no-thumbnail"],"_links":{"self":[{"href":"https:\/\/citac-accfc.org\/fr\/wp-json\/wp\/v2\/pages\/5840","targetHints":{"allow":["GET"]}}],"collection":[{"href":"https:\/\/citac-accfc.org\/fr\/wp-json\/wp\/v2\/pages"}],"about":[{"href":"https:\/\/citac-accfc.org\/fr\/wp-json\/wp\/v2\/types\/page"}],"author":[{"embeddable":true,"href":"https:\/\/citac-accfc.org\/fr\/wp-json\/wp\/v2\/users\/471"}],"replies":[{"embeddable":true,"href":"https:\/\/citac-accfc.org\/fr\/wp-json\/wp\/v2\/comments?post=5840"}],"version-history":[{"count":11,"href":"https:\/\/citac-accfc.org\/fr\/wp-json\/wp\/v2\/pages\/5840\/revisions"}],"predecessor-version":[{"id":6814,"href":"https:\/\/citac-accfc.org\/fr\/wp-json\/wp\/v2\/pages\/5840\/revisions\/6814"}],"wp:attachment":[{"href":"https:\/\/citac-accfc.org\/fr\/wp-json\/wp\/v2\/media?parent=5840"}],"curies":[{"name":"wp","href":"https:\/\/api.w.org\/{rel}","templated":true}]}}