{"id":5845,"date":"2021-04-07T04:53:45","date_gmt":"2021-04-07T04:53:45","guid":{"rendered":"https:\/\/brandlume.dev\/citac.ca\/?page_id=5845"},"modified":"2021-05-13T19:54:11","modified_gmt":"2021-05-13T19:54:11","slug":"agm-2021-virtual","status":"publish","type":"page","link":"https:\/\/citac-accfc.org\/fr\/agm-2021-virtual\/","title":{"rendered":"Assembl\u00e9e g\u00e9n\u00e9rale annuelle 2021 \u2013 Virtuelle"},"content":{"rendered":"<div data-elementor-type=\"wp-page\" data-elementor-id=\"5845\" class=\"elementor elementor-5845\" data-elementor-settings=\"[]\">\n\t\t\t\t\t\t<div class=\"elementor-inner\">\n\t\t\t\t\t\t\t<div class=\"elementor-section-wrap\">\n\t\t\t\t\t\t\t<section class=\"elementor-section elementor-top-section elementor-element elementor-element-d9734df elementor-section-boxed elementor-section-gap-beside-yes elementor-section-height-default elementor-section-height-default elementor-section-column-vertical-align-stretch\" data-id=\"d9734df\" data-element_type=\"section\">\n\t\t\t\t\t\t<div class=\"elementor-container elementor-column-gap-extended\">\n\t\t\t\t\t\t\t<div class=\"elementor-row\">\n\t\t\t\t\t<div class=\"elementor-column elementor-col-50 elementor-top-column elementor-element elementor-element-2861912\" data-id=\"2861912\" data-element_type=\"column\">\n\t\t\t<div class=\"elementor-column-wrap elementor-element-populated\">\n\t\t\t\t\t\t\t<div class=\"elementor-widget-wrap\">\n\t\t\t\t\t\t<div class=\"elementor-element elementor-element-a597f83 elementor-widget elementor-widget-tm-heading\" data-id=\"a597f83\" data-element_type=\"widget\" data-widget_type=\"tm-heading.default\">\n\t\t\t\t<div class=\"elementor-widget-container\">\n\t\t\t\t\t<div class=\"tm-modern-heading\">\n\t\t\t\n\t\t\t\t\t<div class=\"heading-primary-wrap\">\n\t\t\t<h2 class=\"heading-primary elementor-heading-title\"> <mark> Assembl\u00e9e g\u00e9n\u00e9rale annuelle 2020<\/mark> - Virtuel\n<\/h2>\t\t<\/div>\n\t\t\n\t\t\t\n\t\t\t\t\t<div class=\"heading-description-wrap\">\n\t\t\t<div class=\"heading-description\">\n\t\t\t\t<p><span class=\"TextRun SCXW200684265 BCX0\" lang=\"EN\" xml:lang=\"EN\" data-contrast=\"auto\"><span class=\"NormalTextRun SCXW200684265 BCX0\">L&#039;assembl\u00e9e g\u00e9n\u00e9rale annuelle 2020 a eu lieu les 12 et 13 novembre 2020.<\/span><\/span><span class=\"TextRun SCXW200684265 BCX0\" lang=\"EN\" xml:lang=\"EN\" data-contrast=\"auto\"><span class=\"NormalTextRun SCXW200684265 BCX0\">20. En raison de la pand\u00e9mie de COVID-19, nous avons transf\u00e9r\u00e9 notre assembl\u00e9e g\u00e9n\u00e9rale annuelle 2020 du CITAC vers une conf\u00e9rence virtuelle pour la premi\u00e8re fois cette ann\u00e9e.\u00a0<\/span><\/span><span class=\"TextRun SCXW200684265 BCX0\" lang=\"EN\" xml:lang=\"EN\" data-contrast=\"auto\"><span class=\"NormalTextRun SCXW200684265 BCX0\">ann\u00e9e, et<\/span><\/span><span class=\"TextRun SCXW200684265 BCX0\" lang=\"EN\" xml:lang=\"EN\" data-contrast=\"auto\"><span class=\"NormalTextRun SCXW200684265 BCX0\">\u00a0a accueilli plus de 100 participants de partout au Canada.<\/span><\/span><span class=\"EOP SCXW200684265 BCX0\" data-ccp-props=\"{&quot;201341983&quot;:0,&quot;335559740&quot;:276}\">\u00a0<\/span><\/p><p><span class=\"TextRun SCXW202320432 BCX0\" lang=\"EN\" xml:lang=\"EN\" data-contrast=\"auto\"><span class=\"NormalTextRun SCXW202320432 BCX0\">Le th\u00e8me \u00e9tait \u00ab Naviguer dans l\u2019incertitude, accepter le changement et\u00a0<\/span><\/span><span class=\"TextRun SCXW202320432 BCX0\" lang=\"EN\" xml:lang=\"EN\" data-contrast=\"auto\"><span class=\"NormalTextRun SCXW202320432 BCX0\">\u00ab\u00a0autonomiser la prochaine g\u00e9n\u00e9ration de cliniciens-chercheurs.\u00a0\u00bb La r\u00e9union a permis aux participants de bien comprendre le paysage du financement, l&#039;environnement de travail et le d\u00e9veloppement de comp\u00e9tences (n\u00e9gociation, communication et soins personnels) pour aider \u00e0 \u00e9laborer des strat\u00e9gies et \u00e0 d\u00e9velopper<\/span><\/span><span class=\"TextRun SCXW202320432 BCX0\" lang=\"EN\" xml:lang=\"EN\" data-contrast=\"auto\"><span class=\"NormalTextRun SCXW202320432 BCX0\">D\u00e9velopper la r\u00e9silience dans le milieu de la recherche en sant\u00e9 au Canada. Nous avons \u00e9galement accueilli le Dr Michael Strong, pr\u00e9sident des IRSC, comme conf\u00e9rencier principal.<\/span><\/span><span class=\"EOP SCXW202320432 BCX0\" data-ccp-props=\"{&quot;201341983&quot;:0,&quot;335559740&quot;:276}\">\u00a0<\/span><\/p>\t\t\t<\/div>\n\t\t<\/div>\n\t\t\t<\/div>\n\t\t\t\t<\/div>\n\t\t\t\t<\/div>\n\t\t\t\t\t\t<\/div>\n\t\t\t\t\t<\/div>\n\t\t<\/div>\n\t\t\t\t<div class=\"elementor-column elementor-col-50 elementor-top-column elementor-element elementor-element-b2d5768\" data-id=\"b2d5768\" data-element_type=\"column\">\n\t\t\t<div class=\"elementor-column-wrap elementor-element-populated\">\n\t\t\t\t\t\t\t<div class=\"elementor-widget-wrap\">\n\t\t\t\t\t\t<div class=\"elementor-element elementor-element-b9444ff elementor-widget elementor-widget-image\" data-id=\"b9444ff\" data-element_type=\"widget\" data-widget_type=\"image.default\">\n\t\t\t\t<div class=\"elementor-widget-container\">\n\t\t\t\t\t\t\t\t<div class=\"elementor-image\">\n\t\t\t\t\t\t\t\t\t\t\t\t<img loading=\"lazy\" decoding=\"async\" width=\"7730\" height=\"7730\" src=\"https:\/\/citac-accfc.org\/wp-content\/uploads\/2021\/04\/20943566.png\" class=\"attachment-full size-full\" alt=\"meetings image\" srcset=\"https:\/\/citac-accfc.org\/wp-content\/uploads\/2021\/04\/20943566.png 7730w, https:\/\/citac-accfc.org\/wp-content\/uploads\/2021\/04\/20943566-300x300.png 300w, https:\/\/citac-accfc.org\/wp-content\/uploads\/2021\/04\/20943566-1024x1024.png 1024w, https:\/\/citac-accfc.org\/wp-content\/uploads\/2021\/04\/20943566-150x150.png 150w, https:\/\/citac-accfc.org\/wp-content\/uploads\/2021\/04\/20943566-768x768.png 768w, https:\/\/citac-accfc.org\/wp-content\/uploads\/2021\/04\/20943566-1536x1536.png 1536w, https:\/\/citac-accfc.org\/wp-content\/uploads\/2021\/04\/20943566-2048x2048.png 2048w, https:\/\/citac-accfc.org\/wp-content\/uploads\/2021\/04\/20943566-600x600.png 600w, https:\/\/citac-accfc.org\/wp-content\/uploads\/2021\/04\/20943566-100x100.png 100w, https:\/\/citac-accfc.org\/wp-content\/uploads\/2021\/04\/20943566-96x96.png 96w\" sizes=\"auto, (max-width: 7730px) 100vw, 7730px\" \/>\t\t\t\t\t\t\t\t\t\t\t\t\t\t<\/div>\n\t\t\t\t\t\t<\/div>\n\t\t\t\t<\/div>\n\t\t\t\t\t\t<\/div>\n\t\t\t\t\t<\/div>\n\t\t<\/div>\n\t\t\t\t\t\t\t\t<\/div>\n\t\t\t\t\t<\/div>\n\t\t<\/section>\n\t\t\t\t\t\t<\/div>\n\t\t\t\t\t\t<\/div>\n\t\t\t\t\t<\/div>","protected":false},"excerpt":{"rendered":"<p>AGM 2020 &#8211; Virtual AGM 2020 took place on November 12th\u201313th, 2020. Due to the COVID-19 pandemic, we transitioned our 2020 CITAC Annual General Meeting to a virtual conference for the first time this\u00a0year, and\u00a0hosted over 100 participants from across Canada.\u00a0 The theme was \u201cNavigating uncertainty, embracing change and\u00a0empowering the next generation of clinician-scientists.&#8221; The meeting provided attendees with a good understanding of the funding landscape, job environment and the development of skills (negotiation, communication, and self-care) to help strategize and develop resilience in the Canadian health research environment. We also hosted Dr. Michael Strong, President of the CIHR, as our Keynote speaker.\u00a0<\/p>","protected":false},"author":471,"featured_media":0,"parent":0,"menu_order":0,"comment_status":"closed","ping_status":"closed","template":"","meta":{"footnotes":""},"class_list":["post-5845","page","type-page","status-publish","hentry","post-no-thumbnail"],"_links":{"self":[{"href":"https:\/\/citac-accfc.org\/fr\/wp-json\/wp\/v2\/pages\/5845","targetHints":{"allow":["GET"]}}],"collection":[{"href":"https:\/\/citac-accfc.org\/fr\/wp-json\/wp\/v2\/pages"}],"about":[{"href":"https:\/\/citac-accfc.org\/fr\/wp-json\/wp\/v2\/types\/page"}],"author":[{"embeddable":true,"href":"https:\/\/citac-accfc.org\/fr\/wp-json\/wp\/v2\/users\/471"}],"replies":[{"embeddable":true,"href":"https:\/\/citac-accfc.org\/fr\/wp-json\/wp\/v2\/comments?post=5845"}],"version-history":[{"count":8,"href":"https:\/\/citac-accfc.org\/fr\/wp-json\/wp\/v2\/pages\/5845\/revisions"}],"predecessor-version":[{"id":6817,"href":"https:\/\/citac-accfc.org\/fr\/wp-json\/wp\/v2\/pages\/5845\/revisions\/6817"}],"wp:attachment":[{"href":"https:\/\/citac-accfc.org\/fr\/wp-json\/wp\/v2\/media?parent=5845"}],"curies":[{"name":"wp","href":"https:\/\/api.w.org\/{rel}","templated":true}]}}