{"id":7209,"date":"2021-06-04T14:47:32","date_gmt":"2021-06-04T14:47:32","guid":{"rendered":"https:\/\/brandlume.dev\/citac.ca\/?page_id=7209"},"modified":"2021-06-04T15:02:12","modified_gmt":"2021-06-04T15:02:12","slug":"clinician-investigator-trainings-in-canada","status":"publish","type":"page","link":"https:\/\/citac-accfc.org\/fr\/clinician-investigator-trainings-in-canada\/","title":{"rendered":"Formation de clinicien-chercheur au Canada"},"content":{"rendered":"<div data-elementor-type=\"wp-page\" data-elementor-id=\"7209\" class=\"elementor elementor-7209\" data-elementor-settings=\"[]\">\n\t\t\t\t\t\t<div class=\"elementor-inner\">\n\t\t\t\t\t\t\t<div class=\"elementor-section-wrap\">\n\t\t\t\t\t\t\t<section class=\"elementor-section elementor-top-section elementor-element elementor-element-613d08a elementor-section-column-vertical-align-middle elementor-section-boxed elementor-section-gap-beside-yes elementor-section-height-default elementor-section-height-default\" data-id=\"613d08a\" data-element_type=\"section\" data-settings=\"{&quot;background_background&quot;:&quot;classic&quot;,&quot;shape_divider_bottom&quot;:&quot;mountain-alt&quot;}\">\n\t\t\t\t\t<div class=\"elementor-shape elementor-shape-bottom\" data-negative=\"false\">\n\t\t\t<svg xmlns=\"http:\/\/www.w3.org\/2000\/svg\" viewbox=\"0 0 100 100\" version=\"1.1\" preserveaspectratio=\"none\" width=\"100%\" height=\"300px\">\n    <path class=\"elementor-shape-fill\" d=\"M100,6.21724894e-15 L100,79.7754703 C99.7919362,79.7904198 99.6381974,79.8027262 99.5387835,79.8123897 C99.4256772,79.823384 99.3041657,79.8260447 99.1946857,79.8368479 C98.0926947,79.9455898 96.8446759,80.1450278 96.0566669,80.3249475 C95.1164427,80.5396213 93.6651585,81.0424133 91.7028144,81.8333235 C91.1881986,82.0648898 90.6629331,82.3321219 90.1270181,82.6350198 C89.591103,82.9379178 88.7808989,83.4254899 87.6964058,84.0977361 L84.5866785,86.505496 C83.9146556,87.0756533 83.3999022,87.5308769 83.0424183,87.8711667 C82.6706034,88.2250983 82.3219339,88.542792 81.9256169,88.9363773 C81.5083908,89.3507275 81.0415644,89.840935 80.5708891,90.2075771 C80.5694243,90.2087181 79.879045,90.9348069 79.6966916,91.0931301 C79.6786428,91.1088004 79.619181,91.1783162 79.6134287,91.1806951 C79.5856944,91.1921647 79.4872823,91.3143998 79.2325655,91.5654126 C78.9778486,91.8164253 78.4398261,92.3343122 78.4004716,92.3632772 C78.3852088,92.3745107 78.392749,92.3842318 78.3758447,92.404756 C78.3491619,92.4371525 78.297362,92.4837356 78.2713401,92.5087419 C78.1637093,92.6121724 78.057958,92.7052899 77.9412752,92.8201952 C77.9165042,92.8445888 77.8915476,92.8692319 77.8664085,92.8941052 C77.5163916,93.2404218 77.1310001,93.6313644 76.71875,94.0148783 C75.2657705,95.366577 73.5033569,96.917444 71.8705734,97.9003807 C70.9731573,98.4406259 70.1135532,98.9247458 69.344824,99.2158182 C67.7865314,99.8058517 66.6383515,99.8725302 66.5625,99.8951541 C65.9370497,100.081705 65.026153,100.01931 63.8298099,99.7079704 C64.7659815,99.9771782 64.7185432,99.9771782 63.6874951,99.7079704 C62.9475222,99.3188802 62.4074807,99.0301938 62.0673707,98.8419114 C61.8786639,98.7374448 61.673915,98.5226524 61.4899272,98.3670131 C61.1903999,98.1136365 60.6170457,97.6081983 60.0811799,96.985446 C59.3300042,96.1124731 58.6118857,95.0936327 58.4683822,94.958848 C56.7254333,92.8360206 54.6654939,87.8275853 54.21875,87.4847052 C54.1053147,87.3976425 52.2376405,83.2507606 50,77.6976587 C47.9421254,72.5906776 45.5976116,66.2821297 43.4375,61.1176887 C41.1008376,55.5311461 39.2000795,51.649717 38.6979167,50.8121989 C38.4600638,50.4155028 37.3864888,48.4156228 36.1120817,46.6631568 C35.2477791,45.4746348 34.1630442,44.3456814 33.4375,43.6987268 C32.7119558,43.0517722 31.709781,42.2398109 30.6626803,42.1439083 C30.2356184,42.1047942 29.5251709,42.1444477 29.1201362,42.1439083 C29.0325991,42.1437917 28.1329894,42.1824102 27.1396439,41.8896899 C25.9452799,41.5377333 24.5848063,40.8076085 23.9308866,40.295173 C22.8856727,39.476105 21.6969743,38.3949718 20.9413937,37.4307381 C20.5662547,36.9520047 19.4846561,35.6658156 18.5123771,34.1142672 C18.0017289,33.2993821 16.652903,31.0615524 15.5607311,29.0022448 C14.5429598,27.0832206 13.7630462,25.3063307 13.6950881,25.3220678 C13.5647384,25.3522529 12.1582089,21.8557564 9.63623595,17.1783979 C9.10017282,16.1841924 8.49929577,14.9056754 7.41107192,13.1440893 C7.07564424,12.6011084 6.59991624,11.9188319 6.14393284,11.2720612 C5.88126255,10.8994874 3.6065072,5.72114201 3.39886357,5.35133855 C2.3562704,3.49452944 1.22331587,-0.39125009 -7.81597009e-14,-6.30600005 L100,6.21724894e-15 Z\" id=\"path-1\"><\/path>\n<\/svg>\n\t\t<\/div>\n\t\t\t\t\t<div class=\"elementor-container elementor-column-gap-extended\">\n\t\t\t\t\t\t\t<div class=\"elementor-row\">\n\t\t\t\t\t<div class=\"elementor-column elementor-col-100 elementor-top-column elementor-element elementor-element-ee66fa3\" data-id=\"ee66fa3\" data-element_type=\"column\">\n\t\t\t<div class=\"elementor-column-wrap elementor-element-populated\">\n\t\t\t\t\t\t\t<div class=\"elementor-widget-wrap\">\n\t\t\t\t\t\t<div class=\"elementor-element elementor-element-45ebf77 elementor-invisible elementor-widget elementor-widget-tm-heading\" data-id=\"45ebf77\" data-element_type=\"widget\" data-settings=\"{&quot;_animation&quot;:&quot;maxcoachFadeInUp&quot;}\" data-widget_type=\"tm-heading.default\">\n\t\t\t\t<div class=\"elementor-widget-container\">\n\t\t\t\t\t<div class=\"tm-modern-heading\">\n\t\t\t\n\t\t\t\t\t<div class=\"heading-primary-wrap\">\n\t\t\t<h2 class=\"heading-primary elementor-heading-title\">Formation de clinicien-chercheur au Canada<\/h2>\t\t<\/div>\n\t\t\n\t\t\t\n\t\t\t\t\t<div class=\"heading-description-wrap\">\n\t\t\t<div class=\"heading-description\">\n\t\t\t\t<p>Au Canada, il existe diverses options de formation dans les domaines de la m\u00e9decine et des sciences en route vers une carri\u00e8re de clinicien-chercheur.<\/p><p>Un itin\u00e9raire courant est le <strong>Programme de cliniciens-chercheurs (CIP)<\/strong> Ce programme est supervis\u00e9 par le Coll\u00e8ge royal des m\u00e9decins et chirurgiens du Canada. Dans le cadre de ce programme, les r\u00e9sidents en m\u00e9decine titulaires d&#039;un doctorat en m\u00e9decine prennent une pause dans leur formation sp\u00e9cialis\u00e9e pour se consacrer \u00e0 la recherche. Cette formation compl\u00e9mentaire peut prendre la forme d&#039;une ma\u00eetrise, d&#039;un doctorat ou d&#039;un stage postdoctoral (pour les stagiaires d\u00e9j\u00e0 titulaires d&#039;un dipl\u00f4me de recherche). <strong><a href=\"https:\/\/www.royalcollege.ca\/rcsite\/documents\/ibd\/clinician_investigator_program_str_e\">Plus d&#039;informations peuvent \u00eatre trouv\u00e9es ici<\/a>.<\/strong><\/p><p>Un autre itin\u00e9raire courant est le <strong>MD\/PhD<\/strong> ou <strong>MD\/MSc<\/strong> Des programmes de formation, offerts s\u00e9par\u00e9ment par de nombreuses facult\u00e9s de m\u00e9decine au Canada, permettent aux \u00e9tudiants de pr\u00e9parer simultan\u00e9ment un doctorat en m\u00e9decine et un dipl\u00f4me d&#039;\u00e9tudes sup\u00e9rieures (M. Sc. ou Ph. D.). Leur structure varie consid\u00e9rablement d&#039;un bout \u00e0 l&#039;autre du pays. Le CITAC a <strong><a href=\"https:\/\/docs.google.com\/spreadsheets\/d\/19KJ3D7LSKlTPySutb904l4V26tJVZP3hfmpFtr_Pwys\/edit?usp=sharing\">compil\u00e9 cette ressource<\/a><\/strong> qui contient des informations plus d\u00e9taill\u00e9es.<\/p><p>Enfin, de nombreux stagiaires poursuivent une carri\u00e8re de clinicien-chercheur sans avoir suivi de double formation. Parmi eux, on trouve ceux qui ont obtenu un dipl\u00f4me d&#039;\u00e9tudes sup\u00e9rieures avant d&#039;int\u00e9grer une facult\u00e9 de m\u00e9decine et ceux qui poursuivent des activit\u00e9s scientifiques sans obtenir de dipl\u00f4me d&#039;\u00e9tudes sup\u00e9rieures.<\/p>\t\t\t<\/div>\n\t\t<\/div>\n\t\t\t<\/div>\n\t\t\t\t<\/div>\n\t\t\t\t<\/div>\n\t\t\t\t\t\t<\/div>\n\t\t\t\t\t<\/div>\n\t\t<\/div>\n\t\t\t\t\t\t\t\t<\/div>\n\t\t\t\t\t<\/div>\n\t\t<\/section>\n\t\t\t\t\t\t<\/div>\n\t\t\t\t\t\t<\/div>\n\t\t\t\t\t<\/div>","protected":false},"excerpt":{"rendered":"<p>Clinician-investigator training in Canada In Canada, there are a variety of options for training in the realms of medicine and science en route to a career as a clinician-investigator. One common route is the Clinician Investigator Program (CIP) which is overseen by The Royal College of Physicians and Surgeons of Canada. In this program, medical residents who have already completed an MD degree take time away from medical specialty training to pursue research. This additional training may take the form of a Master\u2019s degree, PhD, or post-doctoral fellowship (for trainees who already hold research degrees). More information can be found here. Another common route is the MD\/PhD or MD\/MSc training programs, which are separately offered by many Faculties of Medicine across Canada. In these programs, students pursue the competition of an MD and graduate degree (MSc or PhD) concurrently. These programs vary remarkably in structure across the country. CITAC has compiled this resource which contains more detailed information. Finally, there are many trainees who pursue a clinician-investigator career without completing a formal dual training program. These include trainees who have completed graduate degrees prior to entering medical school and trainees who pursue scholarly activities without obtaining a graduate degree.<\/p>","protected":false},"author":471,"featured_media":0,"parent":0,"menu_order":0,"comment_status":"closed","ping_status":"closed","template":"","meta":{"footnotes":""},"class_list":["post-7209","page","type-page","status-publish","hentry","post-no-thumbnail"],"_links":{"self":[{"href":"https:\/\/citac-accfc.org\/fr\/wp-json\/wp\/v2\/pages\/7209","targetHints":{"allow":["GET"]}}],"collection":[{"href":"https:\/\/citac-accfc.org\/fr\/wp-json\/wp\/v2\/pages"}],"about":[{"href":"https:\/\/citac-accfc.org\/fr\/wp-json\/wp\/v2\/types\/page"}],"author":[{"embeddable":true,"href":"https:\/\/citac-accfc.org\/fr\/wp-json\/wp\/v2\/users\/471"}],"replies":[{"embeddable":true,"href":"https:\/\/citac-accfc.org\/fr\/wp-json\/wp\/v2\/comments?post=7209"}],"version-history":[{"count":22,"href":"https:\/\/citac-accfc.org\/fr\/wp-json\/wp\/v2\/pages\/7209\/revisions"}],"predecessor-version":[{"id":7232,"href":"https:\/\/citac-accfc.org\/fr\/wp-json\/wp\/v2\/pages\/7209\/revisions\/7232"}],"wp:attachment":[{"href":"https:\/\/citac-accfc.org\/fr\/wp-json\/wp\/v2\/media?parent=7209"}],"curies":[{"name":"wp","href":"https:\/\/api.w.org\/{rel}","templated":true}]}}