{"id":7233,"date":"2024-02-05T15:32:21","date_gmt":"2024-02-05T15:32:21","guid":{"rendered":"https:\/\/brandlume.dev\/citac.ca\/?page_id=7233"},"modified":"2024-12-05T22:03:21","modified_gmt":"2024-12-05T22:03:21","slug":"ajm-2024-vancouver-bc","status":"publish","type":"page","link":"https:\/\/citac-accfc.org\/fr\/ajm-2024-vancouver-bc\/","title":{"rendered":"AJM 2024 \u2013 Vancouver, C.-B."},"content":{"rendered":"<div data-elementor-type=\"wp-page\" data-elementor-id=\"7233\" class=\"elementor elementor-7233\" data-elementor-settings=\"[]\">\n\t\t\t\t\t\t<div class=\"elementor-inner\">\n\t\t\t\t\t\t\t<div class=\"elementor-section-wrap\">\n\t\t\t\t\t\t\t<section class=\"elementor-section elementor-top-section elementor-element elementor-element-6403ea4 elementor-section-boxed elementor-section-gap-beside-yes elementor-section-height-default elementor-section-height-default elementor-section-column-vertical-align-stretch\" data-id=\"6403ea4\" data-element_type=\"section\">\n\t\t\t\t\t\t<div class=\"elementor-container elementor-column-gap-extended\">\n\t\t\t\t\t\t\t<div class=\"elementor-row\">\n\t\t\t\t\t<div class=\"elementor-column elementor-col-50 elementor-top-column elementor-element elementor-element-c6c083c\" data-id=\"c6c083c\" data-element_type=\"column\">\n\t\t\t<div class=\"elementor-column-wrap elementor-element-populated\">\n\t\t\t\t\t\t\t<div class=\"elementor-widget-wrap\">\n\t\t\t\t\t\t<div class=\"elementor-element elementor-element-9de2ce6 elementor-widget elementor-widget-tm-heading\" data-id=\"9de2ce6\" data-element_type=\"widget\" data-widget_type=\"tm-heading.default\">\n\t\t\t\t<div class=\"elementor-widget-container\">\n\t\t\t\t\t<div class=\"tm-modern-heading\">\n\t\t\t\n\t\t\t\t\t<div class=\"heading-primary-wrap\">\n\t\t\t<h2 class=\"heading-primary elementor-heading-title\"><mark> AJM 2024<\/mark> - Vancouver, Colombie-Britannique\n<\/h2>\t\t<\/div>\n\t\t\n\t\t\t\n\t\t\t\t\t<div class=\"heading-description-wrap\">\n\t\t\t<div class=\"heading-description\">\n\t\t\t\t<p>Le <strong>R\u00e9union annuelle conjointe CSCI-CITAC (AJM) 2024<\/strong> sera organis\u00e9 en collaboration avec le Congr\u00e8s international de m\u00e9decine universitaire (ICAM) et l&#039;Association des facult\u00e9s de m\u00e9decine du Canada (AFMC) pour une conf\u00e9rence en personne \u00e0 Vancouver, en Colombie-Britannique, du <strong>11-15 avril 2024<\/strong>.<\/p><p>L&#039;appel \u00e0 r\u00e9sum\u00e9s a \u00e9t\u00e9 cl\u00f4tur\u00e9 le 5 mars<strong>.<\/strong><\/p><p>Nous mettrons \u00e0 jour cette page Web dans les semaines \u00e0 venir avec plus de d\u00e9tails concernant notre <strong>L&#039;AJM se tiendra le jeudi 11 avril \u00e0 l&#039;UBC Robson Square<\/strong>. Restez \u00e0 l&#039;\u00e9coute!\u00a0<\/p><p>Si vous avez des questions, n&#039;h\u00e9sitez pas \u00e0 nous contacter \u00e0 <a href=\"mailto:meetings@citac-accfc.org\" target=\"_blank\" rel=\"noopener\">r\u00e9unions@citac-accfc.org.<\/a><\/p><p>Nous avons h\u00e2te de vous voir \u00e0 l\u2019AJM 2024 !<\/p>\t\t\t<\/div>\n\t\t<\/div>\n\t\t\t<\/div>\n\t\t\t\t<\/div>\n\t\t\t\t<\/div>\n\t\t\t\t\t\t<\/div>\n\t\t\t\t\t<\/div>\n\t\t<\/div>\n\t\t\t\t<div class=\"elementor-column elementor-col-50 elementor-top-column elementor-element elementor-element-8239764\" data-id=\"8239764\" data-element_type=\"column\">\n\t\t\t<div class=\"elementor-column-wrap elementor-element-populated\">\n\t\t\t\t\t\t\t<div class=\"elementor-widget-wrap\">\n\t\t\t\t\t\t<div class=\"elementor-element elementor-element-d3e6758 elementor-widget elementor-widget-image\" data-id=\"d3e6758\" data-element_type=\"widget\" data-widget_type=\"image.default\">\n\t\t\t\t<div class=\"elementor-widget-container\">\n\t\t\t\t\t\t\t\t<div class=\"elementor-image\">\n\t\t\t\t\t\t\t\t\t\t\t\t<img loading=\"lazy\" decoding=\"async\" width=\"1166\" height=\"1768\" src=\"https:\/\/citac-accfc.org\/wp-content\/uploads\/2024\/03\/CSCI-CITAC-Tentative-Schedule-V2.png\" class=\"attachment-full size-full\" alt=\"\" srcset=\"https:\/\/citac-accfc.org\/wp-content\/uploads\/2024\/03\/CSCI-CITAC-Tentative-Schedule-V2.png 1166w, https:\/\/citac-accfc.org\/wp-content\/uploads\/2024\/03\/CSCI-CITAC-Tentative-Schedule-V2-198x300.png 198w, https:\/\/citac-accfc.org\/wp-content\/uploads\/2024\/03\/CSCI-CITAC-Tentative-Schedule-V2-675x1024.png 675w, https:\/\/citac-accfc.org\/wp-content\/uploads\/2024\/03\/CSCI-CITAC-Tentative-Schedule-V2-768x1165.png 768w, https:\/\/citac-accfc.org\/wp-content\/uploads\/2024\/03\/CSCI-CITAC-Tentative-Schedule-V2-1013x1536.png 1013w\" sizes=\"auto, (max-width: 1166px) 100vw, 1166px\" \/>\t\t\t\t\t\t\t\t\t\t\t\t\t\t<\/div>\n\t\t\t\t\t\t<\/div>\n\t\t\t\t<\/div>\n\t\t\t\t\t\t<\/div>\n\t\t\t\t\t<\/div>\n\t\t<\/div>\n\t\t\t\t\t\t\t\t<\/div>\n\t\t\t\t\t<\/div>\n\t\t<\/section>\n\t\t\t\t\t\t<\/div>\n\t\t\t\t\t\t<\/div>\n\t\t\t\t\t<\/div>","protected":false},"excerpt":{"rendered":"<p>AJM 2024 &#8211; Vancouver, BC The CSCI-CITAC Annual Joint Meeting (AJM) 2024 will be hosted in collaboration with the International Congress on Academic Medicine (ICAM) and the Association of Faculties of Medicine of Canada (AFMC) for an in-person conference in Vancouver, British Columbia from April 11-15th, 2024. The call for abstracts closed on March 5th. We will be updating this webpage in the coming weeks with more details regarding our AJM on Thursday, April 11th to be held at UBC Robson Square. Stay tuned!\u00a0 If you have any questions, please feel free to contact us at meetings@citac-accfc.org. We look forward to seeing you at AJM 2024!<\/p>","protected":false},"author":471,"featured_media":0,"parent":0,"menu_order":0,"comment_status":"closed","ping_status":"closed","template":"","meta":{"footnotes":""},"class_list":["post-7233","page","type-page","status-publish","hentry","post-no-thumbnail"],"_links":{"self":[{"href":"https:\/\/citac-accfc.org\/fr\/wp-json\/wp\/v2\/pages\/7233","targetHints":{"allow":["GET"]}}],"collection":[{"href":"https:\/\/citac-accfc.org\/fr\/wp-json\/wp\/v2\/pages"}],"about":[{"href":"https:\/\/citac-accfc.org\/fr\/wp-json\/wp\/v2\/types\/page"}],"author":[{"embeddable":true,"href":"https:\/\/citac-accfc.org\/fr\/wp-json\/wp\/v2\/users\/471"}],"replies":[{"embeddable":true,"href":"https:\/\/citac-accfc.org\/fr\/wp-json\/wp\/v2\/comments?post=7233"}],"version-history":[{"count":24,"href":"https:\/\/citac-accfc.org\/fr\/wp-json\/wp\/v2\/pages\/7233\/revisions"}],"predecessor-version":[{"id":7548,"href":"https:\/\/citac-accfc.org\/fr\/wp-json\/wp\/v2\/pages\/7233\/revisions\/7548"}],"wp:attachment":[{"href":"https:\/\/citac-accfc.org\/fr\/wp-json\/wp\/v2\/media?parent=7233"}],"curies":[{"name":"wp","href":"https:\/\/api.w.org\/{rel}","templated":true}]}}