{"id":7357,"date":"2023-11-06T01:17:18","date_gmt":"2023-11-06T01:17:18","guid":{"rendered":"https:\/\/citac-accfc.org\/?page_id=7357"},"modified":"2024-02-14T05:17:25","modified_gmt":"2024-02-14T05:17:25","slug":"funds-and-awards","status":"publish","type":"page","link":"https:\/\/citac-accfc.org\/fr\/what-we-do\/funds-and-awards\/","title":{"rendered":"Fonds et r\u00e9compenses du CITAC"},"content":{"rendered":"<div data-elementor-type=\"wp-page\" data-elementor-id=\"7357\" class=\"elementor elementor-7357\" data-elementor-settings=\"[]\">\n\t\t\t\t\t\t<div class=\"elementor-inner\">\n\t\t\t\t\t\t\t<div class=\"elementor-section-wrap\">\n\t\t\t\t\t\t\t<section class=\"elementor-section elementor-top-section elementor-element elementor-element-cbeecbd elementor-section-boxed elementor-section-gap-beside-yes elementor-section-height-default elementor-section-height-default elementor-section-column-vertical-align-stretch\" data-id=\"cbeecbd\" data-element_type=\"section\">\n\t\t\t\t\t\t<div class=\"elementor-container elementor-column-gap-extended\">\n\t\t\t\t\t\t\t<div class=\"elementor-row\">\n\t\t\t\t\t<div class=\"elementor-column elementor-col-100 elementor-top-column elementor-element elementor-element-cd26622\" data-id=\"cd26622\" data-element_type=\"column\">\n\t\t\t<div class=\"elementor-column-wrap elementor-element-populated\">\n\t\t\t\t\t\t\t<div class=\"elementor-widget-wrap\">\n\t\t\t\t\t\t<div class=\"elementor-element elementor-element-8fa1144 elementor-widget elementor-widget-text-editor\" data-id=\"8fa1144\" data-element_type=\"widget\" data-widget_type=\"text-editor.default\">\n\t\t\t\t<div class=\"elementor-widget-container\">\n\t\t\t\t\t\t\t\t<div class=\"elementor-text-editor elementor-clearfix\">\n\t\t\t\t\t<p>CITAC est tr\u00e8s heureux d&#039;offrir \u00e0 nos membres <b>deux fonds<\/b>\u00a0et <b>un prix<\/b>.<\/p><div class=\"elementor-element elementor-element-dfbce8e elementor-widget elementor-widget-text-editor\" data-id=\"dfbce8e\" data-element_type=\"widget\" data-widget_type=\"text-editor.default\"><div class=\"elementor-widget-container\"><div class=\"elementor-text-editor elementor-clearfix\"><ol><li><a href=\"https:\/\/citac-accfc.org\/fr\/what-we-do\/funds-and-awards\/local-connections-fund\/\"><strong>Fonds de connexions locales<\/strong><\/a>. Soutien aux \u00e9v\u00e9nements organis\u00e9s localement visant \u00e0 <b>connecter les stagiaires m\u00e9decins-chercheurs intra-programme<\/b> en fournissant un petit fonds du CITAC \u00e0 chacun des programmes de formation de m\u00e9decins-chercheurs canadiens, par l\u2019interm\u00e9diaire d\u2019iReps.<\/li><li><a href=\"https:\/\/citac-accfc.org\/fr\/what-we-do\/funds-and-awards\/expand-and-engage\/\"><strong>D\u00e9velopper et mobiliser le fonds Kickstart<\/strong><\/a>. Financement de d\u00e9marrage du CITAC pour <b>lancer la formation\/l&#039;expansion<\/b> d\u2019un projet initi\u00e9 localement dans le but d\u2019engager des m\u00e9decins-chercheurs stagiaires de plusieurs programmes de formation au Canada.<\/li><li><a href=\"https:\/\/citac-accfc.org\/fr\/what-we-do\/funds-and-awards\/outstanding-trainee-award\/\"><strong>Prix du stagiaire exceptionnel<\/strong><\/a>. Reconnaissance d&#039;un m\u00e9decin-chercheur stagiaire dont <b>contributions exceptionnelles<\/b> \u00e0 l\u2019am\u00e9lioration de leurs communaut\u00e9s scientifiques, m\u00e9dicales ou plus larges sont <b>au b\u00e9n\u00e9fice de la communaut\u00e9 des m\u00e9decins-chercheurs.<\/b><\/li><\/ol><\/div><\/div><\/div>\t\t\t\t\t<\/div>\n\t\t\t\t\t\t<\/div>\n\t\t\t\t<\/div>\n\t\t\t\t<div class=\"elementor-element elementor-element-7eca87d elementor-widget elementor-widget-spacer\" data-id=\"7eca87d\" data-element_type=\"widget\" data-widget_type=\"spacer.default\">\n\t\t\t\t<div class=\"elementor-widget-container\">\n\t\t\t\t\t<div class=\"elementor-spacer\">\n\t\t\t<div class=\"elementor-spacer-inner\"><\/div>\n\t\t<\/div>\n\t\t\t\t<\/div>\n\t\t\t\t<\/div>\n\t\t\t\t\t\t<\/div>\n\t\t\t\t\t<\/div>\n\t\t<\/div>\n\t\t\t\t\t\t\t\t<\/div>\n\t\t\t\t\t<\/div>\n\t\t<\/section>\n\t\t\t\t<section class=\"elementor-section elementor-top-section elementor-element elementor-element-daaf8ec elementor-section-boxed elementor-section-gap-beside-yes elementor-section-height-default elementor-section-height-default elementor-section-column-vertical-align-stretch\" data-id=\"daaf8ec\" data-element_type=\"section\">\n\t\t\t\t\t\t<div class=\"elementor-container elementor-column-gap-extended\">\n\t\t\t\t\t\t\t<div class=\"elementor-row\">\n\t\t\t\t\t<div class=\"elementor-column elementor-col-50 elementor-top-column elementor-element elementor-element-347239f\" data-id=\"347239f\" data-element_type=\"column\">\n\t\t\t<div class=\"elementor-column-wrap elementor-element-populated\">\n\t\t\t\t\t\t\t<div class=\"elementor-widget-wrap\">\n\t\t\t\t\t\t<div class=\"elementor-element elementor-element-7c8296f elementor-widget elementor-widget-image\" data-id=\"7c8296f\" data-element_type=\"widget\" data-widget_type=\"image.default\">\n\t\t\t\t<div class=\"elementor-widget-container\">\n\t\t\t\t\t\t\t\t<div class=\"elementor-image\">\n\t\t\t\t\t\t\t\t\t\t\t\t<img loading=\"lazy\" decoding=\"async\" width=\"640\" height=\"366\" src=\"https:\/\/citac-accfc.org\/wp-content\/uploads\/2023\/11\/CITACFundsFrame-1024x585.png\" class=\"attachment-large size-large\" alt=\"\" srcset=\"https:\/\/citac-accfc.org\/wp-content\/uploads\/2023\/11\/CITACFundsFrame-1024x585.png 1024w, https:\/\/citac-accfc.org\/wp-content\/uploads\/2023\/11\/CITACFundsFrame-300x171.png 300w, https:\/\/citac-accfc.org\/wp-content\/uploads\/2023\/11\/CITACFundsFrame-768x439.png 768w, https:\/\/citac-accfc.org\/wp-content\/uploads\/2023\/11\/CITACFundsFrame-1536x878.png 1536w, https:\/\/citac-accfc.org\/wp-content\/uploads\/2023\/11\/CITACFundsFrame-2048x1170.png 2048w\" sizes=\"auto, (max-width: 640px) 100vw, 640px\" \/>\t\t\t\t\t\t\t\t\t\t\t\t\t\t<\/div>\n\t\t\t\t\t\t<\/div>\n\t\t\t\t<\/div>\n\t\t\t\t\t\t<\/div>\n\t\t\t\t\t<\/div>\n\t\t<\/div>\n\t\t\t\t<div class=\"elementor-column elementor-col-50 elementor-top-column elementor-element elementor-element-82ab75b\" data-id=\"82ab75b\" data-element_type=\"column\">\n\t\t\t<div class=\"elementor-column-wrap elementor-element-populated\">\n\t\t\t\t\t\t\t<div class=\"elementor-widget-wrap\">\n\t\t\t\t\t\t<div class=\"elementor-element elementor-element-cb75b96 elementor-widget elementor-widget-image\" data-id=\"cb75b96\" data-element_type=\"widget\" data-widget_type=\"image.default\">\n\t\t\t\t<div class=\"elementor-widget-container\">\n\t\t\t\t\t\t\t\t<div class=\"elementor-image\">\n\t\t\t\t\t\t\t\t\t\t\t\t<img loading=\"lazy\" decoding=\"async\" width=\"640\" height=\"366\" src=\"https:\/\/citac-accfc.org\/wp-content\/uploads\/2023\/11\/CITACAwardsFrame-1024x585.png\" class=\"attachment-large size-large\" alt=\"\" srcset=\"https:\/\/citac-accfc.org\/wp-content\/uploads\/2023\/11\/CITACAwardsFrame-1024x585.png 1024w, https:\/\/citac-accfc.org\/wp-content\/uploads\/2023\/11\/CITACAwardsFrame-300x171.png 300w, https:\/\/citac-accfc.org\/wp-content\/uploads\/2023\/11\/CITACAwardsFrame-768x439.png 768w, https:\/\/citac-accfc.org\/wp-content\/uploads\/2023\/11\/CITACAwardsFrame-1536x878.png 1536w, https:\/\/citac-accfc.org\/wp-content\/uploads\/2023\/11\/CITACAwardsFrame-2048x1170.png 2048w\" sizes=\"auto, (max-width: 640px) 100vw, 640px\" \/>\t\t\t\t\t\t\t\t\t\t\t\t\t\t<\/div>\n\t\t\t\t\t\t<\/div>\n\t\t\t\t<\/div>\n\t\t\t\t\t\t<\/div>\n\t\t\t\t\t<\/div>\n\t\t<\/div>\n\t\t\t\t\t\t\t\t<\/div>\n\t\t\t\t\t<\/div>\n\t\t<\/section>\n\t\t\t\t<section class=\"elementor-section elementor-top-section elementor-element elementor-element-6f3cf3e elementor-section-boxed elementor-section-gap-beside-yes elementor-section-height-default elementor-section-height-default elementor-section-column-vertical-align-stretch\" data-id=\"6f3cf3e\" data-element_type=\"section\">\n\t\t\t\t\t\t<div class=\"elementor-container elementor-column-gap-extended\">\n\t\t\t\t\t\t\t<div class=\"elementor-row\">\n\t\t\t\t\t<div class=\"elementor-column elementor-col-100 elementor-top-column elementor-element elementor-element-37aff26\" data-id=\"37aff26\" data-element_type=\"column\">\n\t\t\t<div class=\"elementor-column-wrap elementor-element-populated\">\n\t\t\t\t\t\t\t<div class=\"elementor-widget-wrap\">\n\t\t\t\t\t\t<div class=\"elementor-element elementor-element-91f62f5 elementor-widget elementor-widget-spacer\" data-id=\"91f62f5\" data-element_type=\"widget\" data-widget_type=\"spacer.default\">\n\t\t\t\t<div class=\"elementor-widget-container\">\n\t\t\t\t\t<div class=\"elementor-spacer\">\n\t\t\t<div class=\"elementor-spacer-inner\"><\/div>\n\t\t<\/div>\n\t\t\t\t<\/div>\n\t\t\t\t<\/div>\n\t\t\t\t\t\t<\/div>\n\t\t\t\t\t<\/div>\n\t\t<\/div>\n\t\t\t\t\t\t\t\t<\/div>\n\t\t\t\t\t<\/div>\n\t\t<\/section>\n\t\t\t\t<section class=\"elementor-section elementor-top-section elementor-element elementor-element-dacbbe0 elementor-section-boxed elementor-section-gap-beside-yes elementor-section-height-default elementor-section-height-default elementor-section-column-vertical-align-stretch\" data-id=\"dacbbe0\" data-element_type=\"section\">\n\t\t\t\t\t\t<div class=\"elementor-container elementor-column-gap-extended\">\n\t\t\t\t\t\t\t<div class=\"elementor-row\">\n\t\t\t\t\t<div class=\"elementor-column elementor-col-100 elementor-top-column elementor-element elementor-element-6371273\" data-id=\"6371273\" data-element_type=\"column\">\n\t\t\t<div class=\"elementor-column-wrap\">\n\t\t\t\t\t\t\t<div class=\"elementor-widget-wrap\">\n\t\t\t\t\t\t\t\t<\/div>\n\t\t\t\t\t<\/div>\n\t\t<\/div>\n\t\t\t\t\t\t\t\t<\/div>\n\t\t\t\t\t<\/div>\n\t\t<\/section>\n\t\t\t\t\t\t<\/div>\n\t\t\t\t\t\t<\/div>\n\t\t\t\t\t<\/div>","protected":false},"excerpt":{"rendered":"<p>CITAC is very pleased to offer our membership two funds\u00a0and one award. Local Connections Fund.\u00a0Support for locally-organized events aimed at connecting intra-program physician-scientist trainees by providing a small fund from CITAC to each of the Canadian physician-scientist training programs, through iReps. Expand and Engage Kickstart Fund.\u00a0Seed funding from CITAC to kickstart the formation\/expansion of a locally-initiated project with the goal of engaging physician-scientist trainees from multiple training programs in Canada. Outstanding Trainee Award. Recognition of a physician-scientist trainee whose outstanding contributions to the betterment of their scientific, medical, or broader communities are benefiting the physician-scientist community.<\/p>","protected":false},"author":2999,"featured_media":0,"parent":5524,"menu_order":0,"comment_status":"closed","ping_status":"closed","template":"","meta":{"footnotes":""},"class_list":["post-7357","page","type-page","status-publish","hentry","post-no-thumbnail"],"_links":{"self":[{"href":"https:\/\/citac-accfc.org\/fr\/wp-json\/wp\/v2\/pages\/7357","targetHints":{"allow":["GET"]}}],"collection":[{"href":"https:\/\/citac-accfc.org\/fr\/wp-json\/wp\/v2\/pages"}],"about":[{"href":"https:\/\/citac-accfc.org\/fr\/wp-json\/wp\/v2\/types\/page"}],"author":[{"embeddable":true,"href":"https:\/\/citac-accfc.org\/fr\/wp-json\/wp\/v2\/users\/2999"}],"replies":[{"embeddable":true,"href":"https:\/\/citac-accfc.org\/fr\/wp-json\/wp\/v2\/comments?post=7357"}],"version-history":[{"count":44,"href":"https:\/\/citac-accfc.org\/fr\/wp-json\/wp\/v2\/pages\/7357\/revisions"}],"predecessor-version":[{"id":7534,"href":"https:\/\/citac-accfc.org\/fr\/wp-json\/wp\/v2\/pages\/7357\/revisions\/7534"}],"up":[{"embeddable":true,"href":"https:\/\/citac-accfc.org\/fr\/wp-json\/wp\/v2\/pages\/5524"}],"wp:attachment":[{"href":"https:\/\/citac-accfc.org\/fr\/wp-json\/wp\/v2\/media?parent=7357"}],"curies":[{"name":"wp","href":"https:\/\/api.w.org\/{rel}","templated":true}]}}