{"id":7397,"date":"2023-11-06T01:34:46","date_gmt":"2023-11-06T01:34:46","guid":{"rendered":"https:\/\/citac-accfc.org\/?page_id=7397"},"modified":"2025-12-09T19:36:59","modified_gmt":"2025-12-09T19:36:59","slug":"local-connections-fund","status":"publish","type":"page","link":"https:\/\/citac-accfc.org\/fr\/what-we-do\/funds-and-awards\/local-connections-fund\/","title":{"rendered":"Fonds de connexions locales"},"content":{"rendered":"<div data-elementor-type=\"wp-page\" data-elementor-id=\"7397\" class=\"elementor elementor-7397\" data-elementor-settings=\"[]\">\n\t\t\t\t\t\t<div class=\"elementor-inner\">\n\t\t\t\t\t\t\t<div class=\"elementor-section-wrap\">\n\t\t\t\t\t\t\t<section class=\"elementor-section elementor-top-section elementor-element elementor-element-5f386ec elementor-section-boxed elementor-section-gap-beside-yes elementor-section-height-default elementor-section-height-default elementor-section-column-vertical-align-stretch\" data-id=\"5f386ec\" data-element_type=\"section\">\n\t\t\t\t\t\t<div class=\"elementor-container elementor-column-gap-extended\">\n\t\t\t\t\t\t\t<div class=\"elementor-row\">\n\t\t\t\t\t<div class=\"elementor-column elementor-col-100 elementor-top-column elementor-element elementor-element-96ab503\" data-id=\"96ab503\" data-element_type=\"column\">\n\t\t\t<div class=\"elementor-column-wrap elementor-element-populated\">\n\t\t\t\t\t\t\t<div class=\"elementor-widget-wrap\">\n\t\t\t\t\t\t<div class=\"elementor-element elementor-element-d5b4308 elementor-widget elementor-widget-image\" data-id=\"d5b4308\" data-element_type=\"widget\" data-widget_type=\"image.default\">\n\t\t\t\t<div class=\"elementor-widget-container\">\n\t\t\t\t\t\t\t\t<div class=\"elementor-image\">\n\t\t\t\t\t\t\t\t\t\t\t\t<img loading=\"lazy\" decoding=\"async\" width=\"640\" height=\"164\" src=\"https:\/\/citac-accfc.org\/wp-content\/uploads\/2023\/11\/CITACFundsMDFM-1024x262.png\" class=\"attachment-large size-large\" alt=\"\" srcset=\"https:\/\/citac-accfc.org\/wp-content\/uploads\/2023\/11\/CITACFundsMDFM-1024x262.png 1024w, https:\/\/citac-accfc.org\/wp-content\/uploads\/2023\/11\/CITACFundsMDFM-300x77.png 300w, https:\/\/citac-accfc.org\/wp-content\/uploads\/2023\/11\/CITACFundsMDFM-768x196.png 768w, https:\/\/citac-accfc.org\/wp-content\/uploads\/2023\/11\/CITACFundsMDFM-1536x392.png 1536w, https:\/\/citac-accfc.org\/wp-content\/uploads\/2023\/11\/CITACFundsMDFM-2048x523.png 2048w\" sizes=\"auto, (max-width: 640px) 100vw, 640px\" \/>\t\t\t\t\t\t\t\t\t\t\t\t\t\t<\/div>\n\t\t\t\t\t\t<\/div>\n\t\t\t\t<\/div>\n\t\t\t\t\t\t<\/div>\n\t\t\t\t\t<\/div>\n\t\t<\/div>\n\t\t\t\t\t\t\t\t<\/div>\n\t\t\t\t\t<\/div>\n\t\t<\/section>\n\t\t\t\t<section class=\"elementor-section elementor-top-section elementor-element elementor-element-e4344de elementor-section-boxed elementor-section-gap-beside-yes elementor-section-height-default elementor-section-height-default elementor-section-column-vertical-align-stretch\" data-id=\"e4344de\" data-element_type=\"section\">\n\t\t\t\t\t\t<div class=\"elementor-container elementor-column-gap-extended\">\n\t\t\t\t\t\t\t<div class=\"elementor-row\">\n\t\t\t\t\t<div class=\"elementor-column elementor-col-100 elementor-top-column elementor-element elementor-element-384333d\" data-id=\"384333d\" data-element_type=\"column\">\n\t\t\t<div class=\"elementor-column-wrap elementor-element-populated\">\n\t\t\t\t\t\t\t<div class=\"elementor-widget-wrap\">\n\t\t\t\t\t\t<div class=\"elementor-element elementor-element-3ec2a59 elementor-widget elementor-widget-spacer\" data-id=\"3ec2a59\" data-element_type=\"widget\" data-widget_type=\"spacer.default\">\n\t\t\t\t<div class=\"elementor-widget-container\">\n\t\t\t\t\t<div class=\"elementor-spacer\">\n\t\t\t<div class=\"elementor-spacer-inner\"><\/div>\n\t\t<\/div>\n\t\t\t\t<\/div>\n\t\t\t\t<\/div>\n\t\t\t\t<div class=\"elementor-element elementor-element-445f22d elementor-widget elementor-widget-text-editor\" data-id=\"445f22d\" data-element_type=\"widget\" data-widget_type=\"text-editor.default\">\n\t\t\t\t<div class=\"elementor-widget-container\">\n\t\t\t\t\t\t\t\t<div class=\"elementor-text-editor elementor-clearfix\">\n\t\t\t\t\t<p>Consultez toutes les informations sur les fonds et les d\u00e9tails de la demande r\u00e9sum\u00e9s dans <a href=\"https:\/\/drive.google.com\/file\/d\/1QkwpnBtyeq9RWLOACSVOONA3XUtp-qZJ\/view?usp=sharing\"><strong>cette affiche<\/strong><\/a>.<\/p>\t\t\t\t\t<\/div>\n\t\t\t\t\t\t<\/div>\n\t\t\t\t<\/div>\n\t\t\t\t\t\t<\/div>\n\t\t\t\t\t<\/div>\n\t\t<\/div>\n\t\t\t\t\t\t\t\t<\/div>\n\t\t\t\t\t<\/div>\n\t\t<\/section>\n\t\t\t\t<section class=\"elementor-section elementor-top-section elementor-element elementor-element-4e404f5 elementor-section-boxed elementor-section-gap-beside-yes elementor-section-height-default elementor-section-height-default elementor-section-column-vertical-align-stretch\" data-id=\"4e404f5\" data-element_type=\"section\">\n\t\t\t\t\t\t<div class=\"elementor-container elementor-column-gap-extended\">\n\t\t\t\t\t\t\t<div class=\"elementor-row\">\n\t\t\t\t\t<div class=\"elementor-column elementor-col-100 elementor-top-column elementor-element elementor-element-6798354\" data-id=\"6798354\" data-element_type=\"column\">\n\t\t\t<div class=\"elementor-column-wrap elementor-element-populated\">\n\t\t\t\t\t\t\t<div class=\"elementor-widget-wrap\">\n\t\t\t\t\t\t<div class=\"elementor-element elementor-element-4380947 elementor-widget elementor-widget-spacer\" data-id=\"4380947\" data-element_type=\"widget\" data-widget_type=\"spacer.default\">\n\t\t\t\t<div class=\"elementor-widget-container\">\n\t\t\t\t\t<div class=\"elementor-spacer\">\n\t\t\t<div class=\"elementor-spacer-inner\"><\/div>\n\t\t<\/div>\n\t\t\t\t<\/div>\n\t\t\t\t<\/div>\n\t\t\t\t<div class=\"elementor-element elementor-element-bab6306 elementor-widget elementor-widget-button\" data-id=\"bab6306\" data-element_type=\"widget\" data-widget_type=\"button.default\">\n\t\t\t\t<div class=\"elementor-widget-container\">\n\t\t\t\t\t<div class=\"elementor-button-wrapper\">\n\t\t\t<a href=\"https:\/\/docs.google.com\/forms\/d\/e\/1FAIpQLScmBWADNbzbC2YMkcjCBxp6FZ_pQLaZfUnAlZPdXPlkiKY0bQ\/viewform\" class=\"elementor-button-link elementor-button elementor-size-sm\" role=\"button\">\n\t\t\t\t\t\t<span class=\"elementor-button-content-wrapper\">\n\t\t\t\t\t\t<span class=\"elementor-button-text\">Soumettez votre candidature<\/span>\n\t\t<\/span>\n\t\t\t\t\t<\/a>\n\t\t<\/div>\n\t\t\t\t<\/div>\n\t\t\t\t<\/div>\n\t\t\t\t\t\t<\/div>\n\t\t\t\t\t<\/div>\n\t\t<\/div>\n\t\t\t\t\t\t\t\t<\/div>\n\t\t\t\t\t<\/div>\n\t\t<\/section>\n\t\t\t\t<section class=\"elementor-section elementor-top-section elementor-element elementor-element-bfb0df6 elementor-section-boxed elementor-section-gap-beside-yes elementor-section-height-default elementor-section-height-default elementor-section-column-vertical-align-stretch\" data-id=\"bfb0df6\" data-element_type=\"section\">\n\t\t\t\t\t\t<div class=\"elementor-container elementor-column-gap-extended\">\n\t\t\t\t\t\t\t<div class=\"elementor-row\">\n\t\t\t\t\t<div class=\"elementor-column elementor-col-100 elementor-top-column elementor-element elementor-element-ece3b4b\" data-id=\"ece3b4b\" data-element_type=\"column\">\n\t\t\t<div class=\"elementor-column-wrap elementor-element-populated\">\n\t\t\t\t\t\t\t<div class=\"elementor-widget-wrap\">\n\t\t\t\t\t\t<div class=\"elementor-element elementor-element-93cb53c elementor-widget elementor-widget-spacer\" data-id=\"93cb53c\" data-element_type=\"widget\" data-widget_type=\"spacer.default\">\n\t\t\t\t<div class=\"elementor-widget-container\">\n\t\t\t\t\t<div class=\"elementor-spacer\">\n\t\t\t<div class=\"elementor-spacer-inner\"><\/div>\n\t\t<\/div>\n\t\t\t\t<\/div>\n\t\t\t\t<\/div>\n\t\t\t\t\t\t<\/div>\n\t\t\t\t\t<\/div>\n\t\t<\/div>\n\t\t\t\t\t\t\t\t<\/div>\n\t\t\t\t\t<\/div>\n\t\t<\/section>\n\t\t\t\t<section class=\"elementor-section elementor-top-section elementor-element elementor-element-0705a68 elementor-section-boxed elementor-section-gap-beside-yes elementor-section-height-default elementor-section-height-default elementor-section-column-vertical-align-stretch\" data-id=\"0705a68\" data-element_type=\"section\">\n\t\t\t\t\t\t<div class=\"elementor-container elementor-column-gap-extended\">\n\t\t\t\t\t\t\t<div class=\"elementor-row\">\n\t\t\t\t\t<div class=\"elementor-column elementor-col-100 elementor-top-column elementor-element elementor-element-513a9a8\" data-id=\"513a9a8\" data-element_type=\"column\">\n\t\t\t<div class=\"elementor-column-wrap elementor-element-populated\">\n\t\t\t\t\t\t\t<div class=\"elementor-widget-wrap\">\n\t\t\t\t\t\t<div class=\"elementor-element elementor-element-3a47210 elementor-widget elementor-widget-text-editor\" data-id=\"3a47210\" data-element_type=\"widget\" data-widget_type=\"text-editor.default\">\n\t\t\t\t<div class=\"elementor-widget-container\">\n\t\t\t\t\t\t\t\t<div class=\"elementor-text-editor elementor-clearfix\">\n\t\t\t\t\t<div class=\"elementor-element elementor-element-264d25d elementor-widget elementor-widget-text-editor\" data-id=\"264d25d\" data-element_type=\"widget\" data-widget_type=\"text-editor.default\"><div class=\"elementor-widget-container\"><div class=\"elementor-text-editor elementor-clearfix\"><p>Date limite de candidature : <strong>UN<\/strong><b>Les candidatures seront accept\u00e9es au fur et \u00e0 mesure jusqu&#039;en ao\u00fbt 2026.<\/b><\/p><p>Les demandes pour le Fonds de connexions locales sont <b>soumis par l&#039;iRep de chaque programme. <\/b><br \/>Vous souhaitez contacter votre iRep mais vous ne savez pas qui c&#039;est\u00a0? Contactez le\u00a0<strong><a href=\"mailto:finance@citac-accfc.org\">Directeur des finances<\/a><\/strong>.<\/p><\/div><\/div><\/div>\t\t\t\t\t<\/div>\n\t\t\t\t\t\t<\/div>\n\t\t\t\t<\/div>\n\t\t\t\t\t\t<\/div>\n\t\t\t\t\t<\/div>\n\t\t<\/div>\n\t\t\t\t\t\t\t\t<\/div>\n\t\t\t\t\t<\/div>\n\t\t<\/section>\n\t\t\t\t<section class=\"elementor-section elementor-top-section elementor-element elementor-element-f071c3a elementor-section-boxed elementor-section-gap-beside-yes elementor-section-height-default elementor-section-height-default elementor-section-column-vertical-align-stretch\" data-id=\"f071c3a\" data-element_type=\"section\">\n\t\t\t\t\t\t<div class=\"elementor-container elementor-column-gap-extended\">\n\t\t\t\t\t\t\t<div class=\"elementor-row\">\n\t\t\t\t\t<div class=\"elementor-column elementor-col-100 elementor-top-column elementor-element elementor-element-a2f0008\" data-id=\"a2f0008\" data-element_type=\"column\">\n\t\t\t<div class=\"elementor-column-wrap elementor-element-populated\">\n\t\t\t\t\t\t\t<div class=\"elementor-widget-wrap\">\n\t\t\t\t\t\t<div class=\"elementor-element elementor-element-d8a6995 elementor-widget elementor-widget-spacer\" data-id=\"d8a6995\" data-element_type=\"widget\" data-widget_type=\"spacer.default\">\n\t\t\t\t<div class=\"elementor-widget-container\">\n\t\t\t\t\t<div class=\"elementor-spacer\">\n\t\t\t<div class=\"elementor-spacer-inner\"><\/div>\n\t\t<\/div>\n\t\t\t\t<\/div>\n\t\t\t\t<\/div>\n\t\t\t\t\t\t<\/div>\n\t\t\t\t\t<\/div>\n\t\t<\/div>\n\t\t\t\t\t\t\t\t<\/div>\n\t\t\t\t\t<\/div>\n\t\t<\/section>\n\t\t\t\t<section class=\"elementor-section elementor-top-section elementor-element elementor-element-dfaad1b elementor-section-boxed elementor-section-gap-beside-yes elementor-section-height-default elementor-section-height-default elementor-section-column-vertical-align-stretch\" data-id=\"dfaad1b\" data-element_type=\"section\">\n\t\t\t\t\t\t<div class=\"elementor-container elementor-column-gap-extended\">\n\t\t\t\t\t\t\t<div class=\"elementor-row\">\n\t\t\t\t\t<div class=\"elementor-column elementor-col-100 elementor-top-column elementor-element elementor-element-358c3c4\" data-id=\"358c3c4\" data-element_type=\"column\">\n\t\t\t<div class=\"elementor-column-wrap elementor-element-populated\">\n\t\t\t\t\t\t\t<div class=\"elementor-widget-wrap\">\n\t\t\t\t\t\t<div class=\"elementor-element elementor-element-4ac56ec elementor-widget elementor-widget-text-editor\" data-id=\"4ac56ec\" data-element_type=\"widget\" data-widget_type=\"text-editor.default\">\n\t\t\t\t<div class=\"elementor-widget-container\">\n\t\t\t\t\t\t\t\t<div class=\"elementor-text-editor elementor-clearfix\">\n\t\t\t\t\t<h5>But<\/h5><p>Soutenir les \u00e9v\u00e9nements organis\u00e9s localement visant \u00e0 connecter les stagiaires m\u00e9decins-chercheurs intra-programmes en fournissant un petit fonds du CITAC \u00e0 chacun des programmes canadiens de formation de m\u00e9decins-chercheurs, par l&#039;interm\u00e9diaire d&#039;iReps<\/p><p>\u00a0<\/p><h5>Montant<\/h5><p>Jusqu&#039;\u00e0 $5 par participant stagiaire m\u00e9decin-chercheur, un \u00e9v\u00e9nement financ\u00e9 par programme, par an (septembre-ao\u00fbt)<\/p><p>\u00a0<\/p><h5>Admissibilit\u00e9 \u00e0 l&#039;\u00e9v\u00e9nement<\/h5><div class=\"accordion-content\"><ul><li>Objectif de connecter les stagiaires m\u00e9decins-chercheurs de <strong>au sein du m\u00eame programme<\/strong><\/li><li>Organis\u00e9 par des m\u00e9decins-chercheurs stagiaires du m\u00eame programme<\/li><li>Le Fonds de connexions locales du CITAC sera le sponsor unique\/principal de l&#039;\u00e9v\u00e9nement<\/li><li>Offre l&#039;occasion au repr\u00e9sentant iRep du CITAC de prendre la parole et\/ou de pr\u00e9senter de courts diapositives<\/li><\/ul><\/div><h5>Calendrier de candidature<\/h5><div class=\"accordion-content\"><p>Demande d&#039;\u00e9v\u00e9nement <strong>doit \u00eatre soumis par l&#039;iRep du programme<\/strong><\/p><ul><li>Les candidatures restent ouvertes<\/li><li><b><\/b>iRep soumet sa candidature avant la date de l&#039;\u00e9v\u00e9nement<\/li><li><b><\/b>iRep re\u00e7oit l&#039;approbation dans les 2 semaines suivant la soumission<\/li><li><b><\/b>Le programme organise un \u00e9v\u00e9nement\u00a0: un \u00e9v\u00e9nement financ\u00e9 par an (septembre-ao\u00fbt)<\/li><li>iRep soumet les documents au CITAC dans les 2 semaines suivant l&#039;\u00e9v\u00e9nement<\/li><\/ul><\/div>\t\t\t\t\t<\/div>\n\t\t\t\t\t\t<\/div>\n\t\t\t\t<\/div>\n\t\t\t\t\t\t<\/div>\n\t\t\t\t\t<\/div>\n\t\t<\/div>\n\t\t\t\t\t\t\t\t<\/div>\n\t\t\t\t\t<\/div>\n\t\t<\/section>\n\t\t\t\t<section class=\"elementor-section elementor-top-section elementor-element elementor-element-70c3d0e elementor-section-boxed elementor-section-gap-beside-yes elementor-section-height-default elementor-section-height-default elementor-section-column-vertical-align-stretch\" data-id=\"70c3d0e\" data-element_type=\"section\">\n\t\t\t\t\t\t<div class=\"elementor-container elementor-column-gap-extended\">\n\t\t\t\t\t\t\t<div class=\"elementor-row\">\n\t\t\t\t\t<div class=\"elementor-column elementor-col-100 elementor-top-column elementor-element elementor-element-9f9d82b\" data-id=\"9f9d82b\" data-element_type=\"column\">\n\t\t\t<div class=\"elementor-column-wrap elementor-element-populated\">\n\t\t\t\t\t\t\t<div class=\"elementor-widget-wrap\">\n\t\t\t\t\t\t<div class=\"elementor-element elementor-element-e5163bb elementor-widget elementor-widget-spacer\" data-id=\"e5163bb\" data-element_type=\"widget\" data-widget_type=\"spacer.default\">\n\t\t\t\t<div class=\"elementor-widget-container\">\n\t\t\t\t\t<div class=\"elementor-spacer\">\n\t\t\t<div class=\"elementor-spacer-inner\"><\/div>\n\t\t<\/div>\n\t\t\t\t<\/div>\n\t\t\t\t<\/div>\n\t\t\t\t\t\t<\/div>\n\t\t\t\t\t<\/div>\n\t\t<\/div>\n\t\t\t\t\t\t\t\t<\/div>\n\t\t\t\t\t<\/div>\n\t\t<\/section>\n\t\t\t\t\t\t<\/div>\n\t\t\t\t\t\t<\/div>\n\t\t\t\t\t<\/div>","protected":false},"excerpt":{"rendered":"<p>View all fund information and application details summarized in this poster. Submit your application Application deadline: Accepted on a rolling basis until August 2026 Applications for the Local Connections Fund are submitted by each program\u2019s iRep. Want to connect with your iRep but don\u2019t know who they are?\u00a0Contact the\u00a0Director of Finance. Purpose Support locally-organized events aimed at connecting intra-program physician-scientist trainees by providing a small fund from CITAC to each of the Canadian physician-scientist training programs, through iReps \u00a0 Amount Up to $5 per physician-scientist trainee attendee, one event funded per program, per year (Sept\u2013Aug) \u00a0 Event eligibility Goal to connect physician-scientist trainees from within the same program Organized by physician-scientist trainee(s) in the same program CITAC\u2019s Local Connections Fund will be sole\/primary sponsor of the event Provides opportunity for CITAC iRep to speak and\/or present short slide-deck Application timeline Event application must be submitted by program\u2019s iRep Applications remain open iRep submits application\u2014prior to event date iRep receives approval\u2014within 2 weeks of submission Program holds event\u20141 event funded per year (Sept\u2013Aug) iRep submits documents to CITAC\u2014within 2 weeks after event<\/p>","protected":false},"author":2999,"featured_media":0,"parent":7357,"menu_order":0,"comment_status":"closed","ping_status":"closed","template":"","meta":{"footnotes":""},"class_list":["post-7397","page","type-page","status-publish","hentry","post-no-thumbnail"],"_links":{"self":[{"href":"https:\/\/citac-accfc.org\/fr\/wp-json\/wp\/v2\/pages\/7397","targetHints":{"allow":["GET"]}}],"collection":[{"href":"https:\/\/citac-accfc.org\/fr\/wp-json\/wp\/v2\/pages"}],"about":[{"href":"https:\/\/citac-accfc.org\/fr\/wp-json\/wp\/v2\/types\/page"}],"author":[{"embeddable":true,"href":"https:\/\/citac-accfc.org\/fr\/wp-json\/wp\/v2\/users\/2999"}],"replies":[{"embeddable":true,"href":"https:\/\/citac-accfc.org\/fr\/wp-json\/wp\/v2\/comments?post=7397"}],"version-history":[{"count":50,"href":"https:\/\/citac-accfc.org\/fr\/wp-json\/wp\/v2\/pages\/7397\/revisions"}],"predecessor-version":[{"id":7780,"href":"https:\/\/citac-accfc.org\/fr\/wp-json\/wp\/v2\/pages\/7397\/revisions\/7780"}],"up":[{"embeddable":true,"href":"https:\/\/citac-accfc.org\/fr\/wp-json\/wp\/v2\/pages\/7357"}],"wp:attachment":[{"href":"https:\/\/citac-accfc.org\/fr\/wp-json\/wp\/v2\/media?parent=7397"}],"curies":[{"name":"wp","href":"https:\/\/api.w.org\/{rel}","templated":true}]}}