{"id":7445,"date":"2023-11-06T01:56:49","date_gmt":"2023-11-06T01:56:49","guid":{"rendered":"https:\/\/citac-accfc.org\/?page_id=7445"},"modified":"2025-12-09T19:44:20","modified_gmt":"2025-12-09T19:44:20","slug":"expand-and-engage","status":"publish","type":"page","link":"https:\/\/citac-accfc.org\/fr\/what-we-do\/funds-and-awards\/expand-and-engage\/","title":{"rendered":"D\u00e9velopper et mobiliser le fonds Kickstart"},"content":{"rendered":"<div data-elementor-type=\"wp-page\" data-elementor-id=\"7445\" class=\"elementor elementor-7445\" data-elementor-settings=\"[]\">\n\t\t\t\t\t\t<div class=\"elementor-inner\">\n\t\t\t\t\t\t\t<div class=\"elementor-section-wrap\">\n\t\t\t\t\t\t\t<section class=\"elementor-section elementor-top-section elementor-element elementor-element-5f386ec elementor-section-boxed elementor-section-gap-beside-yes elementor-section-height-default elementor-section-height-default elementor-section-column-vertical-align-stretch\" data-id=\"5f386ec\" data-element_type=\"section\">\n\t\t\t\t\t\t<div class=\"elementor-container elementor-column-gap-extended\">\n\t\t\t\t\t\t\t<div class=\"elementor-row\">\n\t\t\t\t\t<div class=\"elementor-column elementor-col-100 elementor-top-column elementor-element elementor-element-96ab503\" data-id=\"96ab503\" data-element_type=\"column\">\n\t\t\t<div class=\"elementor-column-wrap elementor-element-populated\">\n\t\t\t\t\t\t\t<div class=\"elementor-widget-wrap\">\n\t\t\t\t\t\t<div class=\"elementor-element elementor-element-d5b4308 elementor-widget elementor-widget-image\" data-id=\"d5b4308\" data-element_type=\"widget\" data-widget_type=\"image.default\">\n\t\t\t\t<div class=\"elementor-widget-container\">\n\t\t\t\t\t\t\t\t<div class=\"elementor-image\">\n\t\t\t\t\t\t\t\t\t\t\t\t<img loading=\"lazy\" decoding=\"async\" width=\"300\" height=\"170\" src=\"https:\/\/citac-accfc.org\/wp-content\/uploads\/2023\/11\/CITACFundsLogo-300x170.png\" class=\"attachment-medium size-medium\" alt=\"\" srcset=\"https:\/\/citac-accfc.org\/wp-content\/uploads\/2023\/11\/CITACFundsLogo-300x170.png 300w, https:\/\/citac-accfc.org\/wp-content\/uploads\/2023\/11\/CITACFundsLogo-1024x581.png 1024w, https:\/\/citac-accfc.org\/wp-content\/uploads\/2023\/11\/CITACFundsLogo-768x436.png 768w, https:\/\/citac-accfc.org\/wp-content\/uploads\/2023\/11\/CITACFundsLogo-1536x872.png 1536w, https:\/\/citac-accfc.org\/wp-content\/uploads\/2023\/11\/CITACFundsLogo-2048x1162.png 2048w\" sizes=\"auto, (max-width: 300px) 100vw, 300px\" \/>\t\t\t\t\t\t\t\t\t\t\t\t\t\t<\/div>\n\t\t\t\t\t\t<\/div>\n\t\t\t\t<\/div>\n\t\t\t\t\t\t<\/div>\n\t\t\t\t\t<\/div>\n\t\t<\/div>\n\t\t\t\t\t\t\t\t<\/div>\n\t\t\t\t\t<\/div>\n\t\t<\/section>\n\t\t\t\t<section class=\"elementor-section elementor-top-section elementor-element elementor-element-e4344de elementor-section-boxed elementor-section-gap-beside-yes elementor-section-height-default elementor-section-height-default elementor-section-column-vertical-align-stretch\" data-id=\"e4344de\" data-element_type=\"section\">\n\t\t\t\t\t\t<div class=\"elementor-container elementor-column-gap-extended\">\n\t\t\t\t\t\t\t<div class=\"elementor-row\">\n\t\t\t\t\t<div class=\"elementor-column elementor-col-100 elementor-top-column elementor-element elementor-element-384333d\" data-id=\"384333d\" data-element_type=\"column\">\n\t\t\t<div class=\"elementor-column-wrap elementor-element-populated\">\n\t\t\t\t\t\t\t<div class=\"elementor-widget-wrap\">\n\t\t\t\t\t\t<div class=\"elementor-element elementor-element-3ec2a59 elementor-widget elementor-widget-spacer\" data-id=\"3ec2a59\" data-element_type=\"widget\" data-widget_type=\"spacer.default\">\n\t\t\t\t<div class=\"elementor-widget-container\">\n\t\t\t\t\t<div class=\"elementor-spacer\">\n\t\t\t<div class=\"elementor-spacer-inner\"><\/div>\n\t\t<\/div>\n\t\t\t\t<\/div>\n\t\t\t\t<\/div>\n\t\t\t\t<div class=\"elementor-element elementor-element-445f22d elementor-widget elementor-widget-text-editor\" data-id=\"445f22d\" data-element_type=\"widget\" data-widget_type=\"text-editor.default\">\n\t\t\t\t<div class=\"elementor-widget-container\">\n\t\t\t\t\t\t\t\t<div class=\"elementor-text-editor elementor-clearfix\">\n\t\t\t\t\t<p>Consultez toutes les informations sur les fonds et les d\u00e9tails de la demande r\u00e9sum\u00e9s dans <a href=\"https:\/\/drive.google.com\/file\/d\/15tAW0RY2vB-TVUqFnq1pb6RG5r2VTw3V\/view?usp=sharing\"><strong>cette affiche<\/strong><\/a>.<\/p>\t\t\t\t\t<\/div>\n\t\t\t\t\t\t<\/div>\n\t\t\t\t<\/div>\n\t\t\t\t\t\t<\/div>\n\t\t\t\t\t<\/div>\n\t\t<\/div>\n\t\t\t\t\t\t\t\t<\/div>\n\t\t\t\t\t<\/div>\n\t\t<\/section>\n\t\t\t\t<section class=\"elementor-section elementor-top-section elementor-element elementor-element-4e404f5 elementor-section-boxed elementor-section-gap-beside-yes elementor-section-height-default elementor-section-height-default elementor-section-column-vertical-align-stretch\" data-id=\"4e404f5\" data-element_type=\"section\">\n\t\t\t\t\t\t<div class=\"elementor-container elementor-column-gap-extended\">\n\t\t\t\t\t\t\t<div class=\"elementor-row\">\n\t\t\t\t\t<div class=\"elementor-column elementor-col-100 elementor-top-column elementor-element elementor-element-6798354\" data-id=\"6798354\" data-element_type=\"column\">\n\t\t\t<div class=\"elementor-column-wrap elementor-element-populated\">\n\t\t\t\t\t\t\t<div class=\"elementor-widget-wrap\">\n\t\t\t\t\t\t<div class=\"elementor-element elementor-element-4380947 elementor-widget elementor-widget-spacer\" data-id=\"4380947\" data-element_type=\"widget\" data-widget_type=\"spacer.default\">\n\t\t\t\t<div class=\"elementor-widget-container\">\n\t\t\t\t\t<div class=\"elementor-spacer\">\n\t\t\t<div class=\"elementor-spacer-inner\"><\/div>\n\t\t<\/div>\n\t\t\t\t<\/div>\n\t\t\t\t<\/div>\n\t\t\t\t<div class=\"elementor-element elementor-element-bab6306 elementor-widget elementor-widget-button\" data-id=\"bab6306\" data-element_type=\"widget\" data-widget_type=\"button.default\">\n\t\t\t\t<div class=\"elementor-widget-container\">\n\t\t\t\t\t<div class=\"elementor-button-wrapper\">\n\t\t\t<a href=\"https:\/\/docs.google.com\/forms\/d\/e\/1FAIpQLScZ36VwuEk3rXXc7BVS6zuCl8GO3o-ytKgIFvw3LFbwj8kB7A\/viewform\" class=\"elementor-button-link elementor-button elementor-size-sm\" role=\"button\">\n\t\t\t\t\t\t<span class=\"elementor-button-content-wrapper\">\n\t\t\t\t\t\t<span class=\"elementor-button-text\">Soumettez votre candidature<\/span>\n\t\t<\/span>\n\t\t\t\t\t<\/a>\n\t\t<\/div>\n\t\t\t\t<\/div>\n\t\t\t\t<\/div>\n\t\t\t\t\t\t<\/div>\n\t\t\t\t\t<\/div>\n\t\t<\/div>\n\t\t\t\t\t\t\t\t<\/div>\n\t\t\t\t\t<\/div>\n\t\t<\/section>\n\t\t\t\t<section class=\"elementor-section elementor-top-section elementor-element elementor-element-bfb0df6 elementor-section-boxed elementor-section-gap-beside-yes elementor-section-height-default elementor-section-height-default elementor-section-column-vertical-align-stretch\" data-id=\"bfb0df6\" data-element_type=\"section\">\n\t\t\t\t\t\t<div class=\"elementor-container elementor-column-gap-extended\">\n\t\t\t\t\t\t\t<div class=\"elementor-row\">\n\t\t\t\t\t<div class=\"elementor-column elementor-col-100 elementor-top-column elementor-element elementor-element-ece3b4b\" data-id=\"ece3b4b\" data-element_type=\"column\">\n\t\t\t<div class=\"elementor-column-wrap elementor-element-populated\">\n\t\t\t\t\t\t\t<div class=\"elementor-widget-wrap\">\n\t\t\t\t\t\t<div class=\"elementor-element elementor-element-93cb53c elementor-widget elementor-widget-spacer\" data-id=\"93cb53c\" data-element_type=\"widget\" data-widget_type=\"spacer.default\">\n\t\t\t\t<div class=\"elementor-widget-container\">\n\t\t\t\t\t<div class=\"elementor-spacer\">\n\t\t\t<div class=\"elementor-spacer-inner\"><\/div>\n\t\t<\/div>\n\t\t\t\t<\/div>\n\t\t\t\t<\/div>\n\t\t\t\t\t\t<\/div>\n\t\t\t\t\t<\/div>\n\t\t<\/div>\n\t\t\t\t\t\t\t\t<\/div>\n\t\t\t\t\t<\/div>\n\t\t<\/section>\n\t\t\t\t<section class=\"elementor-section elementor-top-section elementor-element elementor-element-0705a68 elementor-section-boxed elementor-section-gap-beside-yes elementor-section-height-default elementor-section-height-default elementor-section-column-vertical-align-stretch\" data-id=\"0705a68\" data-element_type=\"section\">\n\t\t\t\t\t\t<div class=\"elementor-container elementor-column-gap-extended\">\n\t\t\t\t\t\t\t<div class=\"elementor-row\">\n\t\t\t\t\t<div class=\"elementor-column elementor-col-100 elementor-top-column elementor-element elementor-element-513a9a8\" data-id=\"513a9a8\" data-element_type=\"column\">\n\t\t\t<div class=\"elementor-column-wrap elementor-element-populated\">\n\t\t\t\t\t\t\t<div class=\"elementor-widget-wrap\">\n\t\t\t\t\t\t<div class=\"elementor-element elementor-element-3a47210 elementor-widget elementor-widget-text-editor\" data-id=\"3a47210\" data-element_type=\"widget\" data-widget_type=\"text-editor.default\">\n\t\t\t\t<div class=\"elementor-widget-container\">\n\t\t\t\t\t\t\t\t<div class=\"elementor-text-editor elementor-clearfix\">\n\t\t\t\t\t<div class=\"elementor-element elementor-element-264d25d elementor-widget elementor-widget-text-editor\" data-id=\"264d25d\" data-element_type=\"widget\" data-widget_type=\"text-editor.default\"><div class=\"elementor-widget-container\"><div class=\"elementor-text-editor elementor-clearfix\"><p>Date limite de candidature : <strong>UN<\/strong><b>Les candidatures seront accept\u00e9es au fur et \u00e0 mesure jusqu&#039;en ao\u00fbt 2026.<\/b><\/p><p>Des questions ? Contactez le\u00a0<strong><a href=\"mailto:finance@citac-accfc.org\">Directeur des finances<\/a><\/strong>.<\/p><\/div><\/div><\/div>\t\t\t\t\t<\/div>\n\t\t\t\t\t\t<\/div>\n\t\t\t\t<\/div>\n\t\t\t\t\t\t<\/div>\n\t\t\t\t\t<\/div>\n\t\t<\/div>\n\t\t\t\t\t\t\t\t<\/div>\n\t\t\t\t\t<\/div>\n\t\t<\/section>\n\t\t\t\t<section class=\"elementor-section elementor-top-section elementor-element elementor-element-f071c3a elementor-section-boxed elementor-section-gap-beside-yes elementor-section-height-default elementor-section-height-default elementor-section-column-vertical-align-stretch\" data-id=\"f071c3a\" data-element_type=\"section\">\n\t\t\t\t\t\t<div class=\"elementor-container elementor-column-gap-extended\">\n\t\t\t\t\t\t\t<div class=\"elementor-row\">\n\t\t\t\t\t<div class=\"elementor-column elementor-col-100 elementor-top-column elementor-element elementor-element-a2f0008\" data-id=\"a2f0008\" data-element_type=\"column\">\n\t\t\t<div class=\"elementor-column-wrap elementor-element-populated\">\n\t\t\t\t\t\t\t<div class=\"elementor-widget-wrap\">\n\t\t\t\t\t\t<div class=\"elementor-element elementor-element-d8a6995 elementor-widget elementor-widget-spacer\" data-id=\"d8a6995\" data-element_type=\"widget\" data-widget_type=\"spacer.default\">\n\t\t\t\t<div class=\"elementor-widget-container\">\n\t\t\t\t\t<div class=\"elementor-spacer\">\n\t\t\t<div class=\"elementor-spacer-inner\"><\/div>\n\t\t<\/div>\n\t\t\t\t<\/div>\n\t\t\t\t<\/div>\n\t\t\t\t\t\t<\/div>\n\t\t\t\t\t<\/div>\n\t\t<\/div>\n\t\t\t\t\t\t\t\t<\/div>\n\t\t\t\t\t<\/div>\n\t\t<\/section>\n\t\t\t\t<section class=\"elementor-section elementor-top-section elementor-element elementor-element-dfaad1b elementor-section-boxed elementor-section-gap-beside-yes elementor-section-height-default elementor-section-height-default elementor-section-column-vertical-align-stretch\" data-id=\"dfaad1b\" data-element_type=\"section\">\n\t\t\t\t\t\t<div class=\"elementor-container elementor-column-gap-extended\">\n\t\t\t\t\t\t\t<div class=\"elementor-row\">\n\t\t\t\t\t<div class=\"elementor-column elementor-col-100 elementor-top-column elementor-element elementor-element-358c3c4\" data-id=\"358c3c4\" data-element_type=\"column\">\n\t\t\t<div class=\"elementor-column-wrap elementor-element-populated\">\n\t\t\t\t\t\t\t<div class=\"elementor-widget-wrap\">\n\t\t\t\t\t\t<div class=\"elementor-element elementor-element-4ac56ec elementor-widget elementor-widget-text-editor\" data-id=\"4ac56ec\" data-element_type=\"widget\" data-widget_type=\"text-editor.default\">\n\t\t\t\t<div class=\"elementor-widget-container\">\n\t\t\t\t\t\t\t\t<div class=\"elementor-text-editor elementor-clearfix\">\n\t\t\t\t\t<h5>But<\/h5><p>Fournir un financement de d\u00e9marrage du CITAC pour lancer la formation\/l\u2019expansion d\u2019un projet initi\u00e9 localement dans le but d\u2019engager des m\u00e9decins-chercheurs stagiaires de plusieurs programmes de formation au Canada.\u00a0<\/p><p>\u00a0<\/p><h5>Montant<\/h5><p>Jusqu&#039;\u00e0 $750 CAD par fonds, un \u00e9v\u00e9nement financ\u00e9 par programme, par an (septembre-ao\u00fbt)<\/p><p>\u00a0<\/p><h5>Admissibilit\u00e9 du projet<\/h5><div class=\"accordion-content\"><ul><li>Vise \u00e0 engager des stagiaires m\u00e9decins-chercheurs de <strong>plusieurs programmes au Canada<\/strong><\/li><li>Comble une lacune dans la programmation\/les initiatives actuelles pour les stagiaires m\u00e9decins-chercheurs<\/li><li>Organis\u00e9 principalement par des m\u00e9decins-chercheurs stagiaires (c&#039;est-\u00e0-dire des membres du CITAC)<\/li><li>N&#039;a pas \u00e9t\u00e9 soutenu auparavant par ce fonds<\/li><\/ul><\/div><h5>Crit\u00e8res de s\u00e9lection<\/h5><div class=\"accordion-content\"><p>Les projets seront \u00e9valu\u00e9s en fonction de leur ad\u00e9quation globale avec l\u2019objectif du fonds et \u00e9valu\u00e9s sur la base des crit\u00e8res suivants :<\/p><ul><li><strong>Impact<\/strong> (y compris la cr\u00e9ativit\u00e9\/nouveaut\u00e9 du projet)<\/li><li><strong>Fian\u00e7ailles<\/strong> (par exemple, possibilit\u00e9 de connecter des stagiaires)<\/li><li><strong>Organisation<\/strong> (y compris l&#039;exhaustivit\u00e9 du plan)<\/li><li><strong>Durabilit\u00e9<\/strong> (du projet lui-m\u00eame ou des r\u00e9sultats du projet).<\/li><\/ul><\/div><h5>Livrables du projet<\/h5><div class=\"accordion-content\"><ul><li>Fournir un texte d&#039;annonce et des supports de communication<\/li><li>Assurer la liaison p\u00e9riodique avec le CITAC pendant toute la dur\u00e9e du projet<\/li><li>Reconna\u00eetre correctement le CITAC comme sponsor du projet<\/li><li>Fournir un rapport avant la fin du mois d&#039;ao\u00fbt suivant<\/li><\/ul><\/div><div class=\"accordion-content\"><p><span style=\"color: #333333; font-size: 22px; font-weight: bold; letter-spacing: 0px;\">Calendrier de candidature<\/span><\/p><\/div><div class=\"accordion-content\"><ul><li>Les candidatures restent ouvertes<\/li><li>Examen par un comit\u00e9 \u2013 6 \u00e0 8 semaines<\/li><\/ul><\/div>\t\t\t\t\t<\/div>\n\t\t\t\t\t\t<\/div>\n\t\t\t\t<\/div>\n\t\t\t\t\t\t<\/div>\n\t\t\t\t\t<\/div>\n\t\t<\/div>\n\t\t\t\t\t\t\t\t<\/div>\n\t\t\t\t\t<\/div>\n\t\t<\/section>\n\t\t\t\t<section class=\"elementor-section elementor-top-section elementor-element elementor-element-70c3d0e elementor-section-boxed elementor-section-gap-beside-yes elementor-section-height-default elementor-section-height-default elementor-section-column-vertical-align-stretch\" data-id=\"70c3d0e\" data-element_type=\"section\">\n\t\t\t\t\t\t<div class=\"elementor-container elementor-column-gap-extended\">\n\t\t\t\t\t\t\t<div class=\"elementor-row\">\n\t\t\t\t\t<div class=\"elementor-column elementor-col-100 elementor-top-column elementor-element elementor-element-9f9d82b\" data-id=\"9f9d82b\" data-element_type=\"column\">\n\t\t\t<div class=\"elementor-column-wrap elementor-element-populated\">\n\t\t\t\t\t\t\t<div class=\"elementor-widget-wrap\">\n\t\t\t\t\t\t<div class=\"elementor-element elementor-element-e5163bb elementor-widget elementor-widget-spacer\" data-id=\"e5163bb\" data-element_type=\"widget\" data-widget_type=\"spacer.default\">\n\t\t\t\t<div class=\"elementor-widget-container\">\n\t\t\t\t\t<div class=\"elementor-spacer\">\n\t\t\t<div class=\"elementor-spacer-inner\"><\/div>\n\t\t<\/div>\n\t\t\t\t<\/div>\n\t\t\t\t<\/div>\n\t\t\t\t\t\t<\/div>\n\t\t\t\t\t<\/div>\n\t\t<\/div>\n\t\t\t\t\t\t\t\t<\/div>\n\t\t\t\t\t<\/div>\n\t\t<\/section>\n\t\t\t\t\t\t<\/div>\n\t\t\t\t\t\t<\/div>\n\t\t\t\t\t<\/div>","protected":false},"excerpt":{"rendered":"<p>View all fund information and application details summarized in this poster. Submit your application Application deadline: Accepted on a rolling basis until August 2026 Questions? Contact the\u00a0Director of Finance. Purpose Provide seed funding from CITAC to kickstart the formation\/expansion of a locally-initiated project with the goal of engaging physician-scientist trainees from multiple training programs in Canada.\u00a0 \u00a0 Amount Up to $750 CAD per fund, one event funded per program, per year (Sept\u2013Aug) \u00a0 Project eligibility Aims to engage physician-scientist trainees from multiple programs in Canada Fills a gap in current programming\/initiatives for physician-scientist trainees Organized primarily by physician-scientist trainees (i.e. members of CITAC) Has not previously been supported by this fund Selection criteria Projects will be evaluated for their overall alignment with the fund\u2019s purpose, and assessed based on the following criteria: Impact (including project\u2019s creativity\/novelty) Engagement (e.g. potential to connect trainees) Organization (including comprehensiveness of plan) Sustainability (of the project itself or project outcomes). Project deliverables Provide announcement blurb, communication materials Liaise with CITAC periodically for duration of project Properly recognize CITAC as a project sponsor Provide report by end of the following August Application timeline Applications remain open Review by committee\u20146-8 weeks<\/p>","protected":false},"author":2999,"featured_media":0,"parent":7357,"menu_order":0,"comment_status":"closed","ping_status":"closed","template":"","meta":{"footnotes":""},"class_list":["post-7445","page","type-page","status-publish","hentry","post-no-thumbnail"],"_links":{"self":[{"href":"https:\/\/citac-accfc.org\/fr\/wp-json\/wp\/v2\/pages\/7445","targetHints":{"allow":["GET"]}}],"collection":[{"href":"https:\/\/citac-accfc.org\/fr\/wp-json\/wp\/v2\/pages"}],"about":[{"href":"https:\/\/citac-accfc.org\/fr\/wp-json\/wp\/v2\/types\/page"}],"author":[{"embeddable":true,"href":"https:\/\/citac-accfc.org\/fr\/wp-json\/wp\/v2\/users\/2999"}],"replies":[{"embeddable":true,"href":"https:\/\/citac-accfc.org\/fr\/wp-json\/wp\/v2\/comments?post=7445"}],"version-history":[{"count":19,"href":"https:\/\/citac-accfc.org\/fr\/wp-json\/wp\/v2\/pages\/7445\/revisions"}],"predecessor-version":[{"id":7786,"href":"https:\/\/citac-accfc.org\/fr\/wp-json\/wp\/v2\/pages\/7445\/revisions\/7786"}],"up":[{"embeddable":true,"href":"https:\/\/citac-accfc.org\/fr\/wp-json\/wp\/v2\/pages\/7357"}],"wp:attachment":[{"href":"https:\/\/citac-accfc.org\/fr\/wp-json\/wp\/v2\/media?parent=7445"}],"curies":[{"name":"wp","href":"https:\/\/api.w.org\/{rel}","templated":true}]}}