{"id":7480,"date":"2024-02-05T15:23:05","date_gmt":"2024-02-05T15:23:05","guid":{"rendered":"https:\/\/citac-accfc.org\/?page_id=7480"},"modified":"2024-02-05T15:23:05","modified_gmt":"2024-02-05T15:23:05","slug":"agm-2019-banff-ab","status":"publish","type":"page","link":"https:\/\/citac-accfc.org\/fr\/agm-2019-banff-ab\/","title":{"rendered":"Assembl\u00e9e g\u00e9n\u00e9rale annuelle 2019 \u2013 Banff (Alberta)"},"content":{"rendered":"<div data-elementor-type=\"wp-page\" data-elementor-id=\"7480\" class=\"elementor elementor-7480\" data-elementor-settings=\"[]\">\n\t\t\t\t\t\t<div class=\"elementor-inner\">\n\t\t\t\t\t\t\t<div class=\"elementor-section-wrap\">\n\t\t\t\t\t\t\t<section class=\"elementor-section elementor-top-section elementor-element elementor-element-6403ea4 elementor-section-boxed elementor-section-gap-beside-yes elementor-section-height-default elementor-section-height-default elementor-section-column-vertical-align-stretch\" data-id=\"6403ea4\" data-element_type=\"section\">\n\t\t\t\t\t\t<div class=\"elementor-container elementor-column-gap-extended\">\n\t\t\t\t\t\t\t<div class=\"elementor-row\">\n\t\t\t\t\t<div class=\"elementor-column elementor-col-50 elementor-top-column elementor-element elementor-element-c6c083c\" data-id=\"c6c083c\" data-element_type=\"column\">\n\t\t\t<div class=\"elementor-column-wrap elementor-element-populated\">\n\t\t\t\t\t\t\t<div class=\"elementor-widget-wrap\">\n\t\t\t\t\t\t<div class=\"elementor-element elementor-element-9de2ce6 elementor-widget elementor-widget-tm-heading\" data-id=\"9de2ce6\" data-element_type=\"widget\" data-widget_type=\"tm-heading.default\">\n\t\t\t\t<div class=\"elementor-widget-container\">\n\t\t\t\t\t<div class=\"tm-modern-heading\">\n\t\t\t\n\t\t\t\t\t<div class=\"heading-primary-wrap\">\n\t\t\t<h2 class=\"heading-primary elementor-heading-title\"> <mark> Assembl\u00e9e g\u00e9n\u00e9rale annuelle 2019<\/mark> - Banff, AB\n<\/h2>\t\t<\/div>\n\t\t\n\t\t\t\n\t\t\t\t\t<div class=\"heading-description-wrap\">\n\t\t\t<div class=\"heading-description\">\n\t\t\t\t<p><span data-contrast=\"auto\">L&#039;assembl\u00e9e g\u00e9n\u00e9rale annuelle 2019 s&#039;est tenue du 8 au 10 novembre 2019 et, pour la premi\u00e8re fois, elle s&#039;est tenue au<\/span><span data-contrast=\"auto\">c\u00e9l\u00e8bre Banff Centre dans la magnifique ville de Banff, en Alberta.<\/span><span data-ccp-props=\"{&quot;201341983&quot;:0,&quot;335559740&quot;:276}\">\u00a0<\/span><\/p><p><span data-contrast=\"auto\">Le th\u00e8me \u00e9tait \u00ab\u00a0Soutenir la r\u00e9ussite des chercheurs en d\u00e9but de carri\u00e8re\u00a0: strat\u00e9gie et r\u00e9silience\u00a0\u00bb. Nous avons accueilli plusieurs leaders du secteur de la sant\u00e9 et de la recherche et propos\u00e9 des ateliers pertinents aux cliniciens-chercheurs. Andr\u00e9<\/span><span data-contrast=\"auto\">\u00a0Picard, Globe and Mail et les Drs Todd Anderson et Karen Tang \u00e9taient parmi nos animateurs d&#039;ateliers. Depuis sa cr\u00e9ation en 2007, l&#039;AGA n&#039;a cess\u00e9 de se d\u00e9velopper et, en 2019, nous avons accueilli plus de 90 stagiaires inscrits, venus de\u00a0<\/span><span data-contrast=\"auto\">partout<\/span><span data-contrast=\"auto\">\u00a0le pays!<\/span><span data-ccp-props=\"{&quot;201341983&quot;:0,&quot;335559740&quot;:276}\">\u00a0<\/span><\/p>\t\t\t<\/div>\n\t\t<\/div>\n\t\t\t<\/div>\n\t\t\t\t<\/div>\n\t\t\t\t<\/div>\n\t\t\t\t\t\t<\/div>\n\t\t\t\t\t<\/div>\n\t\t<\/div>\n\t\t\t\t<div class=\"elementor-column elementor-col-50 elementor-top-column elementor-element elementor-element-8239764\" data-id=\"8239764\" data-element_type=\"column\">\n\t\t\t<div class=\"elementor-column-wrap elementor-element-populated\">\n\t\t\t\t\t\t\t<div class=\"elementor-widget-wrap\">\n\t\t\t\t\t\t<div class=\"elementor-element elementor-element-330ab63 elementor-widget elementor-widget-image\" data-id=\"330ab63\" data-element_type=\"widget\" data-widget_type=\"image.default\">\n\t\t\t\t<div class=\"elementor-widget-container\">\n\t\t\t\t\t\t\t\t<div class=\"elementor-image\">\n\t\t\t\t\t\t\t\t\t\t\t\t<img loading=\"lazy\" decoding=\"async\" width=\"7730\" height=\"7730\" src=\"https:\/\/citac-accfc.org\/wp-content\/uploads\/2021\/04\/20943566.png\" class=\"attachment-full size-full\" alt=\"meetings image\" srcset=\"https:\/\/citac-accfc.org\/wp-content\/uploads\/2021\/04\/20943566.png 7730w, https:\/\/citac-accfc.org\/wp-content\/uploads\/2021\/04\/20943566-300x300.png 300w, https:\/\/citac-accfc.org\/wp-content\/uploads\/2021\/04\/20943566-1024x1024.png 1024w, https:\/\/citac-accfc.org\/wp-content\/uploads\/2021\/04\/20943566-150x150.png 150w, https:\/\/citac-accfc.org\/wp-content\/uploads\/2021\/04\/20943566-768x768.png 768w, https:\/\/citac-accfc.org\/wp-content\/uploads\/2021\/04\/20943566-1536x1536.png 1536w, https:\/\/citac-accfc.org\/wp-content\/uploads\/2021\/04\/20943566-2048x2048.png 2048w, https:\/\/citac-accfc.org\/wp-content\/uploads\/2021\/04\/20943566-600x600.png 600w, https:\/\/citac-accfc.org\/wp-content\/uploads\/2021\/04\/20943566-100x100.png 100w, https:\/\/citac-accfc.org\/wp-content\/uploads\/2021\/04\/20943566-96x96.png 96w\" sizes=\"auto, (max-width: 7730px) 100vw, 7730px\" \/>\t\t\t\t\t\t\t\t\t\t\t\t\t\t<\/div>\n\t\t\t\t\t\t<\/div>\n\t\t\t\t<\/div>\n\t\t\t\t\t\t<\/div>\n\t\t\t\t\t<\/div>\n\t\t<\/div>\n\t\t\t\t\t\t\t\t<\/div>\n\t\t\t\t\t<\/div>\n\t\t<\/section>\n\t\t\t\t\t\t<\/div>\n\t\t\t\t\t\t<\/div>\n\t\t\t\t\t<\/div>","protected":false},"excerpt":{"rendered":"<p>AGM 2019 &#8211; Banff, AB AGM 2019 was held on November 8th\u201310th 2019, and, for the first time, it was held at the renowned Banff Centre in the beautiful Banff, Alberta.\u00a0 The theme was \u201cPositioning Early Career Investigators for Success: Strategy &amp; Resilience\u201d. We hosted several leaders in healthcare and research and offered clinician-scientist relevant workshops. Andre\u00a0Picard, Globe and Mail and Drs. Todd Anderson and Karen Tang were a few of our workshop facilitators. Since its inception in 2007, the AGM has continued to grow, and in 2019 we hosted over 90 registered trainees who came from\u00a0all across\u00a0the country!\u00a0<\/p>","protected":false},"author":2999,"featured_media":0,"parent":0,"menu_order":0,"comment_status":"closed","ping_status":"closed","template":"","meta":{"footnotes":""},"class_list":["post-7480","page","type-page","status-publish","hentry","post-no-thumbnail"],"_links":{"self":[{"href":"https:\/\/citac-accfc.org\/fr\/wp-json\/wp\/v2\/pages\/7480","targetHints":{"allow":["GET"]}}],"collection":[{"href":"https:\/\/citac-accfc.org\/fr\/wp-json\/wp\/v2\/pages"}],"about":[{"href":"https:\/\/citac-accfc.org\/fr\/wp-json\/wp\/v2\/types\/page"}],"author":[{"embeddable":true,"href":"https:\/\/citac-accfc.org\/fr\/wp-json\/wp\/v2\/users\/2999"}],"replies":[{"embeddable":true,"href":"https:\/\/citac-accfc.org\/fr\/wp-json\/wp\/v2\/comments?post=7480"}],"version-history":[{"count":2,"href":"https:\/\/citac-accfc.org\/fr\/wp-json\/wp\/v2\/pages\/7480\/revisions"}],"predecessor-version":[{"id":7484,"href":"https:\/\/citac-accfc.org\/fr\/wp-json\/wp\/v2\/pages\/7480\/revisions\/7484"}],"wp:attachment":[{"href":"https:\/\/citac-accfc.org\/fr\/wp-json\/wp\/v2\/media?parent=7480"}],"curies":[{"name":"wp","href":"https:\/\/api.w.org\/{rel}","templated":true}]}}