{"id":7501,"date":"2024-02-06T16:04:13","date_gmt":"2024-02-06T16:04:13","guid":{"rendered":"https:\/\/citac-accfc.org\/?page_id=7501"},"modified":"2026-02-06T02:18:48","modified_gmt":"2026-02-06T02:18:48","slug":"outstanding-trainee-award","status":"publish","type":"page","link":"https:\/\/citac-accfc.org\/fr\/what-we-do\/funds-and-awards\/outstanding-trainee-award\/","title":{"rendered":"Prix du stagiaire exceptionnel"},"content":{"rendered":"<div data-elementor-type=\"wp-page\" data-elementor-id=\"7501\" class=\"elementor elementor-7501\" data-elementor-settings=\"[]\">\n\t\t\t\t\t\t<div class=\"elementor-inner\">\n\t\t\t\t\t\t\t<div class=\"elementor-section-wrap\">\n\t\t\t\t\t\t\t<section class=\"elementor-section elementor-top-section elementor-element elementor-element-5f386ec elementor-section-boxed elementor-section-gap-beside-yes elementor-section-height-default elementor-section-height-default elementor-section-column-vertical-align-stretch\" data-id=\"5f386ec\" data-element_type=\"section\">\n\t\t\t\t\t\t<div class=\"elementor-container elementor-column-gap-extended\">\n\t\t\t\t\t\t\t<div class=\"elementor-row\">\n\t\t\t\t\t<div class=\"elementor-column elementor-col-100 elementor-top-column elementor-element elementor-element-96ab503\" data-id=\"96ab503\" data-element_type=\"column\">\n\t\t\t<div class=\"elementor-column-wrap elementor-element-populated\">\n\t\t\t\t\t\t\t<div class=\"elementor-widget-wrap\">\n\t\t\t\t\t\t<div class=\"elementor-element elementor-element-d5b4308 elementor-widget elementor-widget-image\" data-id=\"d5b4308\" data-element_type=\"widget\" data-widget_type=\"image.default\">\n\t\t\t\t<div class=\"elementor-widget-container\">\n\t\t\t\t\t\t\t\t<div class=\"elementor-image\">\n\t\t\t\t\t\t\t\t\t\t\t\t<img loading=\"lazy\" decoding=\"async\" width=\"640\" height=\"164\" src=\"https:\/\/citac-accfc.org\/wp-content\/uploads\/2023\/11\/CITACFundsMDFM-1024x262.png\" class=\"attachment-large size-large\" alt=\"\" srcset=\"https:\/\/citac-accfc.org\/wp-content\/uploads\/2023\/11\/CITACFundsMDFM-1024x262.png 1024w, https:\/\/citac-accfc.org\/wp-content\/uploads\/2023\/11\/CITACFundsMDFM-300x77.png 300w, https:\/\/citac-accfc.org\/wp-content\/uploads\/2023\/11\/CITACFundsMDFM-768x196.png 768w, https:\/\/citac-accfc.org\/wp-content\/uploads\/2023\/11\/CITACFundsMDFM-1536x392.png 1536w, https:\/\/citac-accfc.org\/wp-content\/uploads\/2023\/11\/CITACFundsMDFM-2048x523.png 2048w\" sizes=\"auto, (max-width: 640px) 100vw, 640px\" \/>\t\t\t\t\t\t\t\t\t\t\t\t\t\t<\/div>\n\t\t\t\t\t\t<\/div>\n\t\t\t\t<\/div>\n\t\t\t\t\t\t<\/div>\n\t\t\t\t\t<\/div>\n\t\t<\/div>\n\t\t\t\t\t\t\t\t<\/div>\n\t\t\t\t\t<\/div>\n\t\t<\/section>\n\t\t\t\t<section class=\"elementor-section elementor-top-section elementor-element elementor-element-e4344de elementor-section-boxed elementor-section-gap-beside-yes elementor-section-height-default elementor-section-height-default elementor-section-column-vertical-align-stretch\" data-id=\"e4344de\" data-element_type=\"section\">\n\t\t\t\t\t\t<div class=\"elementor-container elementor-column-gap-extended\">\n\t\t\t\t\t\t\t<div class=\"elementor-row\">\n\t\t\t\t\t<div class=\"elementor-column elementor-col-100 elementor-top-column elementor-element elementor-element-384333d\" data-id=\"384333d\" data-element_type=\"column\">\n\t\t\t<div class=\"elementor-column-wrap elementor-element-populated\">\n\t\t\t\t\t\t\t<div class=\"elementor-widget-wrap\">\n\t\t\t\t\t\t<div class=\"elementor-element elementor-element-3ec2a59 elementor-widget elementor-widget-spacer\" data-id=\"3ec2a59\" data-element_type=\"widget\" data-widget_type=\"spacer.default\">\n\t\t\t\t<div class=\"elementor-widget-container\">\n\t\t\t\t\t<div class=\"elementor-spacer\">\n\t\t\t<div class=\"elementor-spacer-inner\"><\/div>\n\t\t<\/div>\n\t\t\t\t<\/div>\n\t\t\t\t<\/div>\n\t\t\t\t<div class=\"elementor-element elementor-element-445f22d elementor-widget elementor-widget-text-editor\" data-id=\"445f22d\" data-element_type=\"widget\" data-widget_type=\"text-editor.default\">\n\t\t\t\t<div class=\"elementor-widget-container\">\n\t\t\t\t\t\t\t\t<div class=\"elementor-text-editor elementor-clearfix\">\n\t\t\t\t\t<p>Consultez toutes les informations sur les fonds et les d\u00e9tails de la demande r\u00e9sum\u00e9s dans <a href=\"https:\/\/drive.google.com\/file\/d\/1meKmjD_I365jNjV2Mx9eH3IbSNLCtfcL\/view?usp=sharing\"><strong>cette affiche<\/strong><\/a>.<\/p>\t\t\t\t\t<\/div>\n\t\t\t\t\t\t<\/div>\n\t\t\t\t<\/div>\n\t\t\t\t\t\t<\/div>\n\t\t\t\t\t<\/div>\n\t\t<\/div>\n\t\t\t\t\t\t\t\t<\/div>\n\t\t\t\t\t<\/div>\n\t\t<\/section>\n\t\t\t\t<section class=\"elementor-section elementor-top-section elementor-element elementor-element-4e404f5 elementor-section-boxed elementor-section-gap-beside-yes elementor-section-height-default elementor-section-height-default elementor-section-column-vertical-align-stretch\" data-id=\"4e404f5\" data-element_type=\"section\">\n\t\t\t\t\t\t<div class=\"elementor-container elementor-column-gap-extended\">\n\t\t\t\t\t\t\t<div class=\"elementor-row\">\n\t\t\t\t\t<div class=\"elementor-column elementor-col-100 elementor-top-column elementor-element elementor-element-6798354\" data-id=\"6798354\" data-element_type=\"column\">\n\t\t\t<div class=\"elementor-column-wrap elementor-element-populated\">\n\t\t\t\t\t\t\t<div class=\"elementor-widget-wrap\">\n\t\t\t\t\t\t<div class=\"elementor-element elementor-element-4380947 elementor-widget elementor-widget-spacer\" data-id=\"4380947\" data-element_type=\"widget\" data-widget_type=\"spacer.default\">\n\t\t\t\t<div class=\"elementor-widget-container\">\n\t\t\t\t\t<div class=\"elementor-spacer\">\n\t\t\t<div class=\"elementor-spacer-inner\"><\/div>\n\t\t<\/div>\n\t\t\t\t<\/div>\n\t\t\t\t<\/div>\n\t\t\t\t<div class=\"elementor-element elementor-element-bab6306 elementor-widget elementor-widget-button\" data-id=\"bab6306\" data-element_type=\"widget\" data-widget_type=\"button.default\">\n\t\t\t\t<div class=\"elementor-widget-container\">\n\t\t\t\t\t<div class=\"elementor-button-wrapper\">\n\t\t\t<a href=\"https:\/\/forms.gle\/kS18dexeeo1NM7rH8\" class=\"elementor-button-link elementor-button elementor-size-sm\" role=\"button\">\n\t\t\t\t\t\t<span class=\"elementor-button-content-wrapper\">\n\t\t\t\t\t\t<span class=\"elementor-button-text\">Soumettez votre candidature<\/span>\n\t\t<\/span>\n\t\t\t\t\t<\/a>\n\t\t<\/div>\n\t\t\t\t<\/div>\n\t\t\t\t<\/div>\n\t\t\t\t\t\t<\/div>\n\t\t\t\t\t<\/div>\n\t\t<\/div>\n\t\t\t\t\t\t\t\t<\/div>\n\t\t\t\t\t<\/div>\n\t\t<\/section>\n\t\t\t\t<section class=\"elementor-section elementor-top-section elementor-element elementor-element-bfb0df6 elementor-section-boxed elementor-section-gap-beside-yes elementor-section-height-default elementor-section-height-default elementor-section-column-vertical-align-stretch\" data-id=\"bfb0df6\" data-element_type=\"section\">\n\t\t\t\t\t\t<div class=\"elementor-container elementor-column-gap-extended\">\n\t\t\t\t\t\t\t<div class=\"elementor-row\">\n\t\t\t\t\t<div class=\"elementor-column elementor-col-100 elementor-top-column elementor-element elementor-element-ece3b4b\" data-id=\"ece3b4b\" data-element_type=\"column\">\n\t\t\t<div class=\"elementor-column-wrap elementor-element-populated\">\n\t\t\t\t\t\t\t<div class=\"elementor-widget-wrap\">\n\t\t\t\t\t\t<div class=\"elementor-element elementor-element-93cb53c elementor-widget elementor-widget-spacer\" data-id=\"93cb53c\" data-element_type=\"widget\" data-widget_type=\"spacer.default\">\n\t\t\t\t<div class=\"elementor-widget-container\">\n\t\t\t\t\t<div class=\"elementor-spacer\">\n\t\t\t<div class=\"elementor-spacer-inner\"><\/div>\n\t\t<\/div>\n\t\t\t\t<\/div>\n\t\t\t\t<\/div>\n\t\t\t\t\t\t<\/div>\n\t\t\t\t\t<\/div>\n\t\t<\/div>\n\t\t\t\t\t\t\t\t<\/div>\n\t\t\t\t\t<\/div>\n\t\t<\/section>\n\t\t\t\t<section class=\"elementor-section elementor-top-section elementor-element elementor-element-0705a68 elementor-section-boxed elementor-section-gap-beside-yes elementor-section-height-default elementor-section-height-default elementor-section-column-vertical-align-stretch\" data-id=\"0705a68\" data-element_type=\"section\">\n\t\t\t\t\t\t<div class=\"elementor-container elementor-column-gap-extended\">\n\t\t\t\t\t\t\t<div class=\"elementor-row\">\n\t\t\t\t\t<div class=\"elementor-column elementor-col-100 elementor-top-column elementor-element elementor-element-513a9a8\" data-id=\"513a9a8\" data-element_type=\"column\">\n\t\t\t<div class=\"elementor-column-wrap elementor-element-populated\">\n\t\t\t\t\t\t\t<div class=\"elementor-widget-wrap\">\n\t\t\t\t\t\t<div class=\"elementor-element elementor-element-3a47210 elementor-widget elementor-widget-text-editor\" data-id=\"3a47210\" data-element_type=\"widget\" data-widget_type=\"text-editor.default\">\n\t\t\t\t<div class=\"elementor-widget-container\">\n\t\t\t\t\t\t\t\t<div class=\"elementor-text-editor elementor-clearfix\">\n\t\t\t\t\t<div class=\"elementor-element elementor-element-264d25d elementor-widget elementor-widget-text-editor\" data-id=\"264d25d\" data-element_type=\"widget\" data-widget_type=\"text-editor.default\"><div class=\"elementor-widget-container\"><div class=\"elementor-text-editor elementor-clearfix\"><p>Date limite de candidature : <b>Le 9 mars 2026 \u00e0 23h59 (PST)<\/b><\/p><p>Des questions ? Contactez le\u00a0<strong><a href=\"mailto:finance@citac-accfc.org\">Directeur des finances<\/a><\/strong>.<\/p><\/div><\/div><\/div>\t\t\t\t\t<\/div>\n\t\t\t\t\t\t<\/div>\n\t\t\t\t<\/div>\n\t\t\t\t\t\t<\/div>\n\t\t\t\t\t<\/div>\n\t\t<\/div>\n\t\t\t\t\t\t\t\t<\/div>\n\t\t\t\t\t<\/div>\n\t\t<\/section>\n\t\t\t\t<section class=\"elementor-section elementor-top-section elementor-element elementor-element-dfaad1b elementor-section-boxed elementor-section-gap-beside-yes elementor-section-height-default elementor-section-height-default elementor-section-column-vertical-align-stretch\" data-id=\"dfaad1b\" data-element_type=\"section\">\n\t\t\t\t\t\t<div class=\"elementor-container elementor-column-gap-extended\">\n\t\t\t\t\t\t\t<div class=\"elementor-row\">\n\t\t\t\t\t<div class=\"elementor-column elementor-col-100 elementor-top-column elementor-element elementor-element-358c3c4\" data-id=\"358c3c4\" data-element_type=\"column\">\n\t\t\t<div class=\"elementor-column-wrap elementor-element-populated\">\n\t\t\t\t\t\t\t<div class=\"elementor-widget-wrap\">\n\t\t\t\t\t\t<div class=\"elementor-element elementor-element-4ac56ec elementor-widget elementor-widget-text-editor\" data-id=\"4ac56ec\" data-element_type=\"widget\" data-widget_type=\"text-editor.default\">\n\t\t\t\t<div class=\"elementor-widget-container\">\n\t\t\t\t\t\t\t\t<div class=\"elementor-text-editor elementor-clearfix\">\n\t\t\t\t\t<h5>\u00a0<\/h5><h5>Appel \u00e0 candidatures !<\/h5><p style=\"font-weight: 400;\">La p\u00e9riode de candidature pour le prix CITAC du stagiaire exceptionnel 2026 est officiellement ouverte. <strong>OUVERT jusqu&#039;au 9 mars<\/strong>! Les gagnants seront annonc\u00e9s et reconnus lors du prochain <strong><a href=\"https:\/\/citac-accfc.org\/fr\/ajm-2026-toronto-on\/\">R\u00e9union annuelle conjointe CSCI-CITAC 2026<\/a><\/strong> tenu \u00e0 Toronto, en Ontario\u00a0!<\/p><p style=\"font-weight: 400;\"><strong>\u00c7a continue cette ann\u00e9e !<\/strong> Le prix du stagiaire exceptionnel est sponsoris\u00e9 par nos partenaires <a href=\"https:\/\/mdm.ca\/md-financial-management\"><strong>Gestion financi\u00e8re MD<\/strong><\/a> et <a href=\"https:\/\/www.scotiabank.com\/ca\/en\/healthcare-plus\/physician-banking.html\"><strong>Scotia Sant\u00e9+<\/strong><\/a>. Rendu possible gr\u00e2ce \u00e0 ce partenariat, nous sommes ravis d&#039;annoncer \u00e9galement que le(s) gagnant(s) de cette ann\u00e9e recevront \u00e9galement des billets pour le <strong>C\u00e9r\u00e9monie d&#039;intronisation au Temple de la renomm\u00e9e m\u00e9dicale canadienne<\/strong>.<\/p><h5>\u00a0<\/h5><h5>But<\/h5><p>Reconna\u00eetre un m\u00e9decin-chercheur stagiaire dont les contributions exceptionnelles \u00e0 l&#039;am\u00e9lioration de sa communaut\u00e9 scientifique, m\u00e9dicale ou plus large profitent \u00e0 la communaut\u00e9 des m\u00e9decins-chercheurs<\/p><h5>\u00a0<\/h5><h5>Montant<\/h5><p>$500 par prix (jusqu&#039;\u00e0 2 gagnants)<\/p><h5>\u00a0<\/h5><h5>Admissibilit\u00e9<\/h5><div class=\"accordion-content\"><ul><li>M\u00e9decin-chercheur stagiaire inscrit \u00e0 un programme de formation canadien<\/li><li>Nomm\u00e9 par un ou plusieurs pairs ou auto-nomm\u00e9 (une nomination par candidat)<\/li><li>Ouvert aux stagiaires inscrits \u00e0 des programmes formels (par exemple MD\/PhD, MD\/MSc, CIP) et\/ou poursuivant des parcours personnalis\u00e9s (par exemple, dipl\u00f4me d&#039;\u00e9tudes sup\u00e9rieures avant la m\u00e9decine)<\/li><\/ul><h5>\u00a0<\/h5><h5>Crit\u00e8res<\/h5><ul><li style=\"font-weight: 400;\">Le stagiaire s&#039;est efforc\u00e9 d&#039;am\u00e9liorer sa communaut\u00e9 scientifique, m\u00e9dicale ou plus large et ses contributions ont b\u00e9n\u00e9fici\u00e9 et\/ou b\u00e9n\u00e9ficieront in\u00e9vitablement \u00e0 la communaut\u00e9 des m\u00e9decins-chercheurs.<\/li><li style=\"font-weight: 400;\">Les contributions du stagiaire s&#039;alignent sur un ou plusieurs des \u00e9l\u00e9ments suivants\u00a0: leadership\u00a0; service\u00a0; plaidoyer\u00a0; \u00e9tablissement de partenariats\/relations\u00a0; mentorat\u00a0; innovation\u00a0; \u00e9quit\u00e9, diversit\u00e9 et inclusion (EDI)<\/li><li style=\"font-weight: 400;\"><span style=\"letter-spacing: 0px;\">Membres actuels et anciens de la direction du CITAC (<\/span><strong style=\"letter-spacing: 0px;\">sauf<\/strong><span style=\"letter-spacing: 0px;\"> Les membres du conseil d&#039;administration de CITAC (2026) et les anciens membres du comit\u00e9 de s\u00e9lection du prix du stagiaire exceptionnel sont autoris\u00e9s \u00e0 soumettre une candidature\u00a0; toutefois, ces stagiaires doivent \u00e9voquer leurs contributions en dehors de CITAC.<\/span><\/li><\/ul><\/div><div>\u00a0<\/div><div><h5>Processus de nomination<\/h5><ul><li><span style=\"color: #696969; font-size: 15px; font-weight: 400; letter-spacing: 0px;\">La nomination peut \u00eatre soumise par tout(e) m\u00e9decin-chercheur stagiaire au Canada (c&#039;est-\u00e0-dire que tout stagiaire peut se nommer lui-m\u00eame ou nommer son pair, individuellement ou en groupe).<\/span><\/li><li><span style=\"letter-spacing: 0px;\">Une seule nomination peut \u00eatre fournie pour un candidat (le formulaire peut \u00eatre \u00ab sign\u00e9 \u00bb par plusieurs personnes)<\/span><ul><li>Si plusieurs formulaires sont re\u00e7us pour un m\u00eame candidat, le CITAC contactera les nominateurs pour les combiner.<\/li><\/ul><\/li><li><span style=\"letter-spacing: 0px;\">Le(s) laur\u00e9at(s) (1 \u00e0 2) sont s\u00e9lectionn\u00e9s par le comit\u00e9 de financement et de r\u00e9compenses du CITAC<\/span><\/li><\/ul><\/div><div>\u00a0<\/div><h5>Calendrier de candidature<\/h5><div class=\"accordion-content\"><ul><li>Les candidatures seront closes le 9 mars 2026 \u00e0 23h59 (heure du Pacifique).<\/li><li>Le comit\u00e9 de s\u00e9lection examine toutes les candidatures dans un d\u00e9lai de 3 \u00e0 4 semaines.\u00a0<\/li><li>Les laur\u00e9ats sont inform\u00e9s peu apr\u00e8s et seront annonc\u00e9s lors de la r\u00e9union annuelle conjointe CSCI-CITAC de 2026.<\/li><\/ul><div>\u00a0<\/div><div>\u00a0<\/div><div>\u00a0<\/div><\/div>\t\t\t\t\t<\/div>\n\t\t\t\t\t\t<\/div>\n\t\t\t\t<\/div>\n\t\t\t\t\t\t<\/div>\n\t\t\t\t\t<\/div>\n\t\t<\/div>\n\t\t\t\t\t\t\t\t<\/div>\n\t\t\t\t\t<\/div>\n\t\t<\/section>\n\t\t\t\t\t\t<\/div>\n\t\t\t\t\t\t<\/div>\n\t\t\t\t\t<\/div>","protected":false},"excerpt":{"rendered":"<p>View all fund information and application details summarized in this poster. Submit your application Application deadline: March 9th, 2026 at 11:59 PM (PST) Questions? Contact the\u00a0Director of Finance. \u00a0 Call for Nominations! The CITAC Outstanding Trainee Award nomination period for 2026 is officially OPEN until March 9th! Winners will be announced and recognized at the upcoming 2026 CSCI-CITAC Annual Joint Meeting held in Toronto, ON! Continuing This Year! The Outstanding Trainee Award is being sponsored by our partners MD Financial Management and Scotia Healthcare+. Made possible through this partnership, we are thrilled to also announce that this year\u2019s winner(s) will also receive tickets to the Canadian Medical Hall of Fame Induction Ceremony. \u00a0 Purpose Recognize a physician-scientist trainee whose outstanding contributions to the betterment of their scientific, medical, or broader communities are benefiting the physician-scientist community \u00a0 Amount $500 per award (up to 2 winners) \u00a0 Eligibility Physician-scientist trainee enrolled in any Canadian training program Nominated by peer\/peers or self-nominated (one nomination per nominee) Open to trainees enrolled in formal programs (e.g. MD\/PhD, MD\/MSc, CIP) and\/or pursuing personalized paths (e.g. graduate degree before medicine) \u00a0 Criteria Trainee has strived to better their scientific, medical, or broader communities and their contributions have benefited and\/or will inevitably benefit the physician-scientist community Trainee\u2019s contributions align with one or more of the following: leadership; service; advocacy; partnership\/relationship building; mentorship; innovation; equity, diversity, and inclusion (EDI) Current and previous CITAC leadership members (excluding 2026 CITAC Board of Directors, and any previous members of the Outstanding Trainee Award selection committee) are permitted to submit an application; however these trainees must speak to their contributions outside of CITAC \u00a0 Nomination Process Nomination can be submitted by any physician-scientist trainee(s) in Canada (i.e. any trainee can self-nominate or nominate their peer, either individually or as a group) Only one nomination can be provided for a nominee (the form can be \u2018signed\u2019 by multiple people) If multiple forms are received for one nominee, CITAC will contact nominators to combine Awardee(s) (1\u20132) are selected by the CITAC Funding and Awards Committee \u00a0 Application timeline Nominations close March 9th, 2026 at 11:59 PM (PST) Selection committee reviews all applications\u2014within 3-4 weeks\u00a0 Winners are notified shortly thereafter, and will be announced at the 2026 CSCI-CITAC Annual Joint Meeting \u00a0\u00a0\u00a0<\/p>","protected":false},"author":2999,"featured_media":0,"parent":7357,"menu_order":0,"comment_status":"closed","ping_status":"closed","template":"","meta":{"footnotes":""},"class_list":["post-7501","page","type-page","status-publish","hentry","post-no-thumbnail"],"_links":{"self":[{"href":"https:\/\/citac-accfc.org\/fr\/wp-json\/wp\/v2\/pages\/7501","targetHints":{"allow":["GET"]}}],"collection":[{"href":"https:\/\/citac-accfc.org\/fr\/wp-json\/wp\/v2\/pages"}],"about":[{"href":"https:\/\/citac-accfc.org\/fr\/wp-json\/wp\/v2\/types\/page"}],"author":[{"embeddable":true,"href":"https:\/\/citac-accfc.org\/fr\/wp-json\/wp\/v2\/users\/2999"}],"replies":[{"embeddable":true,"href":"https:\/\/citac-accfc.org\/fr\/wp-json\/wp\/v2\/comments?post=7501"}],"version-history":[{"count":46,"href":"https:\/\/citac-accfc.org\/fr\/wp-json\/wp\/v2\/pages\/7501\/revisions"}],"predecessor-version":[{"id":7810,"href":"https:\/\/citac-accfc.org\/fr\/wp-json\/wp\/v2\/pages\/7501\/revisions\/7810"}],"up":[{"embeddable":true,"href":"https:\/\/citac-accfc.org\/fr\/wp-json\/wp\/v2\/pages\/7357"}],"wp:attachment":[{"href":"https:\/\/citac-accfc.org\/fr\/wp-json\/wp\/v2\/media?parent=7501"}],"curies":[{"name":"wp","href":"https:\/\/api.w.org\/{rel}","templated":true}]}}