{"id":7509,"date":"2024-02-05T16:59:51","date_gmt":"2024-02-05T16:59:51","guid":{"rendered":"https:\/\/citac-accfc.org\/?page_id=7509"},"modified":"2024-02-05T16:59:59","modified_gmt":"2024-02-05T16:59:59","slug":"ajm-2022-montreal-qc","status":"publish","type":"page","link":"https:\/\/citac-accfc.org\/fr\/ajm-2022-montreal-qc\/","title":{"rendered":"AJM 2022 \u2013 Montr\u00e9al, QC"},"content":{"rendered":"<div data-elementor-type=\"wp-page\" data-elementor-id=\"7509\" class=\"elementor elementor-7509\" data-elementor-settings=\"[]\">\n\t\t\t\t\t\t<div class=\"elementor-inner\">\n\t\t\t\t\t\t\t<div class=\"elementor-section-wrap\">\n\t\t\t\t\t\t\t<section class=\"elementor-section elementor-top-section elementor-element elementor-element-6403ea4 elementor-section-boxed elementor-section-gap-beside-yes elementor-section-height-default elementor-section-height-default elementor-section-column-vertical-align-stretch\" data-id=\"6403ea4\" data-element_type=\"section\">\n\t\t\t\t\t\t<div class=\"elementor-container elementor-column-gap-extended\">\n\t\t\t\t\t\t\t<div class=\"elementor-row\">\n\t\t\t\t\t<div class=\"elementor-column elementor-col-50 elementor-top-column elementor-element elementor-element-c6c083c\" data-id=\"c6c083c\" data-element_type=\"column\">\n\t\t\t<div class=\"elementor-column-wrap elementor-element-populated\">\n\t\t\t\t\t\t\t<div class=\"elementor-widget-wrap\">\n\t\t\t\t\t\t<div class=\"elementor-element elementor-element-9de2ce6 elementor-widget elementor-widget-tm-heading\" data-id=\"9de2ce6\" data-element_type=\"widget\" data-widget_type=\"tm-heading.default\">\n\t\t\t\t<div class=\"elementor-widget-container\">\n\t\t\t\t\t<div class=\"tm-modern-heading\">\n\t\t\t\n\t\t\t\t\t<div class=\"heading-primary-wrap\">\n\t\t\t<h2 class=\"heading-primary elementor-heading-title\"><mark> AJM 2022<\/mark> - Montr\u00e9al, QC\n<\/h2>\t\t<\/div>\n\t\t\n\t\t\t\n\t\t\t\t\t<div class=\"heading-description-wrap\">\n\t\t\t<div class=\"heading-description\">\n\t\t\t\t<p><span data-contrast=\"auto\">L&#039;Assembl\u00e9e conjointe annuelle (AJM) et le Forum des jeunes chercheurs de la Soci\u00e9t\u00e9 canadienne d&#039;investigation clinique \/ Soci\u00e9t\u00e9 Canadienne de recherches clinique (CSCI\/SCRC) et de la Clinician Investigator Trainee Association of Canada\/Association des cliniciens-chercheurs en formation du Canada (CITAC\/ACCFC) 2022 ont eu lieu \u00e0 Montr\u00e9al, les 13 et 14 novembre 2022. <\/span><\/p><p><span data-contrast=\"auto\">Le th\u00e8me \u00e9tait \u00ab\u00a0La force de la pers\u00e9v\u00e9rance\u00a0\u00bb et comprenait des conf\u00e9rences et des ateliers interactifs offrant aux participants des connaissances et des outils pour faciliter leur d\u00e9veloppement en tant que cliniciens-chercheurs. Le conf\u00e9rencier principal, le Dr Michael Strong, a pr\u00e9sent\u00e9 une pr\u00e9sentation intitul\u00e9e \u00ab\u00a0L&#039;avenir des cliniciens-chercheurs au Canada\u00a0\u00bb. La Dre Caroline Quach (Universit\u00e9 de Montr\u00e9al) a re\u00e7u le Prix du scientifique \u00e9m\u00e9rite du CSCI et la Dre Amy Metcalfe (Universit\u00e9 de Calgary) le Prix du jeune chercheur Joe Doupe du CSCI.<\/span><\/p><p><span data-contrast=\"auto\">Depuis sa cr\u00e9ation en 2007, l&#039;AJM n&#039;a cess\u00e9 de cro\u00eetre et, en 2022, nous avons accueilli plus de 90 stagiaires inscrits venus de <\/span><span data-contrast=\"auto\">partout<\/span><span data-contrast=\"auto\"> le pays pour la premi\u00e8re r\u00e9union en personne depuis la pand\u00e9mie de COVID-19 !<\/span><span data-ccp-props=\"{\">\u00a0<\/span><\/p>\t\t\t<\/div>\n\t\t<\/div>\n\t\t\t<\/div>\n\t\t\t\t<\/div>\n\t\t\t\t<\/div>\n\t\t\t\t\t\t<\/div>\n\t\t\t\t\t<\/div>\n\t\t<\/div>\n\t\t\t\t<div class=\"elementor-column elementor-col-50 elementor-top-column elementor-element elementor-element-8239764\" data-id=\"8239764\" data-element_type=\"column\">\n\t\t\t<div class=\"elementor-column-wrap elementor-element-populated\">\n\t\t\t\t\t\t\t<div class=\"elementor-widget-wrap\">\n\t\t\t\t\t\t<div class=\"elementor-element elementor-element-330ab63 elementor-widget elementor-widget-image\" data-id=\"330ab63\" data-element_type=\"widget\" data-widget_type=\"image.default\">\n\t\t\t\t<div class=\"elementor-widget-container\">\n\t\t\t\t\t\t\t\t<div class=\"elementor-image\">\n\t\t\t\t\t\t\t\t\t\t\t\t<img loading=\"lazy\" decoding=\"async\" width=\"7730\" height=\"7730\" src=\"https:\/\/citac-accfc.org\/wp-content\/uploads\/2021\/04\/20943566.png\" class=\"attachment-full size-full\" alt=\"meetings image\" srcset=\"https:\/\/citac-accfc.org\/wp-content\/uploads\/2021\/04\/20943566.png 7730w, https:\/\/citac-accfc.org\/wp-content\/uploads\/2021\/04\/20943566-300x300.png 300w, https:\/\/citac-accfc.org\/wp-content\/uploads\/2021\/04\/20943566-1024x1024.png 1024w, https:\/\/citac-accfc.org\/wp-content\/uploads\/2021\/04\/20943566-150x150.png 150w, https:\/\/citac-accfc.org\/wp-content\/uploads\/2021\/04\/20943566-768x768.png 768w, https:\/\/citac-accfc.org\/wp-content\/uploads\/2021\/04\/20943566-1536x1536.png 1536w, https:\/\/citac-accfc.org\/wp-content\/uploads\/2021\/04\/20943566-2048x2048.png 2048w, https:\/\/citac-accfc.org\/wp-content\/uploads\/2021\/04\/20943566-600x600.png 600w, https:\/\/citac-accfc.org\/wp-content\/uploads\/2021\/04\/20943566-100x100.png 100w, https:\/\/citac-accfc.org\/wp-content\/uploads\/2021\/04\/20943566-96x96.png 96w\" sizes=\"auto, (max-width: 7730px) 100vw, 7730px\" \/>\t\t\t\t\t\t\t\t\t\t\t\t\t\t<\/div>\n\t\t\t\t\t\t<\/div>\n\t\t\t\t<\/div>\n\t\t\t\t\t\t<\/div>\n\t\t\t\t\t<\/div>\n\t\t<\/div>\n\t\t\t\t\t\t\t\t<\/div>\n\t\t\t\t\t<\/div>\n\t\t<\/section>\n\t\t\t\t\t\t<\/div>\n\t\t\t\t\t\t<\/div>\n\t\t\t\t\t<\/div>","protected":false},"excerpt":{"rendered":"<p>AJM 2022 &#8211; Montr\u00e9al, QC The 2022 Annual Joint Meeting (AJM) and Young Investigators\u2019 Forum of the Canadian Society for Clinical Investigation \/ Soci\u00e9t\u00e9 Canadienne de recherches clinique (CSCI\/SCRC) and Clinician Investigator Trainee Association of Canada\/Association des cliniciens-chercheurs en formation du Canada (CITAC\/ACCFC) was held in Montr\u00e9al, November 13\u201314th, 2022. The theme was \u201cStrength in Perseverance\u201d and featured lectures and interactive workshops that provided knowledge and tools to facilitate the attendees\u2019 development as clini-cian investigators. The keynote speaker was Dr. Michael Strong, who delivered the presentation titled \u201cThe Future of Clinician Scientists in Canada.\u201d Dr. Caroline Quach (Universit\u00e9 de Montr\u00e9al) received the CSCI Distinguished Scientist Award and Dr. Amy Metcalfe (University of Calgary) received the CSCI Joe Doupe Young Investigator Award. Since its inception in 2007, the AJM has continued to grow, and in 2022 we hosted over 90 registered trainees who came from all across the country for the first in-person meeting since the COVID-19 pandemic!\u00a0<\/p>","protected":false},"author":2999,"featured_media":0,"parent":0,"menu_order":0,"comment_status":"closed","ping_status":"closed","template":"","meta":{"footnotes":""},"class_list":["post-7509","page","type-page","status-publish","hentry","post-no-thumbnail"],"_links":{"self":[{"href":"https:\/\/citac-accfc.org\/fr\/wp-json\/wp\/v2\/pages\/7509","targetHints":{"allow":["GET"]}}],"collection":[{"href":"https:\/\/citac-accfc.org\/fr\/wp-json\/wp\/v2\/pages"}],"about":[{"href":"https:\/\/citac-accfc.org\/fr\/wp-json\/wp\/v2\/types\/page"}],"author":[{"embeddable":true,"href":"https:\/\/citac-accfc.org\/fr\/wp-json\/wp\/v2\/users\/2999"}],"replies":[{"embeddable":true,"href":"https:\/\/citac-accfc.org\/fr\/wp-json\/wp\/v2\/comments?post=7509"}],"version-history":[{"count":5,"href":"https:\/\/citac-accfc.org\/fr\/wp-json\/wp\/v2\/pages\/7509\/revisions"}],"predecessor-version":[{"id":7514,"href":"https:\/\/citac-accfc.org\/fr\/wp-json\/wp\/v2\/pages\/7509\/revisions\/7514"}],"wp:attachment":[{"href":"https:\/\/citac-accfc.org\/fr\/wp-json\/wp\/v2\/media?parent=7509"}],"curies":[{"name":"wp","href":"https:\/\/api.w.org\/{rel}","templated":true}]}}