{"id":7704,"date":"2024-12-05T22:13:53","date_gmt":"2024-12-05T22:13:53","guid":{"rendered":"https:\/\/citac-accfc.org\/?page_id=7704"},"modified":"2024-12-05T22:15:53","modified_gmt":"2024-12-05T22:15:53","slug":"ajm-2025-toronto-on","status":"publish","type":"page","link":"https:\/\/citac-accfc.org\/fr\/ajm-2025-toronto-on\/","title":{"rendered":"AJM 2025 \u2013 Toronto (Ontario)"},"content":{"rendered":"<div data-elementor-type=\"wp-page\" data-elementor-id=\"7704\" class=\"elementor elementor-7704\" data-elementor-settings=\"[]\">\n\t\t\t\t\t\t<div class=\"elementor-inner\">\n\t\t\t\t\t\t\t<div class=\"elementor-section-wrap\">\n\t\t\t\t\t\t\t<section class=\"elementor-section elementor-top-section elementor-element elementor-element-6403ea4 elementor-section-boxed elementor-section-gap-beside-yes elementor-section-height-default elementor-section-height-default elementor-section-column-vertical-align-stretch\" data-id=\"6403ea4\" data-element_type=\"section\">\n\t\t\t\t\t\t<div class=\"elementor-container elementor-column-gap-extended\">\n\t\t\t\t\t\t\t<div class=\"elementor-row\">\n\t\t\t\t\t<div class=\"elementor-column elementor-col-50 elementor-top-column elementor-element elementor-element-c6c083c\" data-id=\"c6c083c\" data-element_type=\"column\">\n\t\t\t<div class=\"elementor-column-wrap elementor-element-populated\">\n\t\t\t\t\t\t\t<div class=\"elementor-widget-wrap\">\n\t\t\t\t\t\t<div class=\"elementor-element elementor-element-9de2ce6 elementor-widget elementor-widget-tm-heading\" data-id=\"9de2ce6\" data-element_type=\"widget\" data-widget_type=\"tm-heading.default\">\n\t\t\t\t<div class=\"elementor-widget-container\">\n\t\t\t\t\t<div class=\"tm-modern-heading\">\n\t\t\t\n\t\t\t\t\t<div class=\"heading-primary-wrap\">\n\t\t\t<h2 class=\"heading-primary elementor-heading-title\"><mark> AJM 2025<\/mark> - Toronto, ON\n<\/h2>\t\t<\/div>\n\t\t\n\t\t\t\n\t\t\t\t\t<div class=\"heading-description-wrap\">\n\t\t\t<div class=\"heading-description\">\n\t\t\t\t<p>Le <strong>R\u00e9union annuelle conjointe CSCI-CITAC (AJM) 2025<\/strong> sera organis\u00e9 en collaboration avec le <strong>Universit\u00e9 de Toronto<\/strong> \u00e0 Toronto, en Ontario.<\/p><p>Cette AJM sera une conf\u00e9rence en personne qui se tiendra <strong>les 9 et 10 avril 2025 au Doubletree Hilton, 109 Chestnut St, Toronto<\/strong>.<\/p><p><span style=\"text-decoration: underline\"><strong>APPEL \u00c0 R\u00c9SUM\u00c9S :<\/strong><\/span> L&#039;appel \u00e0 r\u00e9sum\u00e9s et les inscriptions sont actuellement ouverts\u00a0! La date limite de soumission des r\u00e9sum\u00e9s est le <strong>17 janvier 2025.<\/strong><\/p><p>Veuillez vous r\u00e9f\u00e9rer \u00e0 la page principale de la conf\u00e9rence pour toutes les informations pertinentes concernant la r\u00e9union, y compris comment vous inscrire et soumettre votre r\u00e9sum\u00e9 : <a href=\"https:\/\/event.fourwaves.com\/c23aad0e-d0ed-4247-90e0-b2cf06b1d7fb\/pages\"><strong>Page Web de l&#039;AJM 2025<\/strong><\/a><\/p><p>Si vous avez des questions, n&#039;h\u00e9sitez pas \u00e0 nous contacter \u00e0 <a href=\"mailto:meetings@citac-accfc.org\" target=\"_blank\" rel=\"noopener\">r\u00e9unions@citac-accfc.org.<\/a><\/p><p>Nous avons h\u00e2te de vous voir \u00e0 l\u2019AJM 2025 !<\/p>\t\t\t<\/div>\n\t\t<\/div>\n\t\t\t<\/div>\n\t\t\t\t<\/div>\n\t\t\t\t<\/div>\n\t\t\t\t\t\t<\/div>\n\t\t\t\t\t<\/div>\n\t\t<\/div>\n\t\t\t\t<div class=\"elementor-column elementor-col-50 elementor-top-column elementor-element elementor-element-8239764\" data-id=\"8239764\" data-element_type=\"column\">\n\t\t\t<div class=\"elementor-column-wrap elementor-element-populated\">\n\t\t\t\t\t\t\t<div class=\"elementor-widget-wrap\">\n\t\t\t\t\t\t<div class=\"elementor-element elementor-element-07d7f59 elementor-widget elementor-widget-image\" data-id=\"07d7f59\" data-element_type=\"widget\" data-widget_type=\"image.default\">\n\t\t\t\t<div class=\"elementor-widget-container\">\n\t\t\t\t\t\t\t\t<div class=\"elementor-image\">\n\t\t\t\t\t\t\t\t\t\t\t\t<img loading=\"lazy\" decoding=\"async\" width=\"640\" height=\"640\" src=\"https:\/\/citac-accfc.org\/wp-content\/uploads\/2021\/04\/20943566-1024x1024.png\" class=\"attachment-large size-large\" alt=\"meetings image\" srcset=\"https:\/\/citac-accfc.org\/wp-content\/uploads\/2021\/04\/20943566-1024x1024.png 1024w, https:\/\/citac-accfc.org\/wp-content\/uploads\/2021\/04\/20943566-300x300.png 300w, https:\/\/citac-accfc.org\/wp-content\/uploads\/2021\/04\/20943566-150x150.png 150w, https:\/\/citac-accfc.org\/wp-content\/uploads\/2021\/04\/20943566-768x768.png 768w, https:\/\/citac-accfc.org\/wp-content\/uploads\/2021\/04\/20943566-1536x1536.png 1536w, https:\/\/citac-accfc.org\/wp-content\/uploads\/2021\/04\/20943566-2048x2048.png 2048w, https:\/\/citac-accfc.org\/wp-content\/uploads\/2021\/04\/20943566-600x600.png 600w, https:\/\/citac-accfc.org\/wp-content\/uploads\/2021\/04\/20943566-100x100.png 100w, https:\/\/citac-accfc.org\/wp-content\/uploads\/2021\/04\/20943566-96x96.png 96w\" sizes=\"auto, (max-width: 640px) 100vw, 640px\" \/>\t\t\t\t\t\t\t\t\t\t\t\t\t\t<\/div>\n\t\t\t\t\t\t<\/div>\n\t\t\t\t<\/div>\n\t\t\t\t\t\t<\/div>\n\t\t\t\t\t<\/div>\n\t\t<\/div>\n\t\t\t\t\t\t\t\t<\/div>\n\t\t\t\t\t<\/div>\n\t\t<\/section>\n\t\t\t\t\t\t<\/div>\n\t\t\t\t\t\t<\/div>\n\t\t\t\t\t<\/div>","protected":false},"excerpt":{"rendered":"<p>AJM 2025 \u2013 Toronto, ON La r\u00e9union annuelle conjointe CSCI-CITAC (AJM) 2025 sera organis\u00e9e en collaboration avec l&#039;Universit\u00e9 de Toronto \u00e0 Toronto, en Ontario. Cette AJM sera une conf\u00e9rence en personne qui se tiendra les 9 et 10 avril 2025 au Doubletree Hilton, 109, rue Chestnut, \u00e0 Toronto. APPEL DE R\u00c9SUM\u00c9S : L&#039;appel de r\u00e9sum\u00e9s et l&#039;inscription sont actuellement OUVERTS ! La soumission des r\u00e9sum\u00e9s se terminera le 17 janvier 2025. Veuillez consulter la page principale de la conf\u00e9rence pour toutes les informations pertinentes concernant la r\u00e9union, y compris la fa\u00e7on de vous inscrire et de soumettre votre r\u00e9sum\u00e9 : Page Web de l&#039;AJM 2025. Si vous avez des questions, n&#039;h\u00e9sitez pas \u00e0 nous contacter \u00e0 meetings@citac-accfc.org. Au plaisir de vous voir \u00e0 l&#039;AJM 2025 !<\/p>","protected":false},"author":2999,"featured_media":0,"parent":0,"menu_order":0,"comment_status":"closed","ping_status":"closed","template":"","meta":{"footnotes":""},"class_list":["post-7704","page","type-page","status-publish","hentry","post-no-thumbnail"],"_links":{"self":[{"href":"https:\/\/citac-accfc.org\/fr\/wp-json\/wp\/v2\/pages\/7704","targetHints":{"allow":["GET"]}}],"collection":[{"href":"https:\/\/citac-accfc.org\/fr\/wp-json\/wp\/v2\/pages"}],"about":[{"href":"https:\/\/citac-accfc.org\/fr\/wp-json\/wp\/v2\/types\/page"}],"author":[{"embeddable":true,"href":"https:\/\/citac-accfc.org\/fr\/wp-json\/wp\/v2\/users\/2999"}],"replies":[{"embeddable":true,"href":"https:\/\/citac-accfc.org\/fr\/wp-json\/wp\/v2\/comments?post=7704"}],"version-history":[{"count":10,"href":"https:\/\/citac-accfc.org\/fr\/wp-json\/wp\/v2\/pages\/7704\/revisions"}],"predecessor-version":[{"id":7714,"href":"https:\/\/citac-accfc.org\/fr\/wp-json\/wp\/v2\/pages\/7704\/revisions\/7714"}],"wp:attachment":[{"href":"https:\/\/citac-accfc.org\/fr\/wp-json\/wp\/v2\/media?parent=7704"}],"curies":[{"name":"wp","href":"https:\/\/api.w.org\/{rel}","templated":true}]}}