{"id":7788,"date":"2025-12-22T18:47:42","date_gmt":"2025-12-22T18:47:42","guid":{"rendered":"https:\/\/citac-accfc.org\/?page_id=7788"},"modified":"2025-12-22T18:58:16","modified_gmt":"2025-12-22T18:58:16","slug":"ajm-2026-toronto-on","status":"publish","type":"page","link":"https:\/\/citac-accfc.org\/fr\/ajm-2026-toronto-on\/","title":{"rendered":"AJM 2026 \u2013 Toronto, ON"},"content":{"rendered":"<div data-elementor-type=\"wp-page\" data-elementor-id=\"7788\" class=\"elementor elementor-7788\" data-elementor-settings=\"[]\">\n\t\t\t\t\t\t<div class=\"elementor-inner\">\n\t\t\t\t\t\t\t<div class=\"elementor-section-wrap\">\n\t\t\t\t\t\t\t<section class=\"elementor-section elementor-top-section elementor-element elementor-element-6403ea4 elementor-section-boxed elementor-section-gap-beside-yes elementor-section-height-default elementor-section-height-default elementor-section-column-vertical-align-stretch\" data-id=\"6403ea4\" data-element_type=\"section\">\n\t\t\t\t\t\t<div class=\"elementor-container elementor-column-gap-extended\">\n\t\t\t\t\t\t\t<div class=\"elementor-row\">\n\t\t\t\t\t<div class=\"elementor-column elementor-col-50 elementor-top-column elementor-element elementor-element-c6c083c\" data-id=\"c6c083c\" data-element_type=\"column\">\n\t\t\t<div class=\"elementor-column-wrap elementor-element-populated\">\n\t\t\t\t\t\t\t<div class=\"elementor-widget-wrap\">\n\t\t\t\t\t\t<div class=\"elementor-element elementor-element-9de2ce6 elementor-widget elementor-widget-tm-heading\" data-id=\"9de2ce6\" data-element_type=\"widget\" data-widget_type=\"tm-heading.default\">\n\t\t\t\t<div class=\"elementor-widget-container\">\n\t\t\t\t\t<div class=\"tm-modern-heading\">\n\t\t\t\n\t\t\t\t\t<div class=\"heading-primary-wrap\">\n\t\t\t<h2 class=\"heading-primary elementor-heading-title\"><mark> AJM 2026<\/mark> - Toronto, ON\n<\/h2>\t\t<\/div>\n\t\t\n\t\t\t\n\t\t\t\t\t<div class=\"heading-description-wrap\">\n\t\t\t<div class=\"heading-description\">\n\t\t\t\t<p>Le <strong>R\u00e9union conjointe annuelle CSCI-CITAC (AJM) 2026<\/strong> sera organis\u00e9 en collaboration avec le <strong>Universit\u00e9 de Toronto<\/strong> \u00e0 Toronto, en Ontario.<\/p><p>Cette AJM sera une conf\u00e9rence en personne qui se tiendra <strong>les 21 et 22 avril 2026 au Centre de conf\u00e9rences Chestnut, Universit\u00e9 de Toronto, 89, rue Chestnut, Toronto (Ontario) M5G 1R1<\/strong>.<\/p><p><span style=\"text-decoration: underline\"><strong>APPEL \u00c0 R\u00c9SUM\u00c9S :<\/strong><\/span> L&#039;appel \u00e0 r\u00e9sum\u00e9s et les inscriptions sont actuellement ouverts\u00a0! La date limite de soumission des r\u00e9sum\u00e9s est le <strong>Lundi 19 janvier 2026, 23h59 (heure de l&#039;Est)<\/strong>.<\/p><p>Veuillez vous r\u00e9f\u00e9rer \u00e0 la page principale de la conf\u00e9rence pour toutes les informations pertinentes concernant la r\u00e9union, y compris comment vous inscrire et soumettre votre r\u00e9sum\u00e9 : <span style=\"color: #ff0000\"><a style=\"color: #ff0000\" href=\"https:\/\/event.fourwaves.com\/csci-citac-2026\/pages\"><strong>Page web AJM 2026<\/strong><\/a><\/span><\/p><p>Si vous avez des questions, n&#039;h\u00e9sitez pas \u00e0 nous contacter \u00e0 <strong><a href=\"mailto:uoft.cip@utoronto.ca\" target=\"_blank\" rel=\"noopener\">uoft.cip@utoronto.ca<\/a><\/strong><\/p>\t\t\t<\/div>\n\t\t<\/div>\n\t\t\t<\/div>\n\t\t\t\t<\/div>\n\t\t\t\t<\/div>\n\t\t\t\t\t\t<\/div>\n\t\t\t\t\t<\/div>\n\t\t<\/div>\n\t\t\t\t<div class=\"elementor-column elementor-col-50 elementor-top-column elementor-element elementor-element-8239764\" data-id=\"8239764\" data-element_type=\"column\">\n\t\t\t<div class=\"elementor-column-wrap elementor-element-populated\">\n\t\t\t\t\t\t\t<div class=\"elementor-widget-wrap\">\n\t\t\t\t\t\t<div class=\"elementor-element elementor-element-07d7f59 elementor-widget elementor-widget-image\" data-id=\"07d7f59\" data-element_type=\"widget\" data-widget_type=\"image.default\">\n\t\t\t\t<div class=\"elementor-widget-container\">\n\t\t\t\t\t\t\t\t<div class=\"elementor-image\">\n\t\t\t\t\t\t\t\t\t\t\t\t<img loading=\"lazy\" decoding=\"async\" width=\"640\" height=\"640\" src=\"https:\/\/citac-accfc.org\/wp-content\/uploads\/2021\/04\/20943566-1024x1024.png\" class=\"attachment-large size-large\" alt=\"meetings image\" srcset=\"https:\/\/citac-accfc.org\/wp-content\/uploads\/2021\/04\/20943566-1024x1024.png 1024w, https:\/\/citac-accfc.org\/wp-content\/uploads\/2021\/04\/20943566-300x300.png 300w, https:\/\/citac-accfc.org\/wp-content\/uploads\/2021\/04\/20943566-150x150.png 150w, https:\/\/citac-accfc.org\/wp-content\/uploads\/2021\/04\/20943566-768x768.png 768w, https:\/\/citac-accfc.org\/wp-content\/uploads\/2021\/04\/20943566-1536x1536.png 1536w, https:\/\/citac-accfc.org\/wp-content\/uploads\/2021\/04\/20943566-2048x2048.png 2048w, https:\/\/citac-accfc.org\/wp-content\/uploads\/2021\/04\/20943566-600x600.png 600w, https:\/\/citac-accfc.org\/wp-content\/uploads\/2021\/04\/20943566-100x100.png 100w, https:\/\/citac-accfc.org\/wp-content\/uploads\/2021\/04\/20943566-96x96.png 96w\" sizes=\"auto, (max-width: 640px) 100vw, 640px\" \/>\t\t\t\t\t\t\t\t\t\t\t\t\t\t<\/div>\n\t\t\t\t\t\t<\/div>\n\t\t\t\t<\/div>\n\t\t\t\t\t\t<\/div>\n\t\t\t\t\t<\/div>\n\t\t<\/div>\n\t\t\t\t\t\t\t\t<\/div>\n\t\t\t\t\t<\/div>\n\t\t<\/section>\n\t\t\t\t\t\t<\/div>\n\t\t\t\t\t\t<\/div>\n\t\t\t\t\t<\/div>","protected":false},"excerpt":{"rendered":"<p>AJM 2026 \u2013 Toronto (Ontario) La r\u00e9union conjointe annuelle CSCI-CITAC (AJM) 2026 se tiendra en collaboration avec l&#039;Universit\u00e9 de Toronto \u00e0 Toronto (Ontario). Cette conf\u00e9rence en pr\u00e9sentiel aura lieu les 21 et 22 avril 2026 au Centre de conf\u00e9rences Chestnut, Universit\u00e9 de Toronto, 89, rue Chestnut, Toronto (Ontario) M5G 1R1. APPEL \u00c0 COMMUNICATIONS\u00a0: L&#039;appel \u00e0 communications et les inscriptions sont ouverts\u00a0! La date limite de soumission des r\u00e9sum\u00e9s est le lundi 19 janvier 2026 \u00e0 23\u00a0h\u00a059 (HE). Veuillez consulter la page Web de la conf\u00e9rence pour obtenir tous les renseignements utiles, y compris la proc\u00e9dure d&#039;inscription et de soumission des r\u00e9sum\u00e9s\u00a0: page Web de l&#039;AJM 2026. Pour toute question, veuillez communiquer avec nous \u00e0 l&#039;adresse uoft.cip@utoronto.ca.<\/p>","protected":false},"author":471,"featured_media":0,"parent":0,"menu_order":0,"comment_status":"closed","ping_status":"closed","template":"","meta":{"footnotes":""},"class_list":["post-7788","page","type-page","status-publish","hentry","post-no-thumbnail"],"_links":{"self":[{"href":"https:\/\/citac-accfc.org\/fr\/wp-json\/wp\/v2\/pages\/7788","targetHints":{"allow":["GET"]}}],"collection":[{"href":"https:\/\/citac-accfc.org\/fr\/wp-json\/wp\/v2\/pages"}],"about":[{"href":"https:\/\/citac-accfc.org\/fr\/wp-json\/wp\/v2\/types\/page"}],"author":[{"embeddable":true,"href":"https:\/\/citac-accfc.org\/fr\/wp-json\/wp\/v2\/users\/471"}],"replies":[{"embeddable":true,"href":"https:\/\/citac-accfc.org\/fr\/wp-json\/wp\/v2\/comments?post=7788"}],"version-history":[{"count":10,"href":"https:\/\/citac-accfc.org\/fr\/wp-json\/wp\/v2\/pages\/7788\/revisions"}],"predecessor-version":[{"id":7799,"href":"https:\/\/citac-accfc.org\/fr\/wp-json\/wp\/v2\/pages\/7788\/revisions\/7799"}],"wp:attachment":[{"href":"https:\/\/citac-accfc.org\/fr\/wp-json\/wp\/v2\/media?parent=7788"}],"curies":[{"name":"wp","href":"https:\/\/api.w.org\/{rel}","templated":true}]}}